{"id":15795,"date":"2026-03-12T00:16:26","date_gmt":"2026-03-11T23:16:26","guid":{"rendered":"https:\/\/antiquariat-steinbach.com\/rarebooks\/produkt\/ranke-johannesder-mensch\/"},"modified":"2026-03-12T00:16:27","modified_gmt":"2026-03-11T23:16:27","slug":"medizin-ranke-johannes-der-mensch","status":"publish","type":"product","link":"https:\/\/antiquariat-steinbach.com\/rarebooks\/produkt\/medizin-ranke-johannes-der-mensch\/","title":{"rendered":"Medizin &#8211;   Ranke, Johannes: &#8211;  Der Mensch."},"content":{"rendered":"<p>Leipzig und Wien, Bibliographisches Institut 1888 &#8211; 1890.<\/p>\n<p>2 B\u00e4nde. 26 : 18 cm. Mit 32 farbigen chromolithographierten Tafeln, 991 Textholzschnitten und 6 Karten. Halblederb\u00e4nde der Zeit mit R\u00fcckenvergoldung.<\/p>\n<p>45,00 EUR<\/p>\n","protected":false},"excerpt":{"rendered":"<p>Band 1: Entwicklung, Bau und Leben des menschlichen K\u00f6rpers. &#8211; Band 2: Die heutigen und die vorgeschichtlichen Menschenrassen. &#8211; Auch kulturgeschichtlich interessant. &#8211; Band 2 im neuen Abdruck vorliegend.<\/p>\n","protected":false},"featured_media":15797,"template":"","meta":[],"product_brand":[],"product_cat":[179,914],"product_tag":[],"class_list":{"0":"post-15795","1":"product","2":"type-product","3":"status-publish","4":"has-post-thumbnail","6":"product_cat-medizin","7":"product_cat-zvab","9":"first","10":"instock","11":"purchasable","12":"product-type-simple"},"_links":{"self":[{"href":"https:\/\/antiquariat-steinbach.com\/rarebooks\/wp-json\/wp\/v2\/product\/15795","targetHints":{"allow":["GET"]}}],"collection":[{"href":"https:\/\/antiquariat-steinbach.com\/rarebooks\/wp-json\/wp\/v2\/product"}],"about":[{"href":"https:\/\/antiquariat-steinbach.com\/rarebooks\/wp-json\/wp\/v2\/types\/product"}],"version-history":[{"count":3,"href":"https:\/\/antiquariat-steinbach.com\/rarebooks\/wp-json\/wp\/v2\/product\/15795\/revisions"}],"predecessor-version":[{"id":23427,"href":"https:\/\/antiquariat-steinbach.com\/rarebooks\/wp-json\/wp\/v2\/product\/15795\/revisions\/23427"}],"wp:featuredmedia":[{"embeddable":true,"href":"https:\/\/antiquariat-steinbach.com\/rarebooks\/wp-json\/wp\/v2\/media\/15797"}],"wp:attachment":[{"href":"https:\/\/antiquariat-steinbach.com\/rarebooks\/wp-json\/wp\/v2\/media?parent=15795"}],"wp:term":[{"taxonomy":"product_brand","embeddable":true,"href":"https:\/\/antiquariat-steinbach.com\/rarebooks\/wp-json\/wp\/v2\/product_brand?post=15795"},{"taxonomy":"product_cat","embeddable":true,"href":"https:\/\/antiquariat-steinbach.com\/rarebooks\/wp-json\/wp\/v2\/product_cat?post=15795"},{"taxonomy":"product_tag","embeddable":true,"href":"https:\/\/antiquariat-steinbach.com\/rarebooks\/wp-json\/wp\/v2\/product_tag?post=15795"}],"curies":[{"name":"wp","href":"https:\/\/api.w.org\/{rel}","templated":true}]}}