{"id":15647,"date":"2026-03-12T00:18:25","date_gmt":"2026-03-11T23:18:25","guid":{"rendered":"https:\/\/antiquariat-steinbach.com\/rarebooks\/produkt\/oetker-dr-a-oetkers-rezepte-fuer-jedes-haus\/"},"modified":"2026-03-12T00:18:26","modified_gmt":"2026-03-11T23:18:26","slug":"oetker-dr-a-oetkers-rezepte-fuer-jedes-haus","status":"publish","type":"product","link":"https:\/\/antiquariat-steinbach.com\/rarebooks\/produkt\/oetker-dr-a-oetkers-rezepte-fuer-jedes-haus\/","title":{"rendered":"Oetker. &#8211;  Dr. A. Oetker&#8217;s Rezepte f\u00fcr jedes Haus."},"content":{"rendered":"<p>Bielefeld,  Oetker, ca. 1911.<\/p>\n<p>19,5 : 9,5 cm. 16 Seiten. Typografisch bedruckter Original Umschlag.<\/p>\n<p>20,00 EUR<\/p>\n","protected":false},"excerpt":{"rendered":"<p>Teils in Rot und Schwarz gedruckt. Enth\u00e4lt haupts\u00e4chlich  Rezepte f\u00fcr S\u00fc\u00dfspeisen. &#8211; Mit Werbung der General-Niederlassung f\u00fcr \u00d6sterreich-Ungarn A. Kaehler. &#8211;  Vorderer Umschlag mit leichtem Knick.<\/p>\n","protected":false},"featured_media":15649,"template":"","meta":[],"product_brand":[],"product_cat":[58,112,923,914],"product_tag":[],"class_list":{"0":"post-15647","1":"product","2":"type-product","3":"status-publish","4":"has-post-thumbnail","6":"product_cat-gastronomie","7":"product_cat-kochbuecher","8":"product_cat-lebensmittel","9":"product_cat-zvab","11":"first","12":"instock","13":"purchasable","14":"product-type-simple"},"_links":{"self":[{"href":"https:\/\/antiquariat-steinbach.com\/rarebooks\/wp-json\/wp\/v2\/product\/15647","targetHints":{"allow":["GET"]}}],"collection":[{"href":"https:\/\/antiquariat-steinbach.com\/rarebooks\/wp-json\/wp\/v2\/product"}],"about":[{"href":"https:\/\/antiquariat-steinbach.com\/rarebooks\/wp-json\/wp\/v2\/types\/product"}],"version-history":[{"count":2,"href":"https:\/\/antiquariat-steinbach.com\/rarebooks\/wp-json\/wp\/v2\/product\/15647\/revisions"}],"predecessor-version":[{"id":21093,"href":"https:\/\/antiquariat-steinbach.com\/rarebooks\/wp-json\/wp\/v2\/product\/15647\/revisions\/21093"}],"wp:featuredmedia":[{"embeddable":true,"href":"https:\/\/antiquariat-steinbach.com\/rarebooks\/wp-json\/wp\/v2\/media\/15649"}],"wp:attachment":[{"href":"https:\/\/antiquariat-steinbach.com\/rarebooks\/wp-json\/wp\/v2\/media?parent=15647"}],"wp:term":[{"taxonomy":"product_brand","embeddable":true,"href":"https:\/\/antiquariat-steinbach.com\/rarebooks\/wp-json\/wp\/v2\/product_brand?post=15647"},{"taxonomy":"product_cat","embeddable":true,"href":"https:\/\/antiquariat-steinbach.com\/rarebooks\/wp-json\/wp\/v2\/product_cat?post=15647"},{"taxonomy":"product_tag","embeddable":true,"href":"https:\/\/antiquariat-steinbach.com\/rarebooks\/wp-json\/wp\/v2\/product_tag?post=15647"}],"curies":[{"name":"wp","href":"https:\/\/api.w.org\/{rel}","templated":true}]}}