{"id":15633,"date":"2026-03-12T00:18:23","date_gmt":"2026-03-11T23:18:23","guid":{"rendered":"https:\/\/antiquariat-steinbach.com\/rarebooks\/produkt\/nuernberg-nuernberg\/"},"modified":"2026-03-12T00:18:24","modified_gmt":"2026-03-11T23:18:24","slug":"nuernberg-nuernberg","status":"publish","type":"product","link":"https:\/\/antiquariat-steinbach.com\/rarebooks\/produkt\/nuernberg-nuernberg\/","title":{"rendered":"N\u00fcrnberg-   N\u00fcrnberg."},"content":{"rendered":"<p>N\u00fcrnberg, ca. 1920<\/p>\n<p>7:5 : 9,5 cm. 12 Photographien. Original Papier-Umschlag.<\/p>\n<p>10,00 EUR<\/p>\n","protected":false},"excerpt":{"rendered":"<p>Zeigt die wichtigsten Pl\u00e4tze, Strassen und Geb\u00e4ude von N\u00fcrnberg.<\/p>\n","protected":false},"featured_media":15635,"template":"","meta":[],"product_brand":[],"product_cat":[74,106,914],"product_tag":[],"class_list":{"0":"post-15633","1":"product","2":"type-product","3":"status-publish","4":"has-post-thumbnail","6":"product_cat-deutschland","7":"product_cat-photographie","8":"product_cat-zvab","10":"first","11":"instock","12":"purchasable","13":"product-type-simple"},"_links":{"self":[{"href":"https:\/\/antiquariat-steinbach.com\/rarebooks\/wp-json\/wp\/v2\/product\/15633","targetHints":{"allow":["GET"]}}],"collection":[{"href":"https:\/\/antiquariat-steinbach.com\/rarebooks\/wp-json\/wp\/v2\/product"}],"about":[{"href":"https:\/\/antiquariat-steinbach.com\/rarebooks\/wp-json\/wp\/v2\/types\/product"}],"version-history":[{"count":2,"href":"https:\/\/antiquariat-steinbach.com\/rarebooks\/wp-json\/wp\/v2\/product\/15633\/revisions"}],"predecessor-version":[{"id":21078,"href":"https:\/\/antiquariat-steinbach.com\/rarebooks\/wp-json\/wp\/v2\/product\/15633\/revisions\/21078"}],"wp:featuredmedia":[{"embeddable":true,"href":"https:\/\/antiquariat-steinbach.com\/rarebooks\/wp-json\/wp\/v2\/media\/15635"}],"wp:attachment":[{"href":"https:\/\/antiquariat-steinbach.com\/rarebooks\/wp-json\/wp\/v2\/media?parent=15633"}],"wp:term":[{"taxonomy":"product_brand","embeddable":true,"href":"https:\/\/antiquariat-steinbach.com\/rarebooks\/wp-json\/wp\/v2\/product_brand?post=15633"},{"taxonomy":"product_cat","embeddable":true,"href":"https:\/\/antiquariat-steinbach.com\/rarebooks\/wp-json\/wp\/v2\/product_cat?post=15633"},{"taxonomy":"product_tag","embeddable":true,"href":"https:\/\/antiquariat-steinbach.com\/rarebooks\/wp-json\/wp\/v2\/product_tag?post=15633"}],"curies":[{"name":"wp","href":"https:\/\/api.w.org\/{rel}","templated":true}]}}