{"id":15610,"date":"2026-03-12T00:16:51","date_gmt":"2026-03-11T23:16:51","guid":{"rendered":"https:\/\/antiquariat-steinbach.com\/rarebooks\/produkt\/mozart-mozart-wolfgang-amadeus-die-zauberfloete-eine-deutsche-oper-in-zwei-aufzuegen\/"},"modified":"2026-03-12T00:16:52","modified_gmt":"2026-03-11T23:16:52","slug":"mozart-mozart-wolfgang-amadeus-die-zauberfloete-eine-deutsche-oper-in-zwei-aufzuegen","status":"publish","type":"product","link":"https:\/\/antiquariat-steinbach.com\/rarebooks\/produkt\/mozart-mozart-wolfgang-amadeus-die-zauberfloete-eine-deutsche-oper-in-zwei-aufzuegen\/","title":{"rendered":"Mozart &#8211;   Mozart, Wolfgang Amadeus. &#8211;  Die Zauberfl\u00f6te. Eine deutsche Oper in zwei Aufz\u00fcgen."},"content":{"rendered":"<p>Kassel, B\u00e4renreitsr-Verlag, 1991.<\/p>\n<p>16,5 : 14,5 cm. 255 Seiten mit einigen Abbildungen und Notenbeispielen. Illustrierter Original Karton.<\/p>\n<p>30,00 EUR<\/p>\n","protected":false},"excerpt":{"rendered":"<p>Kassel, B\u00e4renreitsr-Verlag, 1991. 16,5 : 14,5 cm. 255 Seiten mit einigen Abbildungen und Notenbeispielen. Illustrierter Original Karton. 30,00 EUR<\/p>\n","protected":false},"featured_media":0,"template":"","meta":[],"product_brand":[],"product_cat":[71,144,145,914],"product_tag":[],"class_list":{"0":"post-15610","1":"product","2":"type-product","3":"status-publish","5":"product_cat-austriaca","6":"product_cat-musik","7":"product_cat-theater","8":"product_cat-zvab","10":"first","11":"instock","12":"purchasable","13":"product-type-simple"},"_links":{"self":[{"href":"https:\/\/antiquariat-steinbach.com\/rarebooks\/wp-json\/wp\/v2\/product\/15610","targetHints":{"allow":["GET"]}}],"collection":[{"href":"https:\/\/antiquariat-steinbach.com\/rarebooks\/wp-json\/wp\/v2\/product"}],"about":[{"href":"https:\/\/antiquariat-steinbach.com\/rarebooks\/wp-json\/wp\/v2\/types\/product"}],"version-history":[{"count":2,"href":"https:\/\/antiquariat-steinbach.com\/rarebooks\/wp-json\/wp\/v2\/product\/15610\/revisions"}],"predecessor-version":[{"id":20954,"href":"https:\/\/antiquariat-steinbach.com\/rarebooks\/wp-json\/wp\/v2\/product\/15610\/revisions\/20954"}],"wp:attachment":[{"href":"https:\/\/antiquariat-steinbach.com\/rarebooks\/wp-json\/wp\/v2\/media?parent=15610"}],"wp:term":[{"taxonomy":"product_brand","embeddable":true,"href":"https:\/\/antiquariat-steinbach.com\/rarebooks\/wp-json\/wp\/v2\/product_brand?post=15610"},{"taxonomy":"product_cat","embeddable":true,"href":"https:\/\/antiquariat-steinbach.com\/rarebooks\/wp-json\/wp\/v2\/product_cat?post=15610"},{"taxonomy":"product_tag","embeddable":true,"href":"https:\/\/antiquariat-steinbach.com\/rarebooks\/wp-json\/wp\/v2\/product_tag?post=15610"}],"curies":[{"name":"wp","href":"https:\/\/api.w.org\/{rel}","templated":true}]}}