{"id":15567,"date":"2026-03-12T00:14:50","date_gmt":"2026-03-11T23:14:50","guid":{"rendered":"https:\/\/antiquariat-steinbach.com\/rarebooks\/produkt\/livre-de-poste-ou-etat-general-des-postes-ou-royaume-de-france\/"},"modified":"2026-03-12T00:14:52","modified_gmt":"2026-03-11T23:14:52","slug":"livre-de-poste-ou-etat-general-des-postes-ou-royaume-de-france","status":"publish","type":"product","link":"https:\/\/antiquariat-steinbach.com\/rarebooks\/produkt\/livre-de-poste-ou-etat-general-des-postes-ou-royaume-de-france\/","title":{"rendered":"Livre de Poste, ou \u00e9tat g\u00e9n\u00e9ral des Postes ou royaume de France. &#8211;"},"content":{"rendered":"<p>Paris, L&#8217;Imprimerie Royal, 1827.<\/p>\n<p>19,5 : 12,5 cm. 247 pagews, 1 many folded map. Contemporary interims wrappers.<\/p>\n<p>250,00 EUR<\/p>\n","protected":false},"excerpt":{"rendered":"<p>The many foled, detailled map shows all the postes of France.<\/p>\n","protected":false},"featured_media":0,"template":"","meta":[],"product_brand":[],"product_cat":[96,65,120,914],"product_tag":[],"class_list":{"0":"post-15567","1":"product","2":"type-product","3":"status-publish","5":"product_cat-frankreich","6":"product_cat-geographie","7":"product_cat-landkarten","8":"product_cat-zvab","10":"first","11":"instock","12":"purchasable","13":"product-type-simple"},"_links":{"self":[{"href":"https:\/\/antiquariat-steinbach.com\/rarebooks\/wp-json\/wp\/v2\/product\/15567","targetHints":{"allow":["GET"]}}],"collection":[{"href":"https:\/\/antiquariat-steinbach.com\/rarebooks\/wp-json\/wp\/v2\/product"}],"about":[{"href":"https:\/\/antiquariat-steinbach.com\/rarebooks\/wp-json\/wp\/v2\/types\/product"}],"version-history":[{"count":2,"href":"https:\/\/antiquariat-steinbach.com\/rarebooks\/wp-json\/wp\/v2\/product\/15567\/revisions"}],"predecessor-version":[{"id":20630,"href":"https:\/\/antiquariat-steinbach.com\/rarebooks\/wp-json\/wp\/v2\/product\/15567\/revisions\/20630"}],"wp:attachment":[{"href":"https:\/\/antiquariat-steinbach.com\/rarebooks\/wp-json\/wp\/v2\/media?parent=15567"}],"wp:term":[{"taxonomy":"product_brand","embeddable":true,"href":"https:\/\/antiquariat-steinbach.com\/rarebooks\/wp-json\/wp\/v2\/product_brand?post=15567"},{"taxonomy":"product_cat","embeddable":true,"href":"https:\/\/antiquariat-steinbach.com\/rarebooks\/wp-json\/wp\/v2\/product_cat?post=15567"},{"taxonomy":"product_tag","embeddable":true,"href":"https:\/\/antiquariat-steinbach.com\/rarebooks\/wp-json\/wp\/v2\/product_tag?post=15567"}],"curies":[{"name":"wp","href":"https:\/\/api.w.org\/{rel}","templated":true}]}}