{"id":15559,"date":"2026-03-12T00:14:29","date_gmt":"2026-03-11T23:14:29","guid":{"rendered":"https:\/\/antiquariat-steinbach.com\/rarebooks\/produkt\/lengl-m-lehrbuch-fuer-nadelarbeiten-stricken-haekeln-naehen-schnittzeichnen-etc\/"},"modified":"2026-03-12T00:14:31","modified_gmt":"2026-03-11T23:14:31","slug":"lengl-m-lehrbuch-fuer-nadelarbeiten-stricken-haekeln-naehen-schnittzeichnen-etc","status":"publish","type":"product","link":"https:\/\/antiquariat-steinbach.com\/rarebooks\/produkt\/lengl-m-lehrbuch-fuer-nadelarbeiten-stricken-haekeln-naehen-schnittzeichnen-etc\/","title":{"rendered":"Lengl, M. (?). &#8211;  Lehrbuch f\u00fcr Nadelarbeiten: Stricken, H\u00e4keln, N\u00e4hen, Schnittzeichnen etc."},"content":{"rendered":"<p>\u00d6sterreich 1935<\/p>\n<p>18 : 24,5 cm. 54 Blatt mit vielen Zeichnungen und 60 montierten Stoffmustern. Pappband mit Kordelbindung.<\/p>\n<p>280,00 EUR<\/p>\n","protected":false},"excerpt":{"rendered":"<p>Arbeitsbuch einer Sch\u00fclerinn einer Modeschule. Detailliert wird der Arbeitsplan beschrieben, der Lehrplan vom I. bis  zum IV. Jahrgang, die Herstellung der Rohmaterialien zum Stricken, H\u00e4ckeln, Stoffe etc. Beschreibung des Strickens eines &#8218;Haferlsocken&#8216; mit genauen Angaben, Stoffmustern und Preisangaben der Rohmaterialien, ein &#8218;Topfenfasser&#8216; mit Stoffmuster, Strickmuster von der 1. bis zur 4. Stufe mit montierten Mustern, Muster f\u00fcr Pullover, der Unterschied von Leinen und Baumwolle  mit Mustern, f\u00fcr verschiedene Kleidungsst\u00fccke mit Stoffmustern, Kelinarbeit usw.<\/p>\n","protected":false},"featured_media":0,"template":"","meta":[],"product_brand":[],"product_cat":[157,121,51,914],"product_tag":[],"class_list":{"0":"post-15559","1":"product","2":"type-product","3":"status-publish","5":"product_cat-handarbeit","6":"product_cat-mode","7":"product_cat-textil","8":"product_cat-zvab","10":"first","11":"instock","12":"purchasable","13":"product-type-simple"},"_links":{"self":[{"href":"https:\/\/antiquariat-steinbach.com\/rarebooks\/wp-json\/wp\/v2\/product\/15559","targetHints":{"allow":["GET"]}}],"collection":[{"href":"https:\/\/antiquariat-steinbach.com\/rarebooks\/wp-json\/wp\/v2\/product"}],"about":[{"href":"https:\/\/antiquariat-steinbach.com\/rarebooks\/wp-json\/wp\/v2\/types\/product"}],"version-history":[{"count":2,"href":"https:\/\/antiquariat-steinbach.com\/rarebooks\/wp-json\/wp\/v2\/product\/15559\/revisions"}],"predecessor-version":[{"id":20556,"href":"https:\/\/antiquariat-steinbach.com\/rarebooks\/wp-json\/wp\/v2\/product\/15559\/revisions\/20556"}],"wp:attachment":[{"href":"https:\/\/antiquariat-steinbach.com\/rarebooks\/wp-json\/wp\/v2\/media?parent=15559"}],"wp:term":[{"taxonomy":"product_brand","embeddable":true,"href":"https:\/\/antiquariat-steinbach.com\/rarebooks\/wp-json\/wp\/v2\/product_brand?post=15559"},{"taxonomy":"product_cat","embeddable":true,"href":"https:\/\/antiquariat-steinbach.com\/rarebooks\/wp-json\/wp\/v2\/product_cat?post=15559"},{"taxonomy":"product_tag","embeddable":true,"href":"https:\/\/antiquariat-steinbach.com\/rarebooks\/wp-json\/wp\/v2\/product_tag?post=15559"}],"curies":[{"name":"wp","href":"https:\/\/api.w.org\/{rel}","templated":true}]}}