{"id":15433,"date":"2026-03-12T00:08:37","date_gmt":"2026-03-11T23:08:37","guid":{"rendered":"https:\/\/antiquariat-steinbach.com\/rarebooks\/produkt\/guenther-otto-die-neue-garnier-und-modellierfibel-fuer-konditoren-nund-feinbaeckermit-vorlagen\/"},"modified":"2026-03-12T00:08:39","modified_gmt":"2026-03-11T23:08:39","slug":"guenther-otto-die-neue-garnier-und-modellierfibel-fuer-konditoren-nund-feinbaeckermit-vorlagen","status":"publish","type":"product","link":"https:\/\/antiquariat-steinbach.com\/rarebooks\/produkt\/guenther-otto-die-neue-garnier-und-modellierfibel-fuer-konditoren-nund-feinbaeckermit-vorlagen\/","title":{"rendered":"G\u00fcnther, Otto. &#8211;  Die neue Garnier- und Modellierfibel f\u00fcr Konditoren nund Feinb\u00e4ckermit Vorlagen."},"content":{"rendered":"<p>Berlin, Verlag die Wirtschaft, 1954.<\/p>\n<p>22 : 20,5 cm. 67 Seiten mit 79 Abbildungen, 38 Vorlagebl\u00e4tter. Original Leinenband.<\/p>\n<p>30,00 EUR<\/p>\n","protected":false},"excerpt":{"rendered":"<p>Komplett mit den oft fehlenden Beilage-Bl\u00e4ttern.<\/p>\n","protected":false},"featured_media":15435,"template":"","meta":[],"product_brand":[],"product_cat":[881,58,193,914],"product_tag":[],"class_list":{"0":"post-15433","1":"product","2":"type-product","3":"status-publish","4":"has-post-thumbnail","6":"product_cat-baeckerei","7":"product_cat-gastronomie","8":"product_cat-konditorei","9":"product_cat-zvab","11":"first","12":"instock","13":"purchasable","14":"product-type-simple"},"_links":{"self":[{"href":"https:\/\/antiquariat-steinbach.com\/rarebooks\/wp-json\/wp\/v2\/product\/15433","targetHints":{"allow":["GET"]}}],"collection":[{"href":"https:\/\/antiquariat-steinbach.com\/rarebooks\/wp-json\/wp\/v2\/product"}],"about":[{"href":"https:\/\/antiquariat-steinbach.com\/rarebooks\/wp-json\/wp\/v2\/types\/product"}],"version-history":[{"count":2,"href":"https:\/\/antiquariat-steinbach.com\/rarebooks\/wp-json\/wp\/v2\/product\/15433\/revisions"}],"predecessor-version":[{"id":19666,"href":"https:\/\/antiquariat-steinbach.com\/rarebooks\/wp-json\/wp\/v2\/product\/15433\/revisions\/19666"}],"wp:featuredmedia":[{"embeddable":true,"href":"https:\/\/antiquariat-steinbach.com\/rarebooks\/wp-json\/wp\/v2\/media\/15435"}],"wp:attachment":[{"href":"https:\/\/antiquariat-steinbach.com\/rarebooks\/wp-json\/wp\/v2\/media?parent=15433"}],"wp:term":[{"taxonomy":"product_brand","embeddable":true,"href":"https:\/\/antiquariat-steinbach.com\/rarebooks\/wp-json\/wp\/v2\/product_brand?post=15433"},{"taxonomy":"product_cat","embeddable":true,"href":"https:\/\/antiquariat-steinbach.com\/rarebooks\/wp-json\/wp\/v2\/product_cat?post=15433"},{"taxonomy":"product_tag","embeddable":true,"href":"https:\/\/antiquariat-steinbach.com\/rarebooks\/wp-json\/wp\/v2\/product_tag?post=15433"}],"curies":[{"name":"wp","href":"https:\/\/api.w.org\/{rel}","templated":true}]}}