{"id":1543,"date":"2026-03-12T00:02:56","date_gmt":"2026-03-11T23:02:56","guid":{"rendered":"http:\/\/antiquariat-steinbach.com\/rarebooks\/produkt\/1543\/"},"modified":"2026-03-12T00:02:59","modified_gmt":"2026-03-11T23:02:59","slug":"ceramica-espanola-la","status":"publish","type":"product","link":"https:\/\/antiquariat-steinbach.com\/rarebooks\/produkt\/ceramica-espanola-la\/","title":{"rendered":"Cer\u00e1mica Espa\u00f1ola, La: &#8211;"},"content":{"rendered":"<p>(Barcelona, Sim\u00f3 s.a.(ca. 1920).<\/p>\n<p>22,5 : 29 cm. 1 hoja Con 71 l\u00e1minas con muchas illustraci\u00f3nes en color, en parte montados. Encuadernaci\u00f3n editorial de media tela.<\/p>\n<p>2500,00 EUR<\/p>\n","protected":false},"excerpt":{"rendered":"<p>Precioso album con muestras de la cer\u00e1mica Espa\u00f1ola que la historia registra como una de las mas antiguas y admiradas, se ha distinguido siempre por la viveza de su colorido, belleza de forma y riqueza de sus policromados y reflejos. Las muestras en brillantes colores muestran el uso de la cer\u00e1mica en casa, jardines, palacios etc. tambien en cuadros, arreglo de flores, cuadros de santosetc. De extraordinaria riqueza de ejemplos de uso de cer\u00e1mica.<\/p>\n","protected":false},"featured_media":0,"template":"","meta":[],"product_brand":[],"product_cat":[178,148,914],"product_tag":[],"class_list":{"0":"post-1543","1":"product","2":"type-product","3":"status-publish","5":"product_cat-kunstgewerbe","6":"product_cat-spanien","7":"product_cat-zvab","9":"first","10":"instock","11":"purchasable","12":"product-type-simple"},"_links":{"self":[{"href":"https:\/\/antiquariat-steinbach.com\/rarebooks\/wp-json\/wp\/v2\/product\/1543","targetHints":{"allow":["GET"]}}],"collection":[{"href":"https:\/\/antiquariat-steinbach.com\/rarebooks\/wp-json\/wp\/v2\/product"}],"about":[{"href":"https:\/\/antiquariat-steinbach.com\/rarebooks\/wp-json\/wp\/v2\/types\/product"}],"version-history":[{"count":3,"href":"https:\/\/antiquariat-steinbach.com\/rarebooks\/wp-json\/wp\/v2\/product\/1543\/revisions"}],"predecessor-version":[{"id":18910,"href":"https:\/\/antiquariat-steinbach.com\/rarebooks\/wp-json\/wp\/v2\/product\/1543\/revisions\/18910"}],"wp:attachment":[{"href":"https:\/\/antiquariat-steinbach.com\/rarebooks\/wp-json\/wp\/v2\/media?parent=1543"}],"wp:term":[{"taxonomy":"product_brand","embeddable":true,"href":"https:\/\/antiquariat-steinbach.com\/rarebooks\/wp-json\/wp\/v2\/product_brand?post=1543"},{"taxonomy":"product_cat","embeddable":true,"href":"https:\/\/antiquariat-steinbach.com\/rarebooks\/wp-json\/wp\/v2\/product_cat?post=1543"},{"taxonomy":"product_tag","embeddable":true,"href":"https:\/\/antiquariat-steinbach.com\/rarebooks\/wp-json\/wp\/v2\/product_tag?post=1543"}],"curies":[{"name":"wp","href":"https:\/\/api.w.org\/{rel}","templated":true}]}}