{"id":1537,"date":"2026-03-12T00:02:56","date_gmt":"2026-03-11T23:02:56","guid":{"rendered":"http:\/\/antiquariat-steinbach.com\/rarebooks\/produkt\/die-indianer-nordamerikas-und-die-waehrend-eines-achtjaehrigen-aufenthaltes-unter-den-wildesten-ihrer-staemme-erlebten-abenteuer-und-schicksaloe\/"},"modified":"2026-03-12T00:02:58","modified_gmt":"2026-03-11T23:02:58","slug":"catlin-george-die-indianer-nordamerikas-und-die-waehrend-eines-achtjaehrigen-aufenthaltes-unter-den-wildesten-ihrer-staemme-erlebten-abenteuer-und-schicksaloe","status":"publish","type":"product","link":"https:\/\/antiquariat-steinbach.com\/rarebooks\/produkt\/catlin-george-die-indianer-nordamerikas-und-die-waehrend-eines-achtjaehrigen-aufenthaltes-unter-den-wildesten-ihrer-staemme-erlebten-abenteuer-und-schicksaloe\/","title":{"rendered":"Catlin, G(eorge): &#8211;  Die Indianer (Nordamerikas) und die w\u00e4hrend eines achtj\u00e4hrigen Aufenthaltes unter den wildesten ihrer St\u00e4mme erlebten Abenteuer und Schicksaloe."},"content":{"rendered":"<p>Berlin, Continent (1924).<\/p>\n<p>26,5 \u00a0 18 cm. 2 Blatt, 355 Seiten Mit 24 farbigen Tafeln nach Zeichnungen und Gem\u00e4lden des Verfassers. Original-Leinenband mit illustriertem Original-Umschlag.<\/p>\n<p>60,00 EUR<\/p>\n","protected":false},"excerpt":{"rendered":"<p>Der Original-Umschlag mit kleinen Einrissen, 2 Exlibris.<\/p>\n","protected":false},"featured_media":0,"template":"","meta":[],"product_brand":[],"product_cat":[128,65,914],"product_tag":[],"class_list":{"0":"post-1537","1":"product","2":"type-product","3":"status-publish","5":"product_cat-amerika","6":"product_cat-geographie","7":"product_cat-zvab","9":"first","10":"instock","11":"purchasable","12":"product-type-simple"},"_links":{"self":[{"href":"https:\/\/antiquariat-steinbach.com\/rarebooks\/wp-json\/wp\/v2\/product\/1537","targetHints":{"allow":["GET"]}}],"collection":[{"href":"https:\/\/antiquariat-steinbach.com\/rarebooks\/wp-json\/wp\/v2\/product"}],"about":[{"href":"https:\/\/antiquariat-steinbach.com\/rarebooks\/wp-json\/wp\/v2\/types\/product"}],"version-history":[{"count":3,"href":"https:\/\/antiquariat-steinbach.com\/rarebooks\/wp-json\/wp\/v2\/product\/1537\/revisions"}],"predecessor-version":[{"id":18908,"href":"https:\/\/antiquariat-steinbach.com\/rarebooks\/wp-json\/wp\/v2\/product\/1537\/revisions\/18908"}],"wp:attachment":[{"href":"https:\/\/antiquariat-steinbach.com\/rarebooks\/wp-json\/wp\/v2\/media?parent=1537"}],"wp:term":[{"taxonomy":"product_brand","embeddable":true,"href":"https:\/\/antiquariat-steinbach.com\/rarebooks\/wp-json\/wp\/v2\/product_brand?post=1537"},{"taxonomy":"product_cat","embeddable":true,"href":"https:\/\/antiquariat-steinbach.com\/rarebooks\/wp-json\/wp\/v2\/product_cat?post=1537"},{"taxonomy":"product_tag","embeddable":true,"href":"https:\/\/antiquariat-steinbach.com\/rarebooks\/wp-json\/wp\/v2\/product_tag?post=1537"}],"curies":[{"name":"wp","href":"https:\/\/api.w.org\/{rel}","templated":true}]}}