{"id":15368,"date":"2026-03-12T00:12:47","date_gmt":"2026-03-11T23:12:47","guid":{"rendered":"https:\/\/antiquariat-steinbach.com\/rarebooks\/produkt\/die-kleine-linzer-koechin\/"},"modified":"2026-03-12T00:12:49","modified_gmt":"2026-03-11T23:12:49","slug":"kochbuecher-die-kleine-linzer-koechin","status":"publish","type":"product","link":"https:\/\/antiquariat-steinbach.com\/rarebooks\/produkt\/kochbuecher-die-kleine-linzer-koechin\/","title":{"rendered":"Kochb\u00fccher &#8211;   Die kleine Linzer K\u00f6chin."},"content":{"rendered":"<p>Linz und M\u00fcnchen. Verlag des katholischen Pre\u00dfvereins, 1922,<\/p>\n<p>24. bis 33. Auflage 10 : 16 cm. Titel, 92 Seiten, 2 Blatt. Illustrierter Original Umschlag.<\/p>\n<p>30,00 EUR<\/p>\n","protected":false},"excerpt":{"rendered":"<p>Anleitung gut, schmackhaft und billig kochen zu lernen. In drei Teilen: Fleischspeisen, Mehl &#8211; und Fastenspeisen, Das Einmachen der Fr\u00fcchte.<\/p>\n","protected":false},"featured_media":15370,"template":"","meta":[],"product_brand":[],"product_cat":[881,58,112,914],"product_tag":[],"class_list":{"0":"post-15368","1":"product","2":"type-product","3":"status-publish","4":"has-post-thumbnail","6":"product_cat-baeckerei","7":"product_cat-gastronomie","8":"product_cat-kochbuecher","9":"product_cat-zvab","11":"first","12":"instock","13":"purchasable","14":"product-type-simple"},"_links":{"self":[{"href":"https:\/\/antiquariat-steinbach.com\/rarebooks\/wp-json\/wp\/v2\/product\/15368","targetHints":{"allow":["GET"]}}],"collection":[{"href":"https:\/\/antiquariat-steinbach.com\/rarebooks\/wp-json\/wp\/v2\/product"}],"about":[{"href":"https:\/\/antiquariat-steinbach.com\/rarebooks\/wp-json\/wp\/v2\/types\/product"}],"version-history":[{"count":2,"href":"https:\/\/antiquariat-steinbach.com\/rarebooks\/wp-json\/wp\/v2\/product\/15368\/revisions"}],"predecessor-version":[{"id":24474,"href":"https:\/\/antiquariat-steinbach.com\/rarebooks\/wp-json\/wp\/v2\/product\/15368\/revisions\/24474"}],"wp:featuredmedia":[{"embeddable":true,"href":"https:\/\/antiquariat-steinbach.com\/rarebooks\/wp-json\/wp\/v2\/media\/15370"}],"wp:attachment":[{"href":"https:\/\/antiquariat-steinbach.com\/rarebooks\/wp-json\/wp\/v2\/media?parent=15368"}],"wp:term":[{"taxonomy":"product_brand","embeddable":true,"href":"https:\/\/antiquariat-steinbach.com\/rarebooks\/wp-json\/wp\/v2\/product_brand?post=15368"},{"taxonomy":"product_cat","embeddable":true,"href":"https:\/\/antiquariat-steinbach.com\/rarebooks\/wp-json\/wp\/v2\/product_cat?post=15368"},{"taxonomy":"product_tag","embeddable":true,"href":"https:\/\/antiquariat-steinbach.com\/rarebooks\/wp-json\/wp\/v2\/product_tag?post=15368"}],"curies":[{"name":"wp","href":"https:\/\/api.w.org\/{rel}","templated":true}]}}