{"id":1531,"date":"2026-03-12T00:14:42","date_gmt":"2026-03-11T23:14:42","guid":{"rendered":"http:\/\/antiquariat-steinbach.com\/rarebooks\/produkt\/memoiren-meines-lebens\/"},"modified":"2026-03-12T00:14:43","modified_gmt":"2026-03-11T23:14:43","slug":"literatur-castelli-j-f-memoiren-meines-lebens","status":"publish","type":"product","link":"https:\/\/antiquariat-steinbach.com\/rarebooks\/produkt\/literatur-castelli-j-f-memoiren-meines-lebens\/","title":{"rendered":"Literatur &#8211;   Castelli, J.F: &#8211;  Memoiren meines Lebens."},"content":{"rendered":"<p>M\u00fcnchen, Georg M\u00fcller (1914).<\/p>\n<p>2 B\u00e4nde. 21 : 14 cm. XXXVII, 500 Seiten; 2 Blatt, 586 Seiten mit 70 Tafeln und 1 Faksimile. Original-Halblederb\u00e4nde mit reicher R\u00fcckenvergoldung, R\u00fcckenschild.<\/p>\n<p>120,00 EUR<\/p>\n","protected":false},"excerpt":{"rendered":"<p>Denkw\u00fcrdigkeiten aus Alt-\u00d6sterreich, Band 9 und 10. &#8211; Kanten gering berieben, Exlibris, sonst sch\u00f6nes Exemplar.<\/p>\n","protected":false},"featured_media":24541,"template":"","meta":[],"product_brand":[],"product_cat":[71,342,59,914],"product_tag":[],"class_list":{"0":"post-1531","1":"product","2":"type-product","3":"status-publish","4":"has-post-thumbnail","6":"product_cat-austriaca","7":"product_cat-ffm11","8":"product_cat-kulturgeschichte","9":"product_cat-zvab","11":"first","12":"instock","13":"purchasable","14":"product-type-simple"},"_links":{"self":[{"href":"https:\/\/antiquariat-steinbach.com\/rarebooks\/wp-json\/wp\/v2\/product\/1531","targetHints":{"allow":["GET"]}}],"collection":[{"href":"https:\/\/antiquariat-steinbach.com\/rarebooks\/wp-json\/wp\/v2\/product"}],"about":[{"href":"https:\/\/antiquariat-steinbach.com\/rarebooks\/wp-json\/wp\/v2\/types\/product"}],"version-history":[{"count":4,"href":"https:\/\/antiquariat-steinbach.com\/rarebooks\/wp-json\/wp\/v2\/product\/1531\/revisions"}],"predecessor-version":[{"id":24540,"href":"https:\/\/antiquariat-steinbach.com\/rarebooks\/wp-json\/wp\/v2\/product\/1531\/revisions\/24540"}],"wp:featuredmedia":[{"embeddable":true,"href":"https:\/\/antiquariat-steinbach.com\/rarebooks\/wp-json\/wp\/v2\/media\/24541"}],"wp:attachment":[{"href":"https:\/\/antiquariat-steinbach.com\/rarebooks\/wp-json\/wp\/v2\/media?parent=1531"}],"wp:term":[{"taxonomy":"product_brand","embeddable":true,"href":"https:\/\/antiquariat-steinbach.com\/rarebooks\/wp-json\/wp\/v2\/product_brand?post=1531"},{"taxonomy":"product_cat","embeddable":true,"href":"https:\/\/antiquariat-steinbach.com\/rarebooks\/wp-json\/wp\/v2\/product_cat?post=1531"},{"taxonomy":"product_tag","embeddable":true,"href":"https:\/\/antiquariat-steinbach.com\/rarebooks\/wp-json\/wp\/v2\/product_tag?post=1531"}],"curies":[{"name":"wp","href":"https:\/\/api.w.org\/{rel}","templated":true}]}}