{"id":15295,"date":"2026-03-12T00:02:19","date_gmt":"2026-03-11T23:02:19","guid":{"rendered":"https:\/\/antiquariat-steinbach.com\/rarebooks\/produkt\/bilek-kiaulehn-wather-ruedesheimer-fragmente\/"},"modified":"2026-03-12T00:02:19","modified_gmt":"2026-03-11T23:02:19","slug":"bilek-kiaulehn-wather-ruedesheimer-fragmente","status":"publish","type":"product","link":"https:\/\/antiquariat-steinbach.com\/rarebooks\/produkt\/bilek-kiaulehn-wather-ruedesheimer-fragmente\/","title":{"rendered":"Bilek &#8211;   Kiaulehn, Wather. &#8211;  R\u00fcdesheimer Fragmente."},"content":{"rendered":"<p>R\u00fcdesheim, Gr\u00fcnlack, 1949.<\/p>\n<p>20,5 : 13,5 cm. 100 Seiten mit Illustratinen von Franziska Bilek. Illustrierter Original Pappband.<\/p>\n<p>28,00 EUR<\/p>\n","protected":false},"excerpt":{"rendered":"<p>Nummeriertes Exemplar einer kleinen Auflage. Mit den reizenden Illustrationen von Franziska Bilek.<\/p>\n","protected":false},"featured_media":0,"template":"","meta":[],"product_brand":[],"product_cat":[74,43,32,914],"product_tag":[],"class_list":{"0":"post-15295","1":"product","2":"type-product","3":"status-publish","5":"product_cat-deutschland","6":"product_cat-illustrierte-buecher","7":"product_cat-literatur","8":"product_cat-zvab","10":"first","11":"instock","12":"purchasable","13":"product-type-simple"},"_links":{"self":[{"href":"https:\/\/antiquariat-steinbach.com\/rarebooks\/wp-json\/wp\/v2\/product\/15295","targetHints":{"allow":["GET"]}}],"collection":[{"href":"https:\/\/antiquariat-steinbach.com\/rarebooks\/wp-json\/wp\/v2\/product"}],"about":[{"href":"https:\/\/antiquariat-steinbach.com\/rarebooks\/wp-json\/wp\/v2\/types\/product"}],"version-history":[{"count":2,"href":"https:\/\/antiquariat-steinbach.com\/rarebooks\/wp-json\/wp\/v2\/product\/15295\/revisions"}],"predecessor-version":[{"id":18738,"href":"https:\/\/antiquariat-steinbach.com\/rarebooks\/wp-json\/wp\/v2\/product\/15295\/revisions\/18738"}],"wp:attachment":[{"href":"https:\/\/antiquariat-steinbach.com\/rarebooks\/wp-json\/wp\/v2\/media?parent=15295"}],"wp:term":[{"taxonomy":"product_brand","embeddable":true,"href":"https:\/\/antiquariat-steinbach.com\/rarebooks\/wp-json\/wp\/v2\/product_brand?post=15295"},{"taxonomy":"product_cat","embeddable":true,"href":"https:\/\/antiquariat-steinbach.com\/rarebooks\/wp-json\/wp\/v2\/product_cat?post=15295"},{"taxonomy":"product_tag","embeddable":true,"href":"https:\/\/antiquariat-steinbach.com\/rarebooks\/wp-json\/wp\/v2\/product_tag?post=15295"}],"curies":[{"name":"wp","href":"https:\/\/api.w.org\/{rel}","templated":true}]}}