{"id":15234,"date":"2026-03-12T00:26:39","date_gmt":"2026-03-11T23:26:39","guid":{"rendered":"https:\/\/antiquariat-steinbach.com\/rarebooks\/produkt\/widmungsexemplar-lothar-rudolph-das-wiener-burgtheater-ein-wahrzeichen-oestgerreichischer-kunst-und-kultur\/"},"modified":"2026-03-12T00:26:40","modified_gmt":"2026-03-11T23:26:40","slug":"widmungsexemplar-lothar-rudolph-das-wiener-burgtheater-ein-wahrzeichen-oestgerreichischer-kunst-und-kultur","status":"publish","type":"product","link":"https:\/\/antiquariat-steinbach.com\/rarebooks\/produkt\/widmungsexemplar-lothar-rudolph-das-wiener-burgtheater-ein-wahrzeichen-oestgerreichischer-kunst-und-kultur\/","title":{"rendered":"Widmungsexemplar &#8211;   Lothar, Rudolph. &#8211;  Das Wiener Burgtheater. Ein Wahrzeichen \u00f6stgerreichischer Kunst und Kultur."},"content":{"rendered":"<p>Wien, Augartenverlag, 1954.<\/p>\n<p>23,5 : 16 cm. 529 Seiten mit 194 Abbildungen. Original Lederband.<\/p>\n<p>80,00 EUR<\/p>\n","protected":false},"excerpt":{"rendered":"<p>Eines von 100 nummerierten Exemplaren der Vorzugsausgabe mit den Unterschriften s\u00e4mtlicher im Burgtheater t\u00e4tigen Personsn im Jahr 1954, vom Direktor \u00fcber die Regisseure, Hofschauspieler, Kammerschauspieler- und Spielerinnen, Signatur des Verfassers usw. &#8211; Einband gering berieben.<\/p>\n","protected":false},"featured_media":23475,"template":"","meta":[],"product_brand":[],"product_cat":[145,90,350,914],"product_tag":[],"class_list":{"0":"post-15234","1":"product","2":"type-product","3":"status-publish","4":"has-post-thumbnail","6":"product_cat-theater","7":"product_cat-viennensia","8":"product_cat-widmungsexemplar","9":"product_cat-zvab","11":"first","12":"instock","13":"purchasable","14":"product-type-simple"},"_links":{"self":[{"href":"https:\/\/antiquariat-steinbach.com\/rarebooks\/wp-json\/wp\/v2\/product\/15234","targetHints":{"allow":["GET"]}}],"collection":[{"href":"https:\/\/antiquariat-steinbach.com\/rarebooks\/wp-json\/wp\/v2\/product"}],"about":[{"href":"https:\/\/antiquariat-steinbach.com\/rarebooks\/wp-json\/wp\/v2\/types\/product"}],"version-history":[{"count":2,"href":"https:\/\/antiquariat-steinbach.com\/rarebooks\/wp-json\/wp\/v2\/product\/15234\/revisions"}],"predecessor-version":[{"id":22322,"href":"https:\/\/antiquariat-steinbach.com\/rarebooks\/wp-json\/wp\/v2\/product\/15234\/revisions\/22322"}],"wp:featuredmedia":[{"embeddable":true,"href":"https:\/\/antiquariat-steinbach.com\/rarebooks\/wp-json\/wp\/v2\/media\/23475"}],"wp:attachment":[{"href":"https:\/\/antiquariat-steinbach.com\/rarebooks\/wp-json\/wp\/v2\/media?parent=15234"}],"wp:term":[{"taxonomy":"product_brand","embeddable":true,"href":"https:\/\/antiquariat-steinbach.com\/rarebooks\/wp-json\/wp\/v2\/product_brand?post=15234"},{"taxonomy":"product_cat","embeddable":true,"href":"https:\/\/antiquariat-steinbach.com\/rarebooks\/wp-json\/wp\/v2\/product_cat?post=15234"},{"taxonomy":"product_tag","embeddable":true,"href":"https:\/\/antiquariat-steinbach.com\/rarebooks\/wp-json\/wp\/v2\/product_tag?post=15234"}],"curies":[{"name":"wp","href":"https:\/\/api.w.org\/{rel}","templated":true}]}}