{"id":15226,"date":"2026-03-12T00:26:37","date_gmt":"2026-03-11T23:26:37","guid":{"rendered":"https:\/\/antiquariat-steinbach.com\/rarebooks\/produkt\/widmungsexemplar-braumann-honsell-lilly-kleine-welt-grosse-welt-frauen-erleben-ein-jahrhundert-am-bodensee-sonderdruck-aus-neuauflage\/"},"modified":"2026-03-12T00:26:39","modified_gmt":"2026-03-11T23:26:39","slug":"widmungsexemplar-braumann-honsell-lilly-kleine-welt-grosse-welt-frauen-erleben-ein-jahrhundert-am-bodensee-sonderdruck-aus-neuauflage","status":"publish","type":"product","link":"https:\/\/antiquariat-steinbach.com\/rarebooks\/produkt\/widmungsexemplar-braumann-honsell-lilly-kleine-welt-grosse-welt-frauen-erleben-ein-jahrhundert-am-bodensee-sonderdruck-aus-neuauflage\/","title":{"rendered":"Widmungsexemplar &#8211;   Braumann-Honsell, Lilly. &#8211;  Kleine Welt &#8211; Gro\u00dfe Welt. Frauen erleben ein Jahrhundert am Bodensee. Sonderdruck aus Neuauflage."},"content":{"rendered":"<p>Konsstanz, Faude, 1981.<\/p>\n<p>20,5 : 14 cm. Seite 302 &#8211; 332, 1 Portrait. Original-Umschlag.<\/p>\n<p>60,00 EUR<\/p>\n","protected":false},"excerpt":{"rendered":"<p>Auf dem vorderen Umschlag mehrzeilige eingenh\u00e4ndige Widmung von Ekkehard Faude, dat. 5.X.81 an eine Frau Erna Schroeter in Basel, die als Erna Hirsch (Z\u00fcrich, u.a. Sekretariatsarbeiten f\u00fcr den Verleger Oprecht, also auch f\u00fcr zahlreiche Emigranten) auch in Thomas Manns Tageb\u00fcchern vorkommt.<\/p>\n","protected":false},"featured_media":0,"template":"","meta":[],"product_brand":[],"product_cat":[469,221,32,647,350,914],"product_tag":[],"class_list":{"0":"post-15226","1":"product","2":"type-product","3":"status-publish","5":"product_cat-bodensee","6":"product_cat-frauen","7":"product_cat-literatur","8":"product_cat-poesie","9":"product_cat-widmungsexemplar","10":"product_cat-zvab","12":"first","13":"instock","14":"purchasable","15":"product-type-simple"},"_links":{"self":[{"href":"https:\/\/antiquariat-steinbach.com\/rarebooks\/wp-json\/wp\/v2\/product\/15226","targetHints":{"allow":["GET"]}}],"collection":[{"href":"https:\/\/antiquariat-steinbach.com\/rarebooks\/wp-json\/wp\/v2\/product"}],"about":[{"href":"https:\/\/antiquariat-steinbach.com\/rarebooks\/wp-json\/wp\/v2\/types\/product"}],"version-history":[{"count":3,"href":"https:\/\/antiquariat-steinbach.com\/rarebooks\/wp-json\/wp\/v2\/product\/15226\/revisions"}],"predecessor-version":[{"id":22309,"href":"https:\/\/antiquariat-steinbach.com\/rarebooks\/wp-json\/wp\/v2\/product\/15226\/revisions\/22309"}],"wp:attachment":[{"href":"https:\/\/antiquariat-steinbach.com\/rarebooks\/wp-json\/wp\/v2\/media?parent=15226"}],"wp:term":[{"taxonomy":"product_brand","embeddable":true,"href":"https:\/\/antiquariat-steinbach.com\/rarebooks\/wp-json\/wp\/v2\/product_brand?post=15226"},{"taxonomy":"product_cat","embeddable":true,"href":"https:\/\/antiquariat-steinbach.com\/rarebooks\/wp-json\/wp\/v2\/product_cat?post=15226"},{"taxonomy":"product_tag","embeddable":true,"href":"https:\/\/antiquariat-steinbach.com\/rarebooks\/wp-json\/wp\/v2\/product_tag?post=15226"}],"curies":[{"name":"wp","href":"https:\/\/api.w.org\/{rel}","templated":true}]}}