{"id":15185,"date":"2026-03-12T00:18:54","date_gmt":"2026-03-11T23:18:54","guid":{"rendered":"https:\/\/antiquariat-steinbach.com\/rarebooks\/produkt\/pluchart-francoise-artitudes\/"},"modified":"2026-03-12T00:18:55","modified_gmt":"2026-03-11T23:18:55","slug":"pluchart-francoise-artitudes","status":"publish","type":"product","link":"https:\/\/antiquariat-steinbach.com\/rarebooks\/produkt\/pluchart-francoise-artitudes\/","title":{"rendered":"Pluchart, Francoise. &#8211;  arTitudes."},"content":{"rendered":"<p>Paris,  1971 &#8211; 1972.<\/p>\n<p>No. 2, 3 and 5. 40 : 28,5 cm. Each numb er 22 pages (including wrapper) with many illustrations. Original wrappers.<\/p>\n<p>180,00 EUR<\/p>\n","protected":false},"excerpt":{"rendered":"<p>Rare journal with many actual and interesting articles: &#8218;Dossiers noirs de la Biennale de Paris&#8216; &#8211; &#8218;L&#8217;architecture \u00e0 la Biennale&#8216; &#8211; New York Miscellaneous&#8216; &#8211; &#8218;L&#8217;artiste, un privil\u00e9gi\u00e9?&#8216; &#8211; &#8218;Brutale perc\u00e9e de l&#8217;art actuel &#8211; &#8218;Les humeurs de Dubuffet&#8216; &#8211; &#8218;Les aigreurs de Bac\u00f3n&#8216; &#8211; Francois Revel &#8218;Panique au Grand Palais&#8216; &#8211; Jean-Paul Thenot &#8218;Sondage-concours : la Cr\u00dfeation artistique en France de 1960 \u00e0 1972&#8216; &#8211; &#8218;Entretien avec Joseph Beuys&#8216; &#8211; Number 3 was folded and first page with small tear. &#8211; Rare.<\/p>\n","protected":false},"featured_media":15733,"template":"","meta":[],"product_brand":[],"product_cat":[29,172,96,69,252,914],"product_tag":[],"class_list":{"0":"post-15185","1":"product","2":"type-product","3":"status-publish","4":"has-post-thumbnail","6":"product_cat-20-jahrhundert","7":"product_cat-avantgarde-20-jahrhundert","8":"product_cat-frankreich","9":"product_cat-kunstgeschichte","10":"product_cat-kunstzeitschriften","11":"product_cat-zvab","13":"first","14":"instock","15":"purchasable","16":"product-type-simple"},"_links":{"self":[{"href":"https:\/\/antiquariat-steinbach.com\/rarebooks\/wp-json\/wp\/v2\/product\/15185","targetHints":{"allow":["GET"]}}],"collection":[{"href":"https:\/\/antiquariat-steinbach.com\/rarebooks\/wp-json\/wp\/v2\/product"}],"about":[{"href":"https:\/\/antiquariat-steinbach.com\/rarebooks\/wp-json\/wp\/v2\/types\/product"}],"version-history":[{"count":2,"href":"https:\/\/antiquariat-steinbach.com\/rarebooks\/wp-json\/wp\/v2\/product\/15185\/revisions"}],"predecessor-version":[{"id":21229,"href":"https:\/\/antiquariat-steinbach.com\/rarebooks\/wp-json\/wp\/v2\/product\/15185\/revisions\/21229"}],"wp:featuredmedia":[{"embeddable":true,"href":"https:\/\/antiquariat-steinbach.com\/rarebooks\/wp-json\/wp\/v2\/media\/15733"}],"wp:attachment":[{"href":"https:\/\/antiquariat-steinbach.com\/rarebooks\/wp-json\/wp\/v2\/media?parent=15185"}],"wp:term":[{"taxonomy":"product_brand","embeddable":true,"href":"https:\/\/antiquariat-steinbach.com\/rarebooks\/wp-json\/wp\/v2\/product_brand?post=15185"},{"taxonomy":"product_cat","embeddable":true,"href":"https:\/\/antiquariat-steinbach.com\/rarebooks\/wp-json\/wp\/v2\/product_cat?post=15185"},{"taxonomy":"product_tag","embeddable":true,"href":"https:\/\/antiquariat-steinbach.com\/rarebooks\/wp-json\/wp\/v2\/product_tag?post=15185"}],"curies":[{"name":"wp","href":"https:\/\/api.w.org\/{rel}","templated":true}]}}