{"id":15183,"date":"2026-03-12T00:18:52","date_gmt":"2026-03-11T23:18:52","guid":{"rendered":"https:\/\/antiquariat-steinbach.com\/rarebooks\/produkt\/plaene-plaene\/"},"modified":"2026-03-12T00:18:52","modified_gmt":"2026-03-11T23:18:52","slug":"plaene-plaene","status":"publish","type":"product","link":"https:\/\/antiquariat-steinbach.com\/rarebooks\/produkt\/plaene-plaene\/","title":{"rendered":"Pl\u00e4ne Pl\u00e4ne &#8211;"},"content":{"rendered":"<p>Dortmund, Pl\u00e4ne Verlag, ca. 1970.<\/p>\n<p>43 : 31 cm. 3 Blatt mit einigen Illustrationen.<\/p>\n<p>50,00 EUR<\/p>\n","protected":false},"excerpt":{"rendered":"<p>Links-orientierte politische Zeitung, des kleinen unabh\u00e4ngigen Verlages &#8218;pl\u00e4ne&#8216; in Dortmund.Mit Beitr\u00e4gen von Hans Dieter H\u00f6sch, PerryFriedmann u.a. &#8211; In Rot und Schwarz gedruckt.<\/p>\n","protected":false},"featured_media":15730,"template":"","meta":[],"product_brand":[],"product_cat":[74,610,190,230,609,914],"product_tag":[],"class_list":{"0":"post-15183","1":"product","2":"type-product","3":"status-publish","4":"has-post-thumbnail","6":"product_cat-deutschland","7":"product_cat-fruehe","8":"product_cat-politik","9":"product_cat-sozialgeschiche","10":"product_cat-zeitungen","11":"product_cat-zvab","13":"first","14":"instock","15":"purchasable","16":"product-type-simple"},"_links":{"self":[{"href":"https:\/\/antiquariat-steinbach.com\/rarebooks\/wp-json\/wp\/v2\/product\/15183","targetHints":{"allow":["GET"]}}],"collection":[{"href":"https:\/\/antiquariat-steinbach.com\/rarebooks\/wp-json\/wp\/v2\/product"}],"about":[{"href":"https:\/\/antiquariat-steinbach.com\/rarebooks\/wp-json\/wp\/v2\/types\/product"}],"version-history":[{"count":2,"href":"https:\/\/antiquariat-steinbach.com\/rarebooks\/wp-json\/wp\/v2\/product\/15183\/revisions"}],"predecessor-version":[{"id":21219,"href":"https:\/\/antiquariat-steinbach.com\/rarebooks\/wp-json\/wp\/v2\/product\/15183\/revisions\/21219"}],"wp:featuredmedia":[{"embeddable":true,"href":"https:\/\/antiquariat-steinbach.com\/rarebooks\/wp-json\/wp\/v2\/media\/15730"}],"wp:attachment":[{"href":"https:\/\/antiquariat-steinbach.com\/rarebooks\/wp-json\/wp\/v2\/media?parent=15183"}],"wp:term":[{"taxonomy":"product_brand","embeddable":true,"href":"https:\/\/antiquariat-steinbach.com\/rarebooks\/wp-json\/wp\/v2\/product_brand?post=15183"},{"taxonomy":"product_cat","embeddable":true,"href":"https:\/\/antiquariat-steinbach.com\/rarebooks\/wp-json\/wp\/v2\/product_cat?post=15183"},{"taxonomy":"product_tag","embeddable":true,"href":"https:\/\/antiquariat-steinbach.com\/rarebooks\/wp-json\/wp\/v2\/product_tag?post=15183"}],"curies":[{"name":"wp","href":"https:\/\/api.w.org\/{rel}","templated":true}]}}