{"id":15181,"date":"2026-03-12T00:18:30","date_gmt":"2026-03-11T23:18:30","guid":{"rendered":"https:\/\/antiquariat-steinbach.com\/rarebooks\/produkt\/original-experimentirkasten-meiser-mertig-experimentirkaesten-und-sammlungen-physikalischer-apparate\/"},"modified":"2026-03-12T00:18:30","modified_gmt":"2026-03-11T23:18:30","slug":"original-experimentirkasten-meiser-mertig-experimentirkaesten-und-sammlungen-physikalischer-apparate","status":"publish","type":"product","link":"https:\/\/antiquariat-steinbach.com\/rarebooks\/produkt\/original-experimentirkasten-meiser-mertig-experimentirkaesten-und-sammlungen-physikalischer-apparate\/","title":{"rendered":"Original &#8211; Experimentirkasten-   Meiser &#038; Mertig. &#8211;  Experimentirk\u00e4sten und Sammlungen physikalischer Apparate."},"content":{"rendered":"<p>Dresden, Meiser &#038; Mertig, 1900.<\/p>\n<p>27 : 38 : 11 cm. Original >Holzkasten mit Schliessen.<\/p>\n<p>1500,00 EUR<\/p>\n","protected":false},"excerpt":{"rendered":"<p>Sehr seltener Original Experimentierkasten enth\u00e4lt 28 Apparate zu allen Gebieten der Physik und dem Anleitungsbuch: Physik. 400 Versuche aus dem Gebiete der Mechanik, Akustik, W\u00e4rme, Optik, Elektricit\u00e4t. Uebungsbuch f\u00fcr den Experimentirkasten. Dresden 1900. 196 Seiten mit 400 Abbildungen + m50 Seiten Meiser&#038; Mertig&#8217;s Sammlungen physikalischer Apparate mit vielen Abbildungen, 10 Blatt Empfehlungen. Originalleinenband. + Preisverzeichnis ueber Apparate und Ger\u00e4the f\u00fcr Physik und Chemie.Dresden, Meiser &#038; Mertig, 1900. 88 Seiten mit viel Abbildungen Orignal-Uschlag. Wohl mit allen  dazugeh\u00f6rigen Teilen, so komlett ziemlich selten.<\/p>\n","protected":false},"featured_media":15659,"template":"","meta":[],"product_brand":[],"product_cat":[74,222,183,381,77,914],"product_tag":[],"class_list":{"0":"post-15181","1":"product","2":"type-product","3":"status-publish","4":"has-post-thumbnail","6":"product_cat-deutschland","7":"product_cat-optik","8":"product_cat-physik","9":"product_cat-spiele","10":"product_cat-technik","11":"product_cat-zvab","13":"first","14":"instock","15":"purchasable","16":"product-type-simple"},"_links":{"self":[{"href":"https:\/\/antiquariat-steinbach.com\/rarebooks\/wp-json\/wp\/v2\/product\/15181","targetHints":{"allow":["GET"]}}],"collection":[{"href":"https:\/\/antiquariat-steinbach.com\/rarebooks\/wp-json\/wp\/v2\/product"}],"about":[{"href":"https:\/\/antiquariat-steinbach.com\/rarebooks\/wp-json\/wp\/v2\/types\/product"}],"version-history":[{"count":2,"href":"https:\/\/antiquariat-steinbach.com\/rarebooks\/wp-json\/wp\/v2\/product\/15181\/revisions"}],"predecessor-version":[{"id":21110,"href":"https:\/\/antiquariat-steinbach.com\/rarebooks\/wp-json\/wp\/v2\/product\/15181\/revisions\/21110"}],"wp:featuredmedia":[{"embeddable":true,"href":"https:\/\/antiquariat-steinbach.com\/rarebooks\/wp-json\/wp\/v2\/media\/15659"}],"wp:attachment":[{"href":"https:\/\/antiquariat-steinbach.com\/rarebooks\/wp-json\/wp\/v2\/media?parent=15181"}],"wp:term":[{"taxonomy":"product_brand","embeddable":true,"href":"https:\/\/antiquariat-steinbach.com\/rarebooks\/wp-json\/wp\/v2\/product_brand?post=15181"},{"taxonomy":"product_cat","embeddable":true,"href":"https:\/\/antiquariat-steinbach.com\/rarebooks\/wp-json\/wp\/v2\/product_cat?post=15181"},{"taxonomy":"product_tag","embeddable":true,"href":"https:\/\/antiquariat-steinbach.com\/rarebooks\/wp-json\/wp\/v2\/product_tag?post=15181"}],"curies":[{"name":"wp","href":"https:\/\/api.w.org\/{rel}","templated":true}]}}