{"id":1505,"date":"2026-03-12T00:02:48","date_gmt":"2026-03-11T23:02:48","guid":{"rendered":"http:\/\/antiquariat-steinbach.com\/rarebooks\/produkt\/bildkalender-fuer-das-schlangenjahr-in-schablonendruck-minotoshi-katazome-egoyomi\/"},"modified":"2026-03-12T00:02:49","modified_gmt":"2026-03-11T23:02:49","slug":"calendar-bildkalender-fuer-das-schlangenjahr-in-schablonendruck-minotoshi-katazome-egoyomi","status":"publish","type":"product","link":"https:\/\/antiquariat-steinbach.com\/rarebooks\/produkt\/calendar-bildkalender-fuer-das-schlangenjahr-in-schablonendruck-minotoshi-katazome-egoyomi\/","title":{"rendered":"Calendar &#8211;   Bildkalender f\u00fcr das Schlangenjahr in Schablonendruck (Minotoshi Katazome Egoyomi)"},"content":{"rendered":"<p>Tokyo, Katei Gaho, 1988.<\/p>\n<p>43 : 31 cm. 12 Blatt in farbigen Schablonendruck In Original-Mappe mit Titelschiildchen<\/p>\n<p>260,00 EUR<\/p>\n","protected":false},"excerpt":{"rendered":"<p>12 Kalenderbl\u00e4tter f\u00fcr das Jahr 1989 in farbigen Schablonendruck (Kappazuri) auf Japanpapier in Schmuckmappe. Sehr dekorative Bl\u00e4tter. &#8211; Stencil dying pictorial calendar for year of the snkae. &#8218;Flowers of the tale of Genji&#8216;. &#8211; Der Genji Roman aus dem 11. Jahrhundert, ist der popul\u00e4rste Roman i Japan und wird immer wieder neu interpr\u00e4tiert und illustriert.<\/p>\n","protected":false},"featured_media":0,"template":"","meta":[],"product_brand":[],"product_cat":[361,70,117,914],"product_tag":[],"class_list":{"0":"post-1505","1":"product","2":"type-product","3":"status-publish","5":"product_cat-illustr-bue-20-j","6":"product_cat-japan","7":"product_cat-kalender","8":"product_cat-zvab","10":"first","11":"instock","12":"purchasable","13":"product-type-simple"},"_links":{"self":[{"href":"https:\/\/antiquariat-steinbach.com\/rarebooks\/wp-json\/wp\/v2\/product\/1505","targetHints":{"allow":["GET"]}}],"collection":[{"href":"https:\/\/antiquariat-steinbach.com\/rarebooks\/wp-json\/wp\/v2\/product"}],"about":[{"href":"https:\/\/antiquariat-steinbach.com\/rarebooks\/wp-json\/wp\/v2\/types\/product"}],"version-history":[{"count":3,"href":"https:\/\/antiquariat-steinbach.com\/rarebooks\/wp-json\/wp\/v2\/product\/1505\/revisions"}],"predecessor-version":[{"id":18891,"href":"https:\/\/antiquariat-steinbach.com\/rarebooks\/wp-json\/wp\/v2\/product\/1505\/revisions\/18891"}],"wp:attachment":[{"href":"https:\/\/antiquariat-steinbach.com\/rarebooks\/wp-json\/wp\/v2\/media?parent=1505"}],"wp:term":[{"taxonomy":"product_brand","embeddable":true,"href":"https:\/\/antiquariat-steinbach.com\/rarebooks\/wp-json\/wp\/v2\/product_brand?post=1505"},{"taxonomy":"product_cat","embeddable":true,"href":"https:\/\/antiquariat-steinbach.com\/rarebooks\/wp-json\/wp\/v2\/product_cat?post=1505"},{"taxonomy":"product_tag","embeddable":true,"href":"https:\/\/antiquariat-steinbach.com\/rarebooks\/wp-json\/wp\/v2\/product_tag?post=1505"}],"curies":[{"name":"wp","href":"https:\/\/api.w.org\/{rel}","templated":true}]}}