{"id":15029,"date":"2026-03-12T00:16:04","date_gmt":"2026-03-11T23:16:04","guid":{"rendered":"https:\/\/antiquariat-steinbach.com\/rarebooks\/produkt\/maeght-aime-collectif-chroniques-de-lart-vivant-no-3-juin-juillet-1969\/"},"modified":"2026-03-12T00:16:06","modified_gmt":"2026-03-11T23:16:06","slug":"maeght-aime-collectif-chroniques-de-lart-vivant-no-3-juin-juillet-1969","status":"publish","type":"product","link":"https:\/\/antiquariat-steinbach.com\/rarebooks\/produkt\/maeght-aime-collectif-chroniques-de-lart-vivant-no-3-juin-juillet-1969\/","title":{"rendered":"Maeght, Aim\u00e9, Collectif. &#8211;  Chroniques de l&#8217;Art Vivant. no. 3 Juin-Juillet 1969."},"content":{"rendered":"<p>Paris, 1969.<\/p>\n<p>38 : 28 cm. 31 pages with many photo- illustrations. Illustrated original wrappers.<\/p>\n<p>30,00 EUR<\/p>\n","protected":false},"excerpt":{"rendered":"<p>Contains: Schr\u00f6der-Sonnenstern &#8211; Poesie am\u00e9ricane &#8211; Faut-il sauver la route de C\u00e9zanne &#8211; Les Ballets Russes &#8211; Les Ballets Su\u00e9dois &#8211; Franken Szeemann, Otto Hahn, Miro etc.<\/p>\n","protected":false},"featured_media":15031,"template":"","meta":[],"product_brand":[],"product_cat":[29,96,105,252,914],"product_tag":[],"class_list":{"0":"post-15029","1":"product","2":"type-product","3":"status-publish","4":"has-post-thumbnail","6":"product_cat-20-jahrhundert","7":"product_cat-frankreich","8":"product_cat-kunst","9":"product_cat-kunstzeitschriften","10":"product_cat-zvab","12":"first","13":"instock","14":"purchasable","15":"product-type-simple"},"_links":{"self":[{"href":"https:\/\/antiquariat-steinbach.com\/rarebooks\/wp-json\/wp\/v2\/product\/15029","targetHints":{"allow":["GET"]}}],"collection":[{"href":"https:\/\/antiquariat-steinbach.com\/rarebooks\/wp-json\/wp\/v2\/product"}],"about":[{"href":"https:\/\/antiquariat-steinbach.com\/rarebooks\/wp-json\/wp\/v2\/types\/product"}],"version-history":[{"count":2,"href":"https:\/\/antiquariat-steinbach.com\/rarebooks\/wp-json\/wp\/v2\/product\/15029\/revisions"}],"predecessor-version":[{"id":20698,"href":"https:\/\/antiquariat-steinbach.com\/rarebooks\/wp-json\/wp\/v2\/product\/15029\/revisions\/20698"}],"wp:featuredmedia":[{"embeddable":true,"href":"https:\/\/antiquariat-steinbach.com\/rarebooks\/wp-json\/wp\/v2\/media\/15031"}],"wp:attachment":[{"href":"https:\/\/antiquariat-steinbach.com\/rarebooks\/wp-json\/wp\/v2\/media?parent=15029"}],"wp:term":[{"taxonomy":"product_brand","embeddable":true,"href":"https:\/\/antiquariat-steinbach.com\/rarebooks\/wp-json\/wp\/v2\/product_brand?post=15029"},{"taxonomy":"product_cat","embeddable":true,"href":"https:\/\/antiquariat-steinbach.com\/rarebooks\/wp-json\/wp\/v2\/product_cat?post=15029"},{"taxonomy":"product_tag","embeddable":true,"href":"https:\/\/antiquariat-steinbach.com\/rarebooks\/wp-json\/wp\/v2\/product_tag?post=15029"}],"curies":[{"name":"wp","href":"https:\/\/api.w.org\/{rel}","templated":true}]}}