{"id":1485,"date":"2026-03-12T00:02:46","date_gmt":"2026-03-11T23:02:46","guid":{"rendered":"http:\/\/antiquariat-steinbach.com\/rarebooks\/produkt\/das-neunzehnte-jahrhundert-des-thierreichs\/"},"modified":"2026-03-12T00:02:47","modified_gmt":"2026-03-11T23:02:47","slug":"butziger-gustav-das-neunzehnte-jahrhundert-des-thierreichs","status":"publish","type":"product","link":"https:\/\/antiquariat-steinbach.com\/rarebooks\/produkt\/butziger-gustav-das-neunzehnte-jahrhundert-des-thierreichs\/","title":{"rendered":"Butziger, Gustav: &#8211;  Das neunzehnte Jahrhundert des Thierreichs."},"content":{"rendered":"<p>Leipzig, Volckmar o.J. (ca. 1850).<\/p>\n<p>2. Auflage. 19 : 13 cm. 317 Seiten, 1 Blatt mit 81 lithographierten Tafeln von Patzschke nach Grandville. Pappband der Zeit mit illustriertem Vorderdeckel.<\/p>\n<p>70,00 EUR<\/p>\n","protected":false},"excerpt":{"rendered":"<p>Scharfe und witzige Satire auf die kulturellen, gesellschaftlichen und politischen Zust\u00e4nde im Deutschland der Restauration. Freie Bearbeitung der &#8218;Sc\u00e9nes de la vie priv\u00e9e et publiques des animaux&#8216;. Vorl\u00e4ufer von  Glasbrenners Reineke Fuchs und Orwells Farm der Tiere. -Nur vereinzel etwas stockfleckig; Einband gering angestaubt, R\u00fcckdeckel etwas fleckig.<\/p>\n","protected":false},"featured_media":14271,"template":"","meta":[],"product_brand":[],"product_cat":[43,32,103,914],"product_tag":[],"class_list":{"0":"post-1485","1":"product","2":"type-product","3":"status-publish","4":"has-post-thumbnail","6":"product_cat-illustrierte-buecher","7":"product_cat-literatur","8":"product_cat-michael","9":"product_cat-zvab","11":"first","12":"instock","13":"purchasable","14":"product-type-simple"},"_links":{"self":[{"href":"https:\/\/antiquariat-steinbach.com\/rarebooks\/wp-json\/wp\/v2\/product\/1485","targetHints":{"allow":["GET"]}}],"collection":[{"href":"https:\/\/antiquariat-steinbach.com\/rarebooks\/wp-json\/wp\/v2\/product"}],"about":[{"href":"https:\/\/antiquariat-steinbach.com\/rarebooks\/wp-json\/wp\/v2\/types\/product"}],"version-history":[{"count":3,"href":"https:\/\/antiquariat-steinbach.com\/rarebooks\/wp-json\/wp\/v2\/product\/1485\/revisions"}],"predecessor-version":[{"id":18880,"href":"https:\/\/antiquariat-steinbach.com\/rarebooks\/wp-json\/wp\/v2\/product\/1485\/revisions\/18880"}],"wp:featuredmedia":[{"embeddable":true,"href":"https:\/\/antiquariat-steinbach.com\/rarebooks\/wp-json\/wp\/v2\/media\/14271"}],"wp:attachment":[{"href":"https:\/\/antiquariat-steinbach.com\/rarebooks\/wp-json\/wp\/v2\/media?parent=1485"}],"wp:term":[{"taxonomy":"product_brand","embeddable":true,"href":"https:\/\/antiquariat-steinbach.com\/rarebooks\/wp-json\/wp\/v2\/product_brand?post=1485"},{"taxonomy":"product_cat","embeddable":true,"href":"https:\/\/antiquariat-steinbach.com\/rarebooks\/wp-json\/wp\/v2\/product_cat?post=1485"},{"taxonomy":"product_tag","embeddable":true,"href":"https:\/\/antiquariat-steinbach.com\/rarebooks\/wp-json\/wp\/v2\/product_tag?post=1485"}],"curies":[{"name":"wp","href":"https:\/\/api.w.org\/{rel}","templated":true}]}}