{"id":1477,"date":"2026-03-12T00:20:40","date_gmt":"2026-03-11T23:20:40","guid":{"rendered":"http:\/\/antiquariat-steinbach.com\/rarebooks\/produkt\/das-burgtheater\/"},"modified":"2026-03-12T00:20:42","modified_gmt":"2026-03-11T23:20:42","slug":"rub-otto-das-burgtheater","status":"publish","type":"product","link":"https:\/\/antiquariat-steinbach.com\/rarebooks\/produkt\/rub-otto-das-burgtheater\/","title":{"rendered":"Rub, Otto: &#8211;  Das Burgtheater."},"content":{"rendered":"<p>Wien, Knepler 1913.<\/p>\n<p>24 : 16 cm. XVI, 307 Seiten Typographisch bedruckter Original-Umschlag.<\/p>\n<p>50,00 EUR<\/p>\n","protected":false},"excerpt":{"rendered":"<p>Die seltene Original-Ausgabe! &#8211; Enth\u00e4lt ein chronologisches und alphabetisches Verzeichnis der vom 8. April 1776 &#8211; 1. Januar 1913 aufgef\u00fchrten St\u00fccke. &#8211; Umschlag mit wenigen winzigen Einrissen, sonst gutes Exemplar, &#8211; Gugitz I, 7532; Slg. Mayer 4273; Slg. Eckl I, 146.<\/p>\n","protected":false},"featured_media":26438,"template":"","meta":[],"product_brand":[],"product_cat":[71,145,90,914],"product_tag":[],"class_list":{"0":"post-1477","1":"product","2":"type-product","3":"status-publish","4":"has-post-thumbnail","6":"product_cat-austriaca","7":"product_cat-theater","8":"product_cat-viennensia","9":"product_cat-zvab","11":"first","12":"instock","13":"purchasable","14":"product-type-simple"},"_links":{"self":[{"href":"https:\/\/antiquariat-steinbach.com\/rarebooks\/wp-json\/wp\/v2\/product\/1477","targetHints":{"allow":["GET"]}}],"collection":[{"href":"https:\/\/antiquariat-steinbach.com\/rarebooks\/wp-json\/wp\/v2\/product"}],"about":[{"href":"https:\/\/antiquariat-steinbach.com\/rarebooks\/wp-json\/wp\/v2\/types\/product"}],"version-history":[{"count":5,"href":"https:\/\/antiquariat-steinbach.com\/rarebooks\/wp-json\/wp\/v2\/product\/1477\/revisions"}],"predecessor-version":[{"id":27903,"href":"https:\/\/antiquariat-steinbach.com\/rarebooks\/wp-json\/wp\/v2\/product\/1477\/revisions\/27903"}],"wp:featuredmedia":[{"embeddable":true,"href":"https:\/\/antiquariat-steinbach.com\/rarebooks\/wp-json\/wp\/v2\/media\/26438"}],"wp:attachment":[{"href":"https:\/\/antiquariat-steinbach.com\/rarebooks\/wp-json\/wp\/v2\/media?parent=1477"}],"wp:term":[{"taxonomy":"product_brand","embeddable":true,"href":"https:\/\/antiquariat-steinbach.com\/rarebooks\/wp-json\/wp\/v2\/product_brand?post=1477"},{"taxonomy":"product_cat","embeddable":true,"href":"https:\/\/antiquariat-steinbach.com\/rarebooks\/wp-json\/wp\/v2\/product_cat?post=1477"},{"taxonomy":"product_tag","embeddable":true,"href":"https:\/\/antiquariat-steinbach.com\/rarebooks\/wp-json\/wp\/v2\/product_tag?post=1477"}],"curies":[{"name":"wp","href":"https:\/\/api.w.org\/{rel}","templated":true}]}}