{"id":14760,"date":"2026-03-12T00:10:33","date_gmt":"2026-03-11T23:10:33","guid":{"rendered":"https:\/\/antiquariat-steinbach.com\/rarebooks\/produkt\/huete-wollmelangen-rezepte-fuer-saeurewalkechte-faerbungen-fuer-die-hutfabrikation\/"},"modified":"2026-03-12T00:10:35","modified_gmt":"2026-03-11T23:10:35","slug":"huete-wollmelangen-rezepte-fuer-saeurewalkechte-faerbungen-fuer-die-hutfabrikation","status":"publish","type":"product","link":"https:\/\/antiquariat-steinbach.com\/rarebooks\/produkt\/huete-wollmelangen-rezepte-fuer-saeurewalkechte-faerbungen-fuer-die-hutfabrikation\/","title":{"rendered":"H\u00fcte &#8211;   Wollmelangen. Rezepte f\u00fcr s\u00e4urewalkechte F\u00e4rbungen f\u00fcr die Hutfabrikation."},"content":{"rendered":"<p>Frankfurt\/Main, I.G. Farbenindustrie o.J, ca.1955<\/p>\n<p>21,5 : 15 cm. Mt 115 montierten Stoffmustern. Original Halbleinenband.<\/p>\n<p>75,00 EUR<\/p>\n","protected":false},"excerpt":{"rendered":"<p>Frankfurt\/Main, I.G. Farbenindustrie o.J, ca.1955 21,5 : 15 cm. Mt 115 montierten Stoffmustern. Original Halbleinenband. 75,00 EUR<\/p>\n","protected":false},"featured_media":14762,"template":"","meta":[],"product_brand":[],"product_cat":[74,347,121,77,51,914],"product_tag":[],"class_list":{"0":"post-14760","1":"product","2":"type-product","3":"status-publish","4":"has-post-thumbnail","6":"product_cat-deutschland","7":"product_cat-farben","8":"product_cat-mode","9":"product_cat-technik","10":"product_cat-textil","11":"product_cat-zvab","13":"first","14":"instock","15":"purchasable","16":"product-type-simple"},"_links":{"self":[{"href":"https:\/\/antiquariat-steinbach.com\/rarebooks\/wp-json\/wp\/v2\/product\/14760","targetHints":{"allow":["GET"]}}],"collection":[{"href":"https:\/\/antiquariat-steinbach.com\/rarebooks\/wp-json\/wp\/v2\/product"}],"about":[{"href":"https:\/\/antiquariat-steinbach.com\/rarebooks\/wp-json\/wp\/v2\/types\/product"}],"version-history":[{"count":2,"href":"https:\/\/antiquariat-steinbach.com\/rarebooks\/wp-json\/wp\/v2\/product\/14760\/revisions"}],"predecessor-version":[{"id":19955,"href":"https:\/\/antiquariat-steinbach.com\/rarebooks\/wp-json\/wp\/v2\/product\/14760\/revisions\/19955"}],"wp:featuredmedia":[{"embeddable":true,"href":"https:\/\/antiquariat-steinbach.com\/rarebooks\/wp-json\/wp\/v2\/media\/14762"}],"wp:attachment":[{"href":"https:\/\/antiquariat-steinbach.com\/rarebooks\/wp-json\/wp\/v2\/media?parent=14760"}],"wp:term":[{"taxonomy":"product_brand","embeddable":true,"href":"https:\/\/antiquariat-steinbach.com\/rarebooks\/wp-json\/wp\/v2\/product_brand?post=14760"},{"taxonomy":"product_cat","embeddable":true,"href":"https:\/\/antiquariat-steinbach.com\/rarebooks\/wp-json\/wp\/v2\/product_cat?post=14760"},{"taxonomy":"product_tag","embeddable":true,"href":"https:\/\/antiquariat-steinbach.com\/rarebooks\/wp-json\/wp\/v2\/product_tag?post=14760"}],"curies":[{"name":"wp","href":"https:\/\/api.w.org\/{rel}","templated":true}]}}