{"id":1471,"date":"2026-03-12T00:02:46","date_gmt":"2026-03-11T23:02:46","guid":{"rendered":"http:\/\/antiquariat-steinbach.com\/rarebooks\/produkt\/ansicht-des-alten-burgtheaters-am-michaelerplatz\/"},"modified":"2026-03-12T00:02:47","modified_gmt":"2026-03-11T23:02:47","slug":"burgtheater-ansicht-des-alten-burgtheaters-am-michaelerplatz","status":"publish","type":"product","link":"https:\/\/antiquariat-steinbach.com\/rarebooks\/produkt\/burgtheater-ansicht-des-alten-burgtheaters-am-michaelerplatz\/","title":{"rendered":"Burgtheater &#8211;   Ansicht des alten Burgtheaters am Michaelerplatz."},"content":{"rendered":"<p>Wien, 1870.<\/p>\n<p>35 : 19 cm. Farbige Original-Lithographie, gold geh\u00f6ht.<\/p>\n<p>450,00 EUR<\/p>\n","protected":false},"excerpt":{"rendered":"<p>Seltene Vedute des alten Burgtheaters am Michaelerplatz in Wien. Zeigt das alte Burgheater umrankt von Bl\u00fctenkr\u00e4nzen und Theatermasken, obenauf trohnt eine B\u00fcste des Herrn Schr\u00f6der. &#8211; Auf Karton montiert. &#8211; Selten.<\/p>\n","protected":false},"featured_media":15318,"template":"","meta":[],"product_brand":[],"product_cat":[145,90,914],"product_tag":[],"class_list":{"0":"post-1471","1":"product","2":"type-product","3":"status-publish","4":"has-post-thumbnail","6":"product_cat-theater","7":"product_cat-viennensia","8":"product_cat-zvab","10":"first","11":"instock","12":"purchasable","13":"product-type-simple"},"_links":{"self":[{"href":"https:\/\/antiquariat-steinbach.com\/rarebooks\/wp-json\/wp\/v2\/product\/1471","targetHints":{"allow":["GET"]}}],"collection":[{"href":"https:\/\/antiquariat-steinbach.com\/rarebooks\/wp-json\/wp\/v2\/product"}],"about":[{"href":"https:\/\/antiquariat-steinbach.com\/rarebooks\/wp-json\/wp\/v2\/types\/product"}],"version-history":[{"count":3,"href":"https:\/\/antiquariat-steinbach.com\/rarebooks\/wp-json\/wp\/v2\/product\/1471\/revisions"}],"predecessor-version":[{"id":18875,"href":"https:\/\/antiquariat-steinbach.com\/rarebooks\/wp-json\/wp\/v2\/product\/1471\/revisions\/18875"}],"wp:featuredmedia":[{"embeddable":true,"href":"https:\/\/antiquariat-steinbach.com\/rarebooks\/wp-json\/wp\/v2\/media\/15318"}],"wp:attachment":[{"href":"https:\/\/antiquariat-steinbach.com\/rarebooks\/wp-json\/wp\/v2\/media?parent=1471"}],"wp:term":[{"taxonomy":"product_brand","embeddable":true,"href":"https:\/\/antiquariat-steinbach.com\/rarebooks\/wp-json\/wp\/v2\/product_brand?post=1471"},{"taxonomy":"product_cat","embeddable":true,"href":"https:\/\/antiquariat-steinbach.com\/rarebooks\/wp-json\/wp\/v2\/product_cat?post=1471"},{"taxonomy":"product_tag","embeddable":true,"href":"https:\/\/antiquariat-steinbach.com\/rarebooks\/wp-json\/wp\/v2\/product_tag?post=1471"}],"curies":[{"name":"wp","href":"https:\/\/api.w.org\/{rel}","templated":true}]}}