{"id":14696,"date":"2026-03-12T00:08:56","date_gmt":"2026-03-11T23:08:56","guid":{"rendered":"https:\/\/antiquariat-steinbach.com\/rarebooks\/produkt\/haupt-hanna-von-der-hirschenmuehle-in-oberachern\/"},"modified":"2026-03-12T00:08:57","modified_gmt":"2026-03-11T23:08:57","slug":"haupt-hanna-von-der-hirschenmuehle-in-oberachern","status":"publish","type":"product","link":"https:\/\/antiquariat-steinbach.com\/rarebooks\/produkt\/haupt-hanna-von-der-hirschenmuehle-in-oberachern\/","title":{"rendered":"Haupt, Hanna. &#8211;  Von der Hirschenm\u00fchle in Oberachern."},"content":{"rendered":"<p>Karlsruhe, Hochschule f\u00fcr bildende K\u00fcnste, o.J. ca. 1950.<\/p>\n<p>15,5 : 11 cm. 14 Seiten mit Holzschnitten von Erika Sievert. Illustrierter Original Karton.<\/p>\n<p>15,00 EUR<\/p>\n","protected":false},"excerpt":{"rendered":"<p>Karlsruhe, Hochschule f\u00fcr bildende K\u00fcnste, o.J. ca. 1950. 15,5 : 11 cm. 14 Seiten mit Holzschnitten von Erika Sievert. Illustrierter&hellip;<\/p>\n","protected":false},"featured_media":0,"template":"","meta":[],"product_brand":[],"product_cat":[74,346,32,914],"product_tag":[],"class_list":{"0":"post-14696","1":"product","2":"type-product","3":"status-publish","5":"product_cat-deutschland","6":"product_cat-illustrated-books","7":"product_cat-literatur","8":"product_cat-zvab","10":"first","11":"instock","12":"purchasable","13":"product-type-simple"},"_links":{"self":[{"href":"https:\/\/antiquariat-steinbach.com\/rarebooks\/wp-json\/wp\/v2\/product\/14696","targetHints":{"allow":["GET"]}}],"collection":[{"href":"https:\/\/antiquariat-steinbach.com\/rarebooks\/wp-json\/wp\/v2\/product"}],"about":[{"href":"https:\/\/antiquariat-steinbach.com\/rarebooks\/wp-json\/wp\/v2\/types\/product"}],"version-history":[{"count":2,"href":"https:\/\/antiquariat-steinbach.com\/rarebooks\/wp-json\/wp\/v2\/product\/14696\/revisions"}],"predecessor-version":[{"id":19763,"href":"https:\/\/antiquariat-steinbach.com\/rarebooks\/wp-json\/wp\/v2\/product\/14696\/revisions\/19763"}],"wp:attachment":[{"href":"https:\/\/antiquariat-steinbach.com\/rarebooks\/wp-json\/wp\/v2\/media?parent=14696"}],"wp:term":[{"taxonomy":"product_brand","embeddable":true,"href":"https:\/\/antiquariat-steinbach.com\/rarebooks\/wp-json\/wp\/v2\/product_brand?post=14696"},{"taxonomy":"product_cat","embeddable":true,"href":"https:\/\/antiquariat-steinbach.com\/rarebooks\/wp-json\/wp\/v2\/product_cat?post=14696"},{"taxonomy":"product_tag","embeddable":true,"href":"https:\/\/antiquariat-steinbach.com\/rarebooks\/wp-json\/wp\/v2\/product_tag?post=14696"}],"curies":[{"name":"wp","href":"https:\/\/api.w.org\/{rel}","templated":true}]}}