{"id":14223,"date":"2026-03-12T00:00:19","date_gmt":"2026-03-11T23:00:19","guid":{"rendered":"https:\/\/antiquariat-steinbach.com\/rarebooks\/produkt\/alt-sammlung-kostbarer-aquarelle-zumeist-oesterreichischer-kuenstler-aus-fuerstlichem-besitz\/"},"modified":"2026-03-12T00:00:21","modified_gmt":"2026-03-11T23:00:21","slug":"alt-sammlung-kostbarer-aquarelle-zumeist-oesterreichischer-kuenstler-aus-fuerstlichem-besitz","status":"publish","type":"product","link":"https:\/\/antiquariat-steinbach.com\/rarebooks\/produkt\/alt-sammlung-kostbarer-aquarelle-zumeist-oesterreichischer-kuenstler-aus-fuerstlichem-besitz\/","title":{"rendered":"&#8218;Alt &#8211;   Sammlung kostbarer Aquarelle zumeist \u00f6sterreichischer K\u00fcnstler aus f\u00fcrstlichem Besitz."},"content":{"rendered":"<p>Leipzig, C.G. Boerner, 1924.<\/p>\n<p>26 : 20 cm. 34 Seiten mit 16 (1 farbigen) Tafeln. Original Karton.<\/p>\n<p>25,00 EUR<\/p>\n","protected":false},"excerpt":{"rendered":"<p>Neben Arbeite von Alt sind auch Arbeiten von Fendi, Ende, Pettenkofen, Schindler enthalten.<\/p>\n","protected":false},"featured_media":25933,"template":"","meta":[],"product_brand":[],"product_cat":[71,30,914],"product_tag":[],"class_list":{"0":"post-14223","1":"product","2":"type-product","3":"status-publish","4":"has-post-thumbnail","6":"product_cat-austriaca","7":"product_cat-malerei","8":"product_cat-zvab","10":"first","11":"instock","12":"purchasable","13":"product-type-simple"},"_links":{"self":[{"href":"https:\/\/antiquariat-steinbach.com\/rarebooks\/wp-json\/wp\/v2\/product\/14223","targetHints":{"allow":["GET"]}}],"collection":[{"href":"https:\/\/antiquariat-steinbach.com\/rarebooks\/wp-json\/wp\/v2\/product"}],"about":[{"href":"https:\/\/antiquariat-steinbach.com\/rarebooks\/wp-json\/wp\/v2\/types\/product"}],"version-history":[{"count":2,"href":"https:\/\/antiquariat-steinbach.com\/rarebooks\/wp-json\/wp\/v2\/product\/14223\/revisions"}],"predecessor-version":[{"id":18391,"href":"https:\/\/antiquariat-steinbach.com\/rarebooks\/wp-json\/wp\/v2\/product\/14223\/revisions\/18391"}],"wp:featuredmedia":[{"embeddable":true,"href":"https:\/\/antiquariat-steinbach.com\/rarebooks\/wp-json\/wp\/v2\/media\/25933"}],"wp:attachment":[{"href":"https:\/\/antiquariat-steinbach.com\/rarebooks\/wp-json\/wp\/v2\/media?parent=14223"}],"wp:term":[{"taxonomy":"product_brand","embeddable":true,"href":"https:\/\/antiquariat-steinbach.com\/rarebooks\/wp-json\/wp\/v2\/product_brand?post=14223"},{"taxonomy":"product_cat","embeddable":true,"href":"https:\/\/antiquariat-steinbach.com\/rarebooks\/wp-json\/wp\/v2\/product_cat?post=14223"},{"taxonomy":"product_tag","embeddable":true,"href":"https:\/\/antiquariat-steinbach.com\/rarebooks\/wp-json\/wp\/v2\/product_tag?post=14223"}],"curies":[{"name":"wp","href":"https:\/\/api.w.org\/{rel}","templated":true}]}}