{"id":1417,"date":"2026-03-12T00:02:41","date_gmt":"2026-03-11T23:02:41","guid":{"rendered":"http:\/\/antiquariat-steinbach.com\/rarebooks\/produkt\/archiv-fuer-buchgewerbe-und-gebrauchsgraphik\/"},"modified":"2026-03-12T00:02:41","modified_gmt":"2026-03-11T23:02:41","slug":"buch-und-schriftwesen-archiv-fuer-buchgewerbe-und-gebrauchsgraphik","status":"publish","type":"product","link":"https:\/\/antiquariat-steinbach.com\/rarebooks\/produkt\/buch-und-schriftwesen-archiv-fuer-buchgewerbe-und-gebrauchsgraphik\/","title":{"rendered":"Buch- und Schriftwesen &#8211;   Archiv f\u00fcr Buchgewerbe und Gebrauchsgraphik."},"content":{"rendered":"<p>Leipzig, Verlag des deutschen Buchgewerbevereins 1924.<\/p>\n<p>61. Jahrgang, Heft 4. 32,5 : 23 cm. 4 Blatt, Seiten 283 &#8211; 506, 2 Blatt Mit sehr vielen, teils montierten, teils farbigen Tafeln und Abbildungen, sowie Druckbeispielen. Illustrierter Original-Umschlag.<\/p>\n<p>150,00 EUR<\/p>\n","protected":false},"excerpt":{"rendered":"<p>Das seltene Sonderheft \u00fcber die duetschen Pressen- und bibliophilen Reihendrucke mit vielen Proben aus Drucken deutscher Pressen und bibliophiler Reihen z.B. der Bremer Presse, Ernst-Ludwig Presse, Kleucken-Presse, Rupprecht Presse, Avalundrucke, Daedalusdrucke, Phantasusdrucke, Werkgemeinschaft Worpswede u.a. Mit Beitr\u00e4gen von Hans Loubier, G.A.E. Bogeng, Julius Zeitler, Julius Rodenberg u.a. Ferner mit Beilagen zu Einb\u00e4nden zu Drucken deutscher Pressen wie E.A.Ender, H\u00fcbel &#038; Denck, H. Sperling u.a.<\/p>\n","protected":false},"featured_media":23179,"template":"","meta":[],"product_brand":[],"product_cat":[99,153,914],"product_tag":[],"class_list":{"0":"post-1417","1":"product","2":"type-product","3":"status-publish","4":"has-post-thumbnail","6":"product_cat-buchwesen","7":"product_cat-graphik","8":"product_cat-zvab","10":"first","11":"instock","12":"purchasable","13":"product-type-simple"},"_links":{"self":[{"href":"https:\/\/antiquariat-steinbach.com\/rarebooks\/wp-json\/wp\/v2\/product\/1417","targetHints":{"allow":["GET"]}}],"collection":[{"href":"https:\/\/antiquariat-steinbach.com\/rarebooks\/wp-json\/wp\/v2\/product"}],"about":[{"href":"https:\/\/antiquariat-steinbach.com\/rarebooks\/wp-json\/wp\/v2\/types\/product"}],"version-history":[{"count":4,"href":"https:\/\/antiquariat-steinbach.com\/rarebooks\/wp-json\/wp\/v2\/product\/1417\/revisions"}],"predecessor-version":[{"id":23301,"href":"https:\/\/antiquariat-steinbach.com\/rarebooks\/wp-json\/wp\/v2\/product\/1417\/revisions\/23301"}],"wp:featuredmedia":[{"embeddable":true,"href":"https:\/\/antiquariat-steinbach.com\/rarebooks\/wp-json\/wp\/v2\/media\/23179"}],"wp:attachment":[{"href":"https:\/\/antiquariat-steinbach.com\/rarebooks\/wp-json\/wp\/v2\/media?parent=1417"}],"wp:term":[{"taxonomy":"product_brand","embeddable":true,"href":"https:\/\/antiquariat-steinbach.com\/rarebooks\/wp-json\/wp\/v2\/product_brand?post=1417"},{"taxonomy":"product_cat","embeddable":true,"href":"https:\/\/antiquariat-steinbach.com\/rarebooks\/wp-json\/wp\/v2\/product_cat?post=1417"},{"taxonomy":"product_tag","embeddable":true,"href":"https:\/\/antiquariat-steinbach.com\/rarebooks\/wp-json\/wp\/v2\/product_tag?post=1417"}],"curies":[{"name":"wp","href":"https:\/\/api.w.org\/{rel}","templated":true}]}}