{"id":1379,"date":"2026-03-12T00:02:37","date_gmt":"2026-03-11T23:02:37","guid":{"rendered":"http:\/\/antiquariat-steinbach.com\/rarebooks\/produkt\/der-freiherr-von-sandau-oder-die-gemischte-ehe\/"},"modified":"2026-03-12T00:02:38","modified_gmt":"2026-03-11T23:02:38","slug":"bretschneider-k-g-der-freiherr-von-sandau-oder-die-gemischte-ehe","status":"publish","type":"product","link":"https:\/\/antiquariat-steinbach.com\/rarebooks\/produkt\/bretschneider-k-g-der-freiherr-von-sandau-oder-die-gemischte-ehe\/","title":{"rendered":"Bretschneider, K.G: &#8211;  Der Freiherr von Sandau oder die gemischte Ehe."},"content":{"rendered":"<p>Halle, Schwetschke 1839.<\/p>\n<p>2. Auflage. 21 : 13,5 cm. 210 Seiten, 2 Blatt Halbleinenband der Zeit.<\/p>\n<p>60,00 EUR<\/p>\n","protected":false},"excerpt":{"rendered":"<p>Diese Schrift hat den Zweck, ein unbefangenes Urtheil \u00fcber die jetzigen Ma\u00dfregeln des r\u00f6mischen Stuhls gegen die evangelischen Regierungen Deutschlands und gegen die gemischten Ehen zu vermitteln, der dadurch angeregten Erbitterung zwischen Katholiken und Evangelischen zu steuern (ADB III, 319).<\/p>\n","protected":false},"featured_media":14253,"template":"","meta":[],"product_brand":[],"product_cat":[32,103,914],"product_tag":[],"class_list":{"0":"post-1379","1":"product","2":"type-product","3":"status-publish","4":"has-post-thumbnail","6":"product_cat-literatur","7":"product_cat-michael","8":"product_cat-zvab","10":"first","11":"instock","12":"purchasable","13":"product-type-simple"},"_links":{"self":[{"href":"https:\/\/antiquariat-steinbach.com\/rarebooks\/wp-json\/wp\/v2\/product\/1379","targetHints":{"allow":["GET"]}}],"collection":[{"href":"https:\/\/antiquariat-steinbach.com\/rarebooks\/wp-json\/wp\/v2\/product"}],"about":[{"href":"https:\/\/antiquariat-steinbach.com\/rarebooks\/wp-json\/wp\/v2\/types\/product"}],"version-history":[{"count":3,"href":"https:\/\/antiquariat-steinbach.com\/rarebooks\/wp-json\/wp\/v2\/product\/1379\/revisions"}],"predecessor-version":[{"id":18827,"href":"https:\/\/antiquariat-steinbach.com\/rarebooks\/wp-json\/wp\/v2\/product\/1379\/revisions\/18827"}],"wp:featuredmedia":[{"embeddable":true,"href":"https:\/\/antiquariat-steinbach.com\/rarebooks\/wp-json\/wp\/v2\/media\/14253"}],"wp:attachment":[{"href":"https:\/\/antiquariat-steinbach.com\/rarebooks\/wp-json\/wp\/v2\/media?parent=1379"}],"wp:term":[{"taxonomy":"product_brand","embeddable":true,"href":"https:\/\/antiquariat-steinbach.com\/rarebooks\/wp-json\/wp\/v2\/product_brand?post=1379"},{"taxonomy":"product_cat","embeddable":true,"href":"https:\/\/antiquariat-steinbach.com\/rarebooks\/wp-json\/wp\/v2\/product_cat?post=1379"},{"taxonomy":"product_tag","embeddable":true,"href":"https:\/\/antiquariat-steinbach.com\/rarebooks\/wp-json\/wp\/v2\/product_tag?post=1379"}],"curies":[{"name":"wp","href":"https:\/\/api.w.org\/{rel}","templated":true}]}}