{"id":1377,"date":"2026-03-12T00:12:49","date_gmt":"2026-03-11T23:12:49","guid":{"rendered":"http:\/\/antiquariat-steinbach.com\/rarebooks\/produkt\/das-baeckergewerbe\/"},"modified":"2026-03-12T00:12:49","modified_gmt":"2026-03-11T23:12:49","slug":"kochbuecher-bretschneider-guido-das-baeckergewerbe","status":"publish","type":"product","link":"https:\/\/antiquariat-steinbach.com\/rarebooks\/produkt\/kochbuecher-bretschneider-guido-das-baeckergewerbe\/","title":{"rendered":"Kochb\u00fccher &#8211;   Bretschneider, Guido: &#8211;  Das B\u00e4ckergewerbe."},"content":{"rendered":"<p>Leipzig, Voigt o.J. (um 1935).<\/p>\n<p>28 : 20 cm. XV, 362 Seiten, 1 Blatt mit 27 teils farbigen Tafeln und \u00fcber 100 Abbildungen. Original-Leinenband.<\/p>\n<p>25,00 EUR<\/p>\n","protected":false},"excerpt":{"rendered":"<p>Umfangreiches Handbuch. Von den Grundmaterialen des B\u00e4ckers, \u00fcber die Maschinen, bis zur Herstellung von Brot, Backwaren und Feinb\u00e4ckerei.<\/p>\n","protected":false},"featured_media":24476,"template":"","meta":[],"product_brand":[],"product_cat":[58,914],"product_tag":[],"class_list":{"0":"post-1377","1":"product","2":"type-product","3":"status-publish","4":"has-post-thumbnail","6":"product_cat-gastronomie","7":"product_cat-zvab","9":"first","10":"instock","11":"purchasable","12":"product-type-simple"},"_links":{"self":[{"href":"https:\/\/antiquariat-steinbach.com\/rarebooks\/wp-json\/wp\/v2\/product\/1377","targetHints":{"allow":["GET"]}}],"collection":[{"href":"https:\/\/antiquariat-steinbach.com\/rarebooks\/wp-json\/wp\/v2\/product"}],"about":[{"href":"https:\/\/antiquariat-steinbach.com\/rarebooks\/wp-json\/wp\/v2\/types\/product"}],"version-history":[{"count":4,"href":"https:\/\/antiquariat-steinbach.com\/rarebooks\/wp-json\/wp\/v2\/product\/1377\/revisions"}],"predecessor-version":[{"id":24475,"href":"https:\/\/antiquariat-steinbach.com\/rarebooks\/wp-json\/wp\/v2\/product\/1377\/revisions\/24475"}],"wp:featuredmedia":[{"embeddable":true,"href":"https:\/\/antiquariat-steinbach.com\/rarebooks\/wp-json\/wp\/v2\/media\/24476"}],"wp:attachment":[{"href":"https:\/\/antiquariat-steinbach.com\/rarebooks\/wp-json\/wp\/v2\/media?parent=1377"}],"wp:term":[{"taxonomy":"product_brand","embeddable":true,"href":"https:\/\/antiquariat-steinbach.com\/rarebooks\/wp-json\/wp\/v2\/product_brand?post=1377"},{"taxonomy":"product_cat","embeddable":true,"href":"https:\/\/antiquariat-steinbach.com\/rarebooks\/wp-json\/wp\/v2\/product_cat?post=1377"},{"taxonomy":"product_tag","embeddable":true,"href":"https:\/\/antiquariat-steinbach.com\/rarebooks\/wp-json\/wp\/v2\/product_tag?post=1377"}],"curies":[{"name":"wp","href":"https:\/\/api.w.org\/{rel}","templated":true}]}}