{"id":1361,"date":"2026-03-12T00:02:35","date_gmt":"2026-03-11T23:02:35","guid":{"rendered":"http:\/\/antiquariat-steinbach.com\/rarebooks\/produkt\/das-maerchen-von-komanditchen\/"},"modified":"2026-03-12T00:02:37","modified_gmt":"2026-03-11T23:02:37","slug":"brentano-clemens-das-maerchen-von-komanditchen","status":"publish","type":"product","link":"https:\/\/antiquariat-steinbach.com\/rarebooks\/produkt\/brentano-clemens-das-maerchen-von-komanditchen\/","title":{"rendered":"Brentano, Clemens: &#8211;  Das M\u00e4rchen von Komanditchen."},"content":{"rendered":"<p>Leipzig, Verlag der Diovis-B\u00fccher 1924.<\/p>\n<p>27 : 20 cm. 54 Seiten, 1 Blatt Mit 6 farbigen Orginal-Lithographien von Maria Krau\u00df. Farbig illustrierter Original-Pappband.<\/p>\n<p>80,00 EUR<\/p>\n","protected":false},"excerpt":{"rendered":"<p>Eines von 1000 nummerierten Exemplaren. GEdruckt in der Wei\u00df-Fraktur auf handgesch\u00f6pftem Zerkal-B\u00fctten. &#8211; Rechtes Gelenk angebrochen.<\/p>\n","protected":false},"featured_media":0,"template":"","meta":[],"product_brand":[],"product_cat":[60,137,914],"product_tag":[],"class_list":{"0":"post-1361","1":"product","2":"type-product","3":"status-publish","5":"product_cat-kinderbuecher","6":"product_cat-maerchen","7":"product_cat-zvab","9":"first","10":"instock","11":"purchasable","12":"product-type-simple"},"_links":{"self":[{"href":"https:\/\/antiquariat-steinbach.com\/rarebooks\/wp-json\/wp\/v2\/product\/1361","targetHints":{"allow":["GET"]}}],"collection":[{"href":"https:\/\/antiquariat-steinbach.com\/rarebooks\/wp-json\/wp\/v2\/product"}],"about":[{"href":"https:\/\/antiquariat-steinbach.com\/rarebooks\/wp-json\/wp\/v2\/types\/product"}],"version-history":[{"count":3,"href":"https:\/\/antiquariat-steinbach.com\/rarebooks\/wp-json\/wp\/v2\/product\/1361\/revisions"}],"predecessor-version":[{"id":18819,"href":"https:\/\/antiquariat-steinbach.com\/rarebooks\/wp-json\/wp\/v2\/product\/1361\/revisions\/18819"}],"wp:attachment":[{"href":"https:\/\/antiquariat-steinbach.com\/rarebooks\/wp-json\/wp\/v2\/media?parent=1361"}],"wp:term":[{"taxonomy":"product_brand","embeddable":true,"href":"https:\/\/antiquariat-steinbach.com\/rarebooks\/wp-json\/wp\/v2\/product_brand?post=1361"},{"taxonomy":"product_cat","embeddable":true,"href":"https:\/\/antiquariat-steinbach.com\/rarebooks\/wp-json\/wp\/v2\/product_cat?post=1361"},{"taxonomy":"product_tag","embeddable":true,"href":"https:\/\/antiquariat-steinbach.com\/rarebooks\/wp-json\/wp\/v2\/product_tag?post=1361"}],"curies":[{"name":"wp","href":"https:\/\/api.w.org\/{rel}","templated":true}]}}