{"id":1359,"date":"2026-03-12T00:02:35","date_gmt":"2026-03-11T23:02:35","guid":{"rendered":"http:\/\/antiquariat-steinbach.com\/rarebooks\/produkt\/die-bremer-presse-und-ihre-zeit-ein-hoehepunkt-deutscher-buchkunst\/"},"modified":"2026-03-12T00:02:37","modified_gmt":"2026-03-11T23:02:37","slug":"bremer-presse-knoll-bernhard-helmut-reich-dieter-truejen-bearebeitet-die-bremer-presse-und-ihre-zeit-ein-hoehepunkt-deutscher-buchkunst","status":"publish","type":"product","link":"https:\/\/antiquariat-steinbach.com\/rarebooks\/produkt\/bremer-presse-knoll-bernhard-helmut-reich-dieter-truejen-bearebeitet-die-bremer-presse-und-ihre-zeit-ein-hoehepunkt-deutscher-buchkunst\/","title":{"rendered":"Bremer Presse &#8211;   Knoll, Bernhard, Helmut Reich, Dieter Tr\u00fcjen (Bearebeitet). &#8211;  Die Bremer Presse und ihre Zeit. Ein H\u00f6hepunkt deutscher Buchkunst."},"content":{"rendered":"<p>Bremen,  Tr\u00fcjen, 1977.<\/p>\n<p>21 : 30 cm. Mit vielen Abbildungen. Original Halbleinenband.<\/p>\n<p>25,00 EUR<\/p>\n","protected":false},"excerpt":{"rendered":"<p>Bremen, Tr\u00fcjen, 1977. 21 : 30 cm. Mit vielen Abbildungen. Original Halbleinenband. 25,00 EUR<\/p>\n","protected":false},"featured_media":0,"template":"","meta":[],"product_brand":[],"product_cat":[74,43,46,914],"product_tag":[],"class_list":{"0":"post-1359","1":"product","2":"type-product","3":"status-publish","5":"product_cat-deutschland","6":"product_cat-illustrierte-buecher","7":"product_cat-pressendrucke","8":"product_cat-zvab","10":"first","11":"instock","12":"purchasable","13":"product-type-simple"},"_links":{"self":[{"href":"https:\/\/antiquariat-steinbach.com\/rarebooks\/wp-json\/wp\/v2\/product\/1359","targetHints":{"allow":["GET"]}}],"collection":[{"href":"https:\/\/antiquariat-steinbach.com\/rarebooks\/wp-json\/wp\/v2\/product"}],"about":[{"href":"https:\/\/antiquariat-steinbach.com\/rarebooks\/wp-json\/wp\/v2\/types\/product"}],"version-history":[{"count":3,"href":"https:\/\/antiquariat-steinbach.com\/rarebooks\/wp-json\/wp\/v2\/product\/1359\/revisions"}],"predecessor-version":[{"id":18818,"href":"https:\/\/antiquariat-steinbach.com\/rarebooks\/wp-json\/wp\/v2\/product\/1359\/revisions\/18818"}],"wp:attachment":[{"href":"https:\/\/antiquariat-steinbach.com\/rarebooks\/wp-json\/wp\/v2\/media?parent=1359"}],"wp:term":[{"taxonomy":"product_brand","embeddable":true,"href":"https:\/\/antiquariat-steinbach.com\/rarebooks\/wp-json\/wp\/v2\/product_brand?post=1359"},{"taxonomy":"product_cat","embeddable":true,"href":"https:\/\/antiquariat-steinbach.com\/rarebooks\/wp-json\/wp\/v2\/product_cat?post=1359"},{"taxonomy":"product_tag","embeddable":true,"href":"https:\/\/antiquariat-steinbach.com\/rarebooks\/wp-json\/wp\/v2\/product_tag?post=1359"}],"curies":[{"name":"wp","href":"https:\/\/api.w.org\/{rel}","templated":true}]}}