{"id":1349,"date":"2026-03-12T00:02:35","date_gmt":"2026-03-11T23:02:35","guid":{"rendered":"http:\/\/antiquariat-steinbach.com\/rarebooks\/produkt\/maedchen-und-junge-unter-einem-krischbaum\/"},"modified":"2026-03-12T00:02:37","modified_gmt":"2026-03-11T23:02:37","slug":"breit-herta-maedchen-und-junge-unter-einem-krischbaum","status":"publish","type":"product","link":"https:\/\/antiquariat-steinbach.com\/rarebooks\/produkt\/breit-herta-maedchen-und-junge-unter-einem-krischbaum\/","title":{"rendered":"Breit, Herta: &#8211;  M\u00e4dchen und Junge unter einem Krischbaum"},"content":{"rendered":"<p>1924.<\/p>\n<p>54 : 47 cm. Kolorierte Original-Lithographie<\/p>\n<p>1500,00 EUR<\/p>\n","protected":false},"excerpt":{"rendered":"<p>Seltene, kolorierte Lithographie von Herta Breit, eine Sch\u00fclerinn von Franz Cizek&#8217;s Kurs and der Wiener Kunst-Schule. Unterhalb der Darstellung mit dem Eindruck &#8222;\u00d6sterreichisches Jugendrotkreuz, Wien 1, Stubenring 1. &#8222;Cizek gilt als der Begr\u00fcnder des Jugendkunst-Unterrichts&#8230;Er vertrat die v\u00f6llig freie zeichnerische Entwicklung des Kindes, in der die junge Pers\u00f6nlichkeit zum Ausdruck kommen sollte. Er hat auch als erster versucht, von Kindern illustrierte Bilderb\u00fccher herauszugeben, fand jedoch wenig Verst\u00e4ndnis vor&#8220; (LKJ I, S. 264). &#8211; Sehr dekoratives Beispiel f\u00fcr Kunst von Kindern.<\/p>\n","protected":false},"featured_media":0,"template":"","meta":[],"product_brand":[],"product_cat":[29,153,60,914],"product_tag":[],"class_list":{"0":"post-1349","1":"product","2":"type-product","3":"status-publish","5":"product_cat-20-jahrhundert","6":"product_cat-graphik","7":"product_cat-kinderbuecher","8":"product_cat-zvab","10":"first","11":"instock","12":"purchasable","13":"product-type-simple"},"_links":{"self":[{"href":"https:\/\/antiquariat-steinbach.com\/rarebooks\/wp-json\/wp\/v2\/product\/1349","targetHints":{"allow":["GET"]}}],"collection":[{"href":"https:\/\/antiquariat-steinbach.com\/rarebooks\/wp-json\/wp\/v2\/product"}],"about":[{"href":"https:\/\/antiquariat-steinbach.com\/rarebooks\/wp-json\/wp\/v2\/types\/product"}],"version-history":[{"count":3,"href":"https:\/\/antiquariat-steinbach.com\/rarebooks\/wp-json\/wp\/v2\/product\/1349\/revisions"}],"predecessor-version":[{"id":18816,"href":"https:\/\/antiquariat-steinbach.com\/rarebooks\/wp-json\/wp\/v2\/product\/1349\/revisions\/18816"}],"wp:attachment":[{"href":"https:\/\/antiquariat-steinbach.com\/rarebooks\/wp-json\/wp\/v2\/media?parent=1349"}],"wp:term":[{"taxonomy":"product_brand","embeddable":true,"href":"https:\/\/antiquariat-steinbach.com\/rarebooks\/wp-json\/wp\/v2\/product_brand?post=1349"},{"taxonomy":"product_cat","embeddable":true,"href":"https:\/\/antiquariat-steinbach.com\/rarebooks\/wp-json\/wp\/v2\/product_cat?post=1349"},{"taxonomy":"product_tag","embeddable":true,"href":"https:\/\/antiquariat-steinbach.com\/rarebooks\/wp-json\/wp\/v2\/product_tag?post=1349"}],"curies":[{"name":"wp","href":"https:\/\/api.w.org\/{rel}","templated":true}]}}