{"id":1343,"date":"2026-03-12T00:02:35","date_gmt":"2026-03-11T23:02:35","guid":{"rendered":"http:\/\/antiquariat-steinbach.com\/rarebooks\/produkt\/die-thiere-es-waldes-erster-band-die-wirbelthiere-des-waldes\/"},"modified":"2026-03-12T00:02:37","modified_gmt":"2026-03-11T23:02:37","slug":"brehm-a-e-und-c-a-rossmaessler-die-thiere-es-waldes-erster-band-die-wirbelthiere-des-waldes","status":"publish","type":"product","link":"https:\/\/antiquariat-steinbach.com\/rarebooks\/produkt\/brehm-a-e-und-c-a-rossmaessler-die-thiere-es-waldes-erster-band-die-wirbelthiere-des-waldes\/","title":{"rendered":"Brehm, A.E. und C.A. Ro\u00dfm\u00e4\u00dfler. &#8211;  Die Thiere es Waldes. Erster Band: Die Wirbelthiere des Waldes."},"content":{"rendered":"<p>Leipzig und Heidelberg, Winter, 1864.<\/p>\n<p>XIV, 658 Seiten mit 71 Textholzschnitten und 20 Kupferstich-Tafeln. Leinenband der Zeit mit reicher R\u00fccken- und Deckelvergoldung<\/p>\n<p>60,00 EUR<\/p>\n","protected":false},"excerpt":{"rendered":"<p>Leipzig und Heidelberg, Winter, 1864. XIV, 658 Seiten mit 71 Textholzschnitten und 20 Kupferstich-Tafeln. Leinenband der Zeit mit reicher R\u00fccken-&hellip;<\/p>\n","protected":false},"featured_media":0,"template":"","meta":[],"product_brand":[],"product_cat":[327,98,914],"product_tag":[],"class_list":{"0":"post-1343","1":"product","2":"type-product","3":"status-publish","5":"product_cat-wald","6":"product_cat-zoologie","7":"product_cat-zvab","9":"first","10":"instock","11":"purchasable","12":"product-type-simple"},"_links":{"self":[{"href":"https:\/\/antiquariat-steinbach.com\/rarebooks\/wp-json\/wp\/v2\/product\/1343","targetHints":{"allow":["GET"]}}],"collection":[{"href":"https:\/\/antiquariat-steinbach.com\/rarebooks\/wp-json\/wp\/v2\/product"}],"about":[{"href":"https:\/\/antiquariat-steinbach.com\/rarebooks\/wp-json\/wp\/v2\/types\/product"}],"version-history":[{"count":3,"href":"https:\/\/antiquariat-steinbach.com\/rarebooks\/wp-json\/wp\/v2\/product\/1343\/revisions"}],"predecessor-version":[{"id":18814,"href":"https:\/\/antiquariat-steinbach.com\/rarebooks\/wp-json\/wp\/v2\/product\/1343\/revisions\/18814"}],"wp:attachment":[{"href":"https:\/\/antiquariat-steinbach.com\/rarebooks\/wp-json\/wp\/v2\/media?parent=1343"}],"wp:term":[{"taxonomy":"product_brand","embeddable":true,"href":"https:\/\/antiquariat-steinbach.com\/rarebooks\/wp-json\/wp\/v2\/product_brand?post=1343"},{"taxonomy":"product_cat","embeddable":true,"href":"https:\/\/antiquariat-steinbach.com\/rarebooks\/wp-json\/wp\/v2\/product_cat?post=1343"},{"taxonomy":"product_tag","embeddable":true,"href":"https:\/\/antiquariat-steinbach.com\/rarebooks\/wp-json\/wp\/v2\/product_tag?post=1343"}],"curies":[{"name":"wp","href":"https:\/\/api.w.org\/{rel}","templated":true}]}}