{"id":1335,"date":"2026-03-12T00:02:35","date_gmt":"2026-03-11T23:02:35","guid":{"rendered":"http:\/\/antiquariat-steinbach.com\/rarebooks\/produkt\/jugendblaetter\/"},"modified":"2026-03-12T00:02:35","modified_gmt":"2026-03-11T23:02:35","slug":"braun-isabella-jugendblaetter","status":"publish","type":"product","link":"https:\/\/antiquariat-steinbach.com\/rarebooks\/produkt\/braun-isabella-jugendblaetter\/","title":{"rendered":"Braun, Isabella. &#8211;  Jugendbl\u00e4tter."},"content":{"rendered":"<p>M\u00fcnchen, Verlag der Jugendbl\u00e4tter, 1903.<\/p>\n<p>71. Band 22 : 15 cm. 384 Seiten mit vieln Illustrationen und teils farbigen Tafeln. Farbig illustrierter Original-Leinenband.<\/p>\n<p>25,00 EUR<\/p>\n","protected":false},"excerpt":{"rendered":"<p>M\u00fcnchen, Verlag der Jugendbl\u00e4tter, 1903. 71. Band 22 : 15 cm. 384 Seiten mit vieln Illustrationen und teils farbigen Tafeln.&hellip;<\/p>\n","protected":false},"featured_media":0,"template":"","meta":[],"product_brand":[],"product_cat":[307,60,52,914],"product_tag":[],"class_list":{"0":"post-1335","1":"product","2":"type-product","3":"status-publish","5":"product_cat-jugendbuecher","6":"product_cat-kinderbuecher","7":"product_cat-zeitschriften","8":"product_cat-zvab","10":"first","11":"instock","12":"purchasable","13":"product-type-simple"},"_links":{"self":[{"href":"https:\/\/antiquariat-steinbach.com\/rarebooks\/wp-json\/wp\/v2\/product\/1335","targetHints":{"allow":["GET"]}}],"collection":[{"href":"https:\/\/antiquariat-steinbach.com\/rarebooks\/wp-json\/wp\/v2\/product"}],"about":[{"href":"https:\/\/antiquariat-steinbach.com\/rarebooks\/wp-json\/wp\/v2\/types\/product"}],"version-history":[{"count":3,"href":"https:\/\/antiquariat-steinbach.com\/rarebooks\/wp-json\/wp\/v2\/product\/1335\/revisions"}],"predecessor-version":[{"id":18810,"href":"https:\/\/antiquariat-steinbach.com\/rarebooks\/wp-json\/wp\/v2\/product\/1335\/revisions\/18810"}],"wp:attachment":[{"href":"https:\/\/antiquariat-steinbach.com\/rarebooks\/wp-json\/wp\/v2\/media?parent=1335"}],"wp:term":[{"taxonomy":"product_brand","embeddable":true,"href":"https:\/\/antiquariat-steinbach.com\/rarebooks\/wp-json\/wp\/v2\/product_brand?post=1335"},{"taxonomy":"product_cat","embeddable":true,"href":"https:\/\/antiquariat-steinbach.com\/rarebooks\/wp-json\/wp\/v2\/product_cat?post=1335"},{"taxonomy":"product_tag","embeddable":true,"href":"https:\/\/antiquariat-steinbach.com\/rarebooks\/wp-json\/wp\/v2\/product_tag?post=1335"}],"curies":[{"name":"wp","href":"https:\/\/api.w.org\/{rel}","templated":true}]}}