{"id":1321,"date":"2026-03-12T00:06:24","date_gmt":"2026-03-11T23:06:24","guid":{"rendered":"http:\/\/antiquariat-steinbach.com\/rarebooks\/produkt\/les-modes-feminines-du-xixe-siecle-interpretees-en-cent-pointes-seches-aquarelles-au-pinceau-1801-1900-2\/"},"modified":"2026-03-12T00:06:25","modified_gmt":"2026-03-11T23:06:25","slug":"fashion-boutet-henri-les-modes-feminines-du-xixe-siecle-interpretees-en-cent-pointes-seches-aquarelles-au-pinceau-1801-1900","status":"publish","type":"product","link":"https:\/\/antiquariat-steinbach.com\/rarebooks\/produkt\/fashion-boutet-henri-les-modes-feminines-du-xixe-siecle-interpretees-en-cent-pointes-seches-aquarelles-au-pinceau-1801-1900\/","title":{"rendered":"Fashion &#8211;   Boutet, Henri: &#8211;  Les modes f\u00e9minines du XIXe si\u00e8cle interpr\u00e9t\u00e9es en cent pointes s\u00e9ches aquarell\u00e9s au pinceau 1801 &#8211; 1900."},"content":{"rendered":"<p>Paris, Societ\u00e9 Francaise d&#8217;\u00c9ditions d&#8217;Art 1902.<\/p>\n<p>30,5 : 23,5 cm. 14 pages with 100 plates in coloured etching and 1 coloured, etched title-vignette. Contemporary red half calf, spine richly gilt, top edge gilt.<\/p>\n<p>380,00 EUR<\/p>\n","protected":false},"excerpt":{"rendered":"<p>One of only 600 numbered copies of the only edition. Wonderful coloured etchings which show perfectly the style of that time. &#8211; &#8222;Henri Boutet (1851-1919) a traduit, a la point-seche, avec un elegance zn peu mievre les graces de la Parisienne. Dans l&#8217;eau-fort en couleurs, il a fait preuve d&#8217;un art beaucoup plus sur. Certains de ses dernieres estampes, notamment ses paysannes normandes, ont un veritable caractere&#8220; (Benezit). &#8211;  Reliure demi-cuir \u00e0 coins, jolis motifs au dos. Couvertures du broch\u00e9 conserv\u00e9es mais pas le dos. Chaque illustration est prot\u00e9g\u00e9e par une serpente \u00e9paisse, le papier lui-m\u00eame est tr\u00e8s \u00e9pais, si bien qu&#8217;en dehors d&#8217;une courte pr\u00e9face de Clar\u00e9tie le livre ne contient en fait que les 100 illustrations, une par feuille, le recto est vide. Collationn\u00e9, complet. Henri BOUTET, Les Modes f\u00e9minines au XIXe si\u00e8cle interpr\u00e9t\u00e9es en cent pointes s\u00e8ches aquarell\u00e9es au pinceau 1801-1900. Pr\u00e9face de Jules Clar\u00e9tie. Paris, Soci\u00e9t\u00e9 Fran\u00e7aise d&#8217;\u00c9ditions d&#8217;Art, 1902. l&#8217;un des 600 apr\u00e8s 60 sur Japon, les 2 seuls tirages. 100 illustrations aquarell\u00e9es, une par ann\u00e9e.  Binding a bit rubbed, otherwise a mint copy.<\/p>\n","protected":false},"featured_media":24150,"template":"","meta":[],"product_brand":[],"product_cat":[96,43,59,121,914],"product_tag":[],"class_list":{"0":"post-1321","1":"product","2":"type-product","3":"status-publish","4":"has-post-thumbnail","6":"product_cat-frankreich","7":"product_cat-illustrierte-buecher","8":"product_cat-kulturgeschichte","9":"product_cat-mode","10":"product_cat-zvab","12":"first","13":"instock","14":"purchasable","15":"product-type-simple"},"_links":{"self":[{"href":"https:\/\/antiquariat-steinbach.com\/rarebooks\/wp-json\/wp\/v2\/product\/1321","targetHints":{"allow":["GET"]}}],"collection":[{"href":"https:\/\/antiquariat-steinbach.com\/rarebooks\/wp-json\/wp\/v2\/product"}],"about":[{"href":"https:\/\/antiquariat-steinbach.com\/rarebooks\/wp-json\/wp\/v2\/types\/product"}],"version-history":[{"count":4,"href":"https:\/\/antiquariat-steinbach.com\/rarebooks\/wp-json\/wp\/v2\/product\/1321\/revisions"}],"predecessor-version":[{"id":24149,"href":"https:\/\/antiquariat-steinbach.com\/rarebooks\/wp-json\/wp\/v2\/product\/1321\/revisions\/24149"}],"wp:featuredmedia":[{"embeddable":true,"href":"https:\/\/antiquariat-steinbach.com\/rarebooks\/wp-json\/wp\/v2\/media\/24150"}],"wp:attachment":[{"href":"https:\/\/antiquariat-steinbach.com\/rarebooks\/wp-json\/wp\/v2\/media?parent=1321"}],"wp:term":[{"taxonomy":"product_brand","embeddable":true,"href":"https:\/\/antiquariat-steinbach.com\/rarebooks\/wp-json\/wp\/v2\/product_brand?post=1321"},{"taxonomy":"product_cat","embeddable":true,"href":"https:\/\/antiquariat-steinbach.com\/rarebooks\/wp-json\/wp\/v2\/product_cat?post=1321"},{"taxonomy":"product_tag","embeddable":true,"href":"https:\/\/antiquariat-steinbach.com\/rarebooks\/wp-json\/wp\/v2\/product_tag?post=1321"}],"curies":[{"name":"wp","href":"https:\/\/api.w.org\/{rel}","templated":true}]}}