{"id":1307,"date":"2026-03-12T00:02:31","date_gmt":"2026-03-11T23:02:31","guid":{"rendered":"http:\/\/antiquariat-steinbach.com\/rarebooks\/produkt\/poeme-dialogue-de-la-resurrection\/"},"modified":"2026-03-12T00:02:33","modified_gmt":"2026-03-11T23:02:33","slug":"bott-masson-loys-poeme-dialogue-de-la-resurrection","status":"publish","type":"product","link":"https:\/\/antiquariat-steinbach.com\/rarebooks\/produkt\/bott-masson-loys-poeme-dialogue-de-la-resurrection\/","title":{"rendered":"Bott &#8211;   Masson, Loys: &#8211;  Po\u00e8me &#8211; Dialogue de la r\u00e9surrection."},"content":{"rendered":"<p>(Paris, Durocher 1953).<\/p>\n<p>32,5 : 31 cm. 10 leafs With 9 original-colored serigraphies and 1 vignette by Francis Bott. Original-wrappers with illustration on cover.<\/p>\n<p>550,00 EUR<\/p>\n","protected":false},"excerpt":{"rendered":"<p>One of 100 numbered copies of the only edition. Colophon signed and numbered by the artist. Published in the series &#8218;Caract\u00e9res&#8216; by Bruno Durocher. The graphics printed by hand. &#8211; Loys Masson (1915 Rose Hill, Mauritius &#8211; 1969 Paris) was a French poet. He published his first works in Mauritius. In 1939 at the beginning WWII he came to France, where he was member of the Communist Party and secretary of the national committee of the Residance and chief editor of the underground journal &#8218;Les Lettres francoises. &#8211; Front cover on the left and lower edge dusty, otherwise a mint copy.  &#8222;Un peintre surr\u00e9aliste ne peut s&#8217;exclure du domaine de la sexualit\u00e9.  Son champ est l&#8217;amour nu, v\u00e9ridique\u2026 ses fantasmes.&#8220;<\/p>\n","protected":false},"featured_media":14244,"template":"","meta":[],"product_brand":[],"product_cat":[29,43,914],"product_tag":[],"class_list":{"0":"post-1307","1":"product","2":"type-product","3":"status-publish","4":"has-post-thumbnail","6":"product_cat-20-jahrhundert","7":"product_cat-illustrierte-buecher","8":"product_cat-zvab","10":"first","11":"instock","12":"purchasable","13":"product-type-simple"},"_links":{"self":[{"href":"https:\/\/antiquariat-steinbach.com\/rarebooks\/wp-json\/wp\/v2\/product\/1307","targetHints":{"allow":["GET"]}}],"collection":[{"href":"https:\/\/antiquariat-steinbach.com\/rarebooks\/wp-json\/wp\/v2\/product"}],"about":[{"href":"https:\/\/antiquariat-steinbach.com\/rarebooks\/wp-json\/wp\/v2\/types\/product"}],"version-history":[{"count":4,"href":"https:\/\/antiquariat-steinbach.com\/rarebooks\/wp-json\/wp\/v2\/product\/1307\/revisions"}],"predecessor-version":[{"id":23959,"href":"https:\/\/antiquariat-steinbach.com\/rarebooks\/wp-json\/wp\/v2\/product\/1307\/revisions\/23959"}],"wp:featuredmedia":[{"embeddable":true,"href":"https:\/\/antiquariat-steinbach.com\/rarebooks\/wp-json\/wp\/v2\/media\/14244"}],"wp:attachment":[{"href":"https:\/\/antiquariat-steinbach.com\/rarebooks\/wp-json\/wp\/v2\/media?parent=1307"}],"wp:term":[{"taxonomy":"product_brand","embeddable":true,"href":"https:\/\/antiquariat-steinbach.com\/rarebooks\/wp-json\/wp\/v2\/product_brand?post=1307"},{"taxonomy":"product_cat","embeddable":true,"href":"https:\/\/antiquariat-steinbach.com\/rarebooks\/wp-json\/wp\/v2\/product_cat?post=1307"},{"taxonomy":"product_tag","embeddable":true,"href":"https:\/\/antiquariat-steinbach.com\/rarebooks\/wp-json\/wp\/v2\/product_tag?post=1307"}],"curies":[{"name":"wp","href":"https:\/\/api.w.org\/{rel}","templated":true}]}}