{"id":1271,"date":"2026-03-12T00:02:29","date_gmt":"2026-03-11T23:02:29","guid":{"rendered":"http:\/\/antiquariat-steinbach.com\/rarebooks\/produkt\/le-promethee-mal-enchaine\/"},"modified":"2026-03-12T00:02:31","modified_gmt":"2026-03-11T23:02:31","slug":"bonnard-gide-andre-le-promethee-mal-enchaine","status":"publish","type":"product","link":"https:\/\/antiquariat-steinbach.com\/rarebooks\/produkt\/bonnard-gide-andre-le-promethee-mal-enchaine\/","title":{"rendered":"Bonnard &#8211;   Gide, Andr\u00e9. &#8211;  Le Prom\u00e9th\u00e9e mal enchain\u00e9."},"content":{"rendered":"<p>Paris, Editions de la nouvell Revue Franciaise, 1920.<\/p>\n<p>25,5 : 19,5 cm. With 30 (14 full-page) illustrations by Pierre bonnard. Private full-calf binding with 5 raised bands, back label, original illustrated wrappes bound in.<\/p>\n<p>400,00 EUR<\/p>\n","protected":false},"excerpt":{"rendered":"<p>First edition. &#8211; One of 750 numbered copies of the only edition.<\/p>\n","protected":false},"featured_media":10126,"template":"","meta":[],"product_brand":[],"product_cat":[29,143,914],"product_tag":[],"class_list":{"0":"post-1271","1":"product","2":"type-product","3":"status-publish","4":"has-post-thumbnail","6":"product_cat-20-jahrhundert","7":"product_cat-francais","8":"product_cat-zvab","10":"first","11":"instock","12":"purchasable","13":"product-type-simple"},"_links":{"self":[{"href":"https:\/\/antiquariat-steinbach.com\/rarebooks\/wp-json\/wp\/v2\/product\/1271","targetHints":{"allow":["GET"]}}],"collection":[{"href":"https:\/\/antiquariat-steinbach.com\/rarebooks\/wp-json\/wp\/v2\/product"}],"about":[{"href":"https:\/\/antiquariat-steinbach.com\/rarebooks\/wp-json\/wp\/v2\/types\/product"}],"version-history":[{"count":3,"href":"https:\/\/antiquariat-steinbach.com\/rarebooks\/wp-json\/wp\/v2\/product\/1271\/revisions"}],"predecessor-version":[{"id":18782,"href":"https:\/\/antiquariat-steinbach.com\/rarebooks\/wp-json\/wp\/v2\/product\/1271\/revisions\/18782"}],"wp:featuredmedia":[{"embeddable":true,"href":"https:\/\/antiquariat-steinbach.com\/rarebooks\/wp-json\/wp\/v2\/media\/10126"}],"wp:attachment":[{"href":"https:\/\/antiquariat-steinbach.com\/rarebooks\/wp-json\/wp\/v2\/media?parent=1271"}],"wp:term":[{"taxonomy":"product_brand","embeddable":true,"href":"https:\/\/antiquariat-steinbach.com\/rarebooks\/wp-json\/wp\/v2\/product_brand?post=1271"},{"taxonomy":"product_cat","embeddable":true,"href":"https:\/\/antiquariat-steinbach.com\/rarebooks\/wp-json\/wp\/v2\/product_cat?post=1271"},{"taxonomy":"product_tag","embeddable":true,"href":"https:\/\/antiquariat-steinbach.com\/rarebooks\/wp-json\/wp\/v2\/product_tag?post=1271"}],"curies":[{"name":"wp","href":"https:\/\/api.w.org\/{rel}","templated":true}]}}