{"id":1255,"date":"2026-03-12T00:02:28","date_gmt":"2026-03-11T23:02:28","guid":{"rendered":"http:\/\/antiquariat-steinbach.com\/rarebooks\/produkt\/jahrbuch-fuer-buecher-kunde-und-liebhaberei\/"},"modified":"2026-03-12T00:02:29","modified_gmt":"2026-03-11T23:02:29","slug":"bogeng-g-a-e-jahrbuch-fuer-buecher-kunde-und-liebhaberei","status":"publish","type":"product","link":"https:\/\/antiquariat-steinbach.com\/rarebooks\/produkt\/bogeng-g-a-e-jahrbuch-fuer-buecher-kunde-und-liebhaberei\/","title":{"rendered":"Bogeng, G.A.E. &#8211;  Jahrbuch f\u00fcr B\u00fccher-Kunde und -Liebhaberei."},"content":{"rendered":"<p>Berlin, Harrwitz, 1912.<\/p>\n<p>Vierter Jahrgang. 26 : 20 cm. 3 Blatt, 147 Seiten, 13 Tafeln, 1 Portrait, 6 Blatt. Original-Karton.<\/p>\n<p>40,00 EUR<\/p>\n","protected":false},"excerpt":{"rendered":"<p>Eines von 800 nummerierten Exemplaren. &#8211; Mit Beitr\u00e4gen von E. Wolters &#8218;On the difficulty of cerrect description of books&#8216;, Die Handhabung der B\u00fccher, \u00dc ber das Sammelns moderner B\u00fccher etc. &#8211; Vor allem Am Beginn und Ende stockfleckig; Einband etwas besch\u00e4digt.<\/p>\n","protected":false},"featured_media":0,"template":"","meta":[],"product_brand":[],"product_cat":[198,99,62,47,914],"product_tag":[],"class_list":{"0":"post-1255","1":"product","2":"type-product","3":"status-publish","5":"product_cat-bibliohpilie","6":"product_cat-buchwesen","7":"product_cat-schrift","8":"product_cat-typographie","9":"product_cat-zvab","11":"first","12":"instock","13":"purchasable","14":"product-type-simple"},"_links":{"self":[{"href":"https:\/\/antiquariat-steinbach.com\/rarebooks\/wp-json\/wp\/v2\/product\/1255","targetHints":{"allow":["GET"]}}],"collection":[{"href":"https:\/\/antiquariat-steinbach.com\/rarebooks\/wp-json\/wp\/v2\/product"}],"about":[{"href":"https:\/\/antiquariat-steinbach.com\/rarebooks\/wp-json\/wp\/v2\/types\/product"}],"version-history":[{"count":3,"href":"https:\/\/antiquariat-steinbach.com\/rarebooks\/wp-json\/wp\/v2\/product\/1255\/revisions"}],"predecessor-version":[{"id":18773,"href":"https:\/\/antiquariat-steinbach.com\/rarebooks\/wp-json\/wp\/v2\/product\/1255\/revisions\/18773"}],"wp:attachment":[{"href":"https:\/\/antiquariat-steinbach.com\/rarebooks\/wp-json\/wp\/v2\/media?parent=1255"}],"wp:term":[{"taxonomy":"product_brand","embeddable":true,"href":"https:\/\/antiquariat-steinbach.com\/rarebooks\/wp-json\/wp\/v2\/product_brand?post=1255"},{"taxonomy":"product_cat","embeddable":true,"href":"https:\/\/antiquariat-steinbach.com\/rarebooks\/wp-json\/wp\/v2\/product_cat?post=1255"},{"taxonomy":"product_tag","embeddable":true,"href":"https:\/\/antiquariat-steinbach.com\/rarebooks\/wp-json\/wp\/v2\/product_tag?post=1255"}],"curies":[{"name":"wp","href":"https:\/\/api.w.org\/{rel}","templated":true}]}}