{"id":1233,"date":"2026-03-12T00:02:28","date_gmt":"2026-03-11T23:02:28","guid":{"rendered":"http:\/\/antiquariat-steinbach.com\/rarebooks\/produkt\/anleitung-zur-anfertigung-von-weisswaesche-aller-art\/"},"modified":"2026-03-12T00:02:28","modified_gmt":"2026-03-11T23:02:28","slug":"boehm-lydia-und-emma-anleitung-zur-anfertigung-von-weisswaesche-aller-art","status":"publish","type":"product","link":"https:\/\/antiquariat-steinbach.com\/rarebooks\/produkt\/boehm-lydia-und-emma-anleitung-zur-anfertigung-von-weisswaesche-aller-art\/","title":{"rendered":"B\u00f6hm, Lydia und Emma: &#8211;  Anleitung zur Anfertigung von Wei\u00dfw\u00e4sche aller Art."},"content":{"rendered":"<p>Stuttgart, Schickhardt &#038; Ebner 1888.<\/p>\n<p>3. verbesserte Auflage. 25,5 : 18 cm. 4 Blatt, 129 Seiten mit 46, meist mehrfach gefalteten, lithographierten Tafeln. Leinenband der Zeit.<\/p>\n<p>75,00 EUR<\/p>\n","protected":false},"excerpt":{"rendered":"<p>Die detaillierten Tafeln zeigen die verschiedenen Arbeitsvorg\u00e4nge.<\/p>\n","protected":false},"featured_media":0,"template":"","meta":[],"product_brand":[],"product_cat":[266,51,914],"product_tag":[],"class_list":{"0":"post-1233","1":"product","2":"type-product","3":"status-publish","5":"product_cat-schneiderei","6":"product_cat-textil","7":"product_cat-zvab","9":"first","10":"instock","11":"purchasable","12":"product-type-simple"},"_links":{"self":[{"href":"https:\/\/antiquariat-steinbach.com\/rarebooks\/wp-json\/wp\/v2\/product\/1233","targetHints":{"allow":["GET"]}}],"collection":[{"href":"https:\/\/antiquariat-steinbach.com\/rarebooks\/wp-json\/wp\/v2\/product"}],"about":[{"href":"https:\/\/antiquariat-steinbach.com\/rarebooks\/wp-json\/wp\/v2\/types\/product"}],"version-history":[{"count":3,"href":"https:\/\/antiquariat-steinbach.com\/rarebooks\/wp-json\/wp\/v2\/product\/1233\/revisions"}],"predecessor-version":[{"id":18767,"href":"https:\/\/antiquariat-steinbach.com\/rarebooks\/wp-json\/wp\/v2\/product\/1233\/revisions\/18767"}],"wp:attachment":[{"href":"https:\/\/antiquariat-steinbach.com\/rarebooks\/wp-json\/wp\/v2\/media?parent=1233"}],"wp:term":[{"taxonomy":"product_brand","embeddable":true,"href":"https:\/\/antiquariat-steinbach.com\/rarebooks\/wp-json\/wp\/v2\/product_brand?post=1233"},{"taxonomy":"product_cat","embeddable":true,"href":"https:\/\/antiquariat-steinbach.com\/rarebooks\/wp-json\/wp\/v2\/product_cat?post=1233"},{"taxonomy":"product_tag","embeddable":true,"href":"https:\/\/antiquariat-steinbach.com\/rarebooks\/wp-json\/wp\/v2\/product_tag?post=1233"}],"curies":[{"name":"wp","href":"https:\/\/api.w.org\/{rel}","templated":true}]}}