{"id":1215,"date":"2026-03-12T00:02:25","date_gmt":"2026-03-11T23:02:25","guid":{"rendered":"http:\/\/antiquariat-steinbach.com\/rarebooks\/produkt\/gesammelte-schriften\/"},"modified":"2026-03-12T00:02:26","modified_gmt":"2026-03-11T23:02:26","slug":"blumauer-aloys-gesammelte-schriften","status":"publish","type":"product","link":"https:\/\/antiquariat-steinbach.com\/rarebooks\/produkt\/blumauer-aloys-gesammelte-schriften\/","title":{"rendered":"Blumauer, Aloys: &#8211;  Gesammelte Schriften."},"content":{"rendered":"<p>Stuttgart, Rieger 1871.<\/p>\n<p>Neueste Gesammtausgabe. 3 Teile in 1 Band. 15,5 : 11,5 cm. 308; 255; 199 Seiten, 2 Blatt mit gestochenem Portr\u00e4t und 9 get\u00f6nten Holzschnittafeln von Theodor Hosemann. Leinenband der Zeit mit R\u00fcckenvergoldung und Deckelblindpr\u00e4gung.<\/p>\n<p>35,00 EUR<\/p>\n","protected":false},"excerpt":{"rendered":"<p>Vorderdeckel etwas gelockert-<\/p>\n","protected":false},"featured_media":10092,"template":"","meta":[],"product_brand":[],"product_cat":[301,32,103,914],"product_tag":[],"class_list":{"0":"post-1215","1":"product","2":"type-product","3":"status-publish","4":"has-post-thumbnail","6":"product_cat-gesamtausgaben","7":"product_cat-literatur","8":"product_cat-michael","9":"product_cat-zvab","11":"first","12":"instock","13":"purchasable","14":"product-type-simple"},"_links":{"self":[{"href":"https:\/\/antiquariat-steinbach.com\/rarebooks\/wp-json\/wp\/v2\/product\/1215","targetHints":{"allow":["GET"]}}],"collection":[{"href":"https:\/\/antiquariat-steinbach.com\/rarebooks\/wp-json\/wp\/v2\/product"}],"about":[{"href":"https:\/\/antiquariat-steinbach.com\/rarebooks\/wp-json\/wp\/v2\/types\/product"}],"version-history":[{"count":3,"href":"https:\/\/antiquariat-steinbach.com\/rarebooks\/wp-json\/wp\/v2\/product\/1215\/revisions"}],"predecessor-version":[{"id":18758,"href":"https:\/\/antiquariat-steinbach.com\/rarebooks\/wp-json\/wp\/v2\/product\/1215\/revisions\/18758"}],"wp:featuredmedia":[{"embeddable":true,"href":"https:\/\/antiquariat-steinbach.com\/rarebooks\/wp-json\/wp\/v2\/media\/10092"}],"wp:attachment":[{"href":"https:\/\/antiquariat-steinbach.com\/rarebooks\/wp-json\/wp\/v2\/media?parent=1215"}],"wp:term":[{"taxonomy":"product_brand","embeddable":true,"href":"https:\/\/antiquariat-steinbach.com\/rarebooks\/wp-json\/wp\/v2\/product_brand?post=1215"},{"taxonomy":"product_cat","embeddable":true,"href":"https:\/\/antiquariat-steinbach.com\/rarebooks\/wp-json\/wp\/v2\/product_cat?post=1215"},{"taxonomy":"product_tag","embeddable":true,"href":"https:\/\/antiquariat-steinbach.com\/rarebooks\/wp-json\/wp\/v2\/product_tag?post=1215"}],"curies":[{"name":"wp","href":"https:\/\/api.w.org\/{rel}","templated":true}]}}