{"id":1205,"date":"2026-03-12T00:02:23","date_gmt":"2026-03-11T23:02:23","guid":{"rendered":"http:\/\/antiquariat-steinbach.com\/rarebooks\/produkt\/blarers-unterthaenigste-verantwortung-warum-er-seit-seiner-anwesenheit-in-wien-nicht-mess-las\/"},"modified":"2026-03-12T00:02:25","modified_gmt":"2026-03-11T23:02:25","slug":"blarer-blarers-unterthaenigste-verantwortung-warum-er-seit-seiner-anwesenheit-in-wien-nicht-mess-las","status":"publish","type":"product","link":"https:\/\/antiquariat-steinbach.com\/rarebooks\/produkt\/blarer-blarers-unterthaenigste-verantwortung-warum-er-seit-seiner-anwesenheit-in-wien-nicht-mess-las\/","title":{"rendered":"Blarer: &#8211;  Blarers unterth\u00e4nigste Verantwortung, warum er seit seiner Anwesenheit in Wien nicht Me\u00df las?"},"content":{"rendered":"<p>Wien, 1783.<\/p>\n<p>21 : 13 cm. 44 Seiten Lederband der Zeit mit 2 R\u00fcckenschildern, etwas R\u00fcckenvergoldung.<\/p>\n<p>110,00 EUR<\/p>\n","protected":false},"excerpt":{"rendered":"<p>VORGEBUNDEN: I. DERS. Blarers Vertheidigung seiner Verantwortung: warum er seit seiner Anwesenheit in Wien nicht Me\u00df las. Nebst einem Entwurfe zur Instruktion eines Oberaufsehers des Priesterhauses, und einer vorausgeschickten Lebensbeschreibung desselben. Wien, Hartl, 1783. 36 Seiten. &#8211; VORGEBUNDEN: II. HUBER, KARL JOSEPH. Dringende Vorstellung an die Religion wider die Halbguldenmesse, und Priestermiethe. Eine franz\u00f6sische Abhandlung des Anton Guyard. Auf die \u00f6sterreichische Kirche angewendet. Wien, Sonnleithner, 1783. Gestochenes Portr\u00e4t, 123 (recte 203) Seiten. &#8211; Interessanter Sammelband zum Kirchenstreit Ende des 18. Jahrhunderts. &#8211; Stellenweise etwas fleckig, in II. Seite 13\/14 handschriftlich erg\u00e4nzt, fliegende Vors\u00e4tze fehlen; Einband etwas berieben.<\/p>\n","protected":false},"featured_media":10086,"template":"","meta":[],"product_brand":[],"product_cat":[71,298,914],"product_tag":[],"class_list":{"0":"post-1205","1":"product","2":"type-product","3":"status-publish","4":"has-post-thumbnail","6":"product_cat-austriaca","7":"product_cat-josephinica","8":"product_cat-zvab","10":"first","11":"instock","12":"purchasable","13":"product-type-simple"},"_links":{"self":[{"href":"https:\/\/antiquariat-steinbach.com\/rarebooks\/wp-json\/wp\/v2\/product\/1205","targetHints":{"allow":["GET"]}}],"collection":[{"href":"https:\/\/antiquariat-steinbach.com\/rarebooks\/wp-json\/wp\/v2\/product"}],"about":[{"href":"https:\/\/antiquariat-steinbach.com\/rarebooks\/wp-json\/wp\/v2\/types\/product"}],"version-history":[{"count":4,"href":"https:\/\/antiquariat-steinbach.com\/rarebooks\/wp-json\/wp\/v2\/product\/1205\/revisions"}],"predecessor-version":[{"id":18754,"href":"https:\/\/antiquariat-steinbach.com\/rarebooks\/wp-json\/wp\/v2\/product\/1205\/revisions\/18754"}],"wp:featuredmedia":[{"embeddable":true,"href":"https:\/\/antiquariat-steinbach.com\/rarebooks\/wp-json\/wp\/v2\/media\/10086"}],"wp:attachment":[{"href":"https:\/\/antiquariat-steinbach.com\/rarebooks\/wp-json\/wp\/v2\/media?parent=1205"}],"wp:term":[{"taxonomy":"product_brand","embeddable":true,"href":"https:\/\/antiquariat-steinbach.com\/rarebooks\/wp-json\/wp\/v2\/product_brand?post=1205"},{"taxonomy":"product_cat","embeddable":true,"href":"https:\/\/antiquariat-steinbach.com\/rarebooks\/wp-json\/wp\/v2\/product_cat?post=1205"},{"taxonomy":"product_tag","embeddable":true,"href":"https:\/\/antiquariat-steinbach.com\/rarebooks\/wp-json\/wp\/v2\/product_tag?post=1205"}],"curies":[{"name":"wp","href":"https:\/\/api.w.org\/{rel}","templated":true}]}}