{"id":1201,"date":"2026-03-12T00:02:23","date_gmt":"2026-03-11T23:02:23","guid":{"rendered":"http:\/\/antiquariat-steinbach.com\/rarebooks\/produkt\/blaetter-fuer-kostuemkunde\/"},"modified":"2026-03-12T00:02:24","modified_gmt":"2026-03-11T23:02:24","slug":"blaetter-fuer-kostuemkunde","status":"publish","type":"product","link":"https:\/\/antiquariat-steinbach.com\/rarebooks\/produkt\/blaetter-fuer-kostuemkunde\/","title":{"rendered":"Bl\u00e4tter f\u00fcr Kost\u00fcmkunde."},"content":{"rendered":"<p>(Berlin, Lipperheide 1876).<\/p>\n<p>28 : 20 cm. 40 (statt 42) kolorierte Holzstich-Tafeln. Halbleinenband der Zeit.<\/p>\n<p>120,00 EUR<\/p>\n","protected":false},"excerpt":{"rendered":"<p>Die erste Lieferung des Kost\u00fcmwerkes mit Kost\u00fcm- und Trachtendarstellungen aus Deutschland, \u00d6sterreich u.a. &#8211; Ohne die Tafeln 9 und 28; Buchblock etwas gelockert. &#8211; Lipperheide Ad46; Colas 344; Hiler 92.<\/p>\n","protected":false},"featured_media":0,"template":"","meta":[],"product_brand":[],"product_cat":[121,914],"product_tag":[],"class_list":{"0":"post-1201","1":"product","2":"type-product","3":"status-publish","5":"product_cat-mode","6":"product_cat-zvab","8":"first","9":"instock","10":"purchasable","11":"product-type-simple"},"_links":{"self":[{"href":"https:\/\/antiquariat-steinbach.com\/rarebooks\/wp-json\/wp\/v2\/product\/1201","targetHints":{"allow":["GET"]}}],"collection":[{"href":"https:\/\/antiquariat-steinbach.com\/rarebooks\/wp-json\/wp\/v2\/product"}],"about":[{"href":"https:\/\/antiquariat-steinbach.com\/rarebooks\/wp-json\/wp\/v2\/types\/product"}],"version-history":[{"count":3,"href":"https:\/\/antiquariat-steinbach.com\/rarebooks\/wp-json\/wp\/v2\/product\/1201\/revisions"}],"predecessor-version":[{"id":23941,"href":"https:\/\/antiquariat-steinbach.com\/rarebooks\/wp-json\/wp\/v2\/product\/1201\/revisions\/23941"}],"wp:attachment":[{"href":"https:\/\/antiquariat-steinbach.com\/rarebooks\/wp-json\/wp\/v2\/media?parent=1201"}],"wp:term":[{"taxonomy":"product_brand","embeddable":true,"href":"https:\/\/antiquariat-steinbach.com\/rarebooks\/wp-json\/wp\/v2\/product_brand?post=1201"},{"taxonomy":"product_cat","embeddable":true,"href":"https:\/\/antiquariat-steinbach.com\/rarebooks\/wp-json\/wp\/v2\/product_cat?post=1201"},{"taxonomy":"product_tag","embeddable":true,"href":"https:\/\/antiquariat-steinbach.com\/rarebooks\/wp-json\/wp\/v2\/product_tag?post=1201"}],"curies":[{"name":"wp","href":"https:\/\/api.w.org\/{rel}","templated":true}]}}