{"id":1167,"date":"2026-03-12T00:02:17","date_gmt":"2026-03-11T23:02:17","guid":{"rendered":"http:\/\/antiquariat-steinbach.com\/rarebooks\/produkt\/zum-anschaungs-unterricht-fuer-die-jugend\/"},"modified":"2026-03-12T00:02:19","modified_gmt":"2026-03-11T23:02:19","slug":"bilder-zum-anschaungs-unterricht-fuer-die-jugend","status":"publish","type":"product","link":"https:\/\/antiquariat-steinbach.com\/rarebooks\/produkt\/bilder-zum-anschaungs-unterricht-fuer-die-jugend\/","title":{"rendered":"Bilder: &#8211;  zum Anschaungs-Unterricht f\u00fcr die Jugend."},"content":{"rendered":"<p>E\u00dflingen, Schreiber 1876.<\/p>\n<p>Siebente Auflage. 33 : 22 cm. 2 Blatt, 4 Seiten Mit 30 doppelblattgro\u00dfen farbigen lithographierten Tafeln. Farbig illustrierter Original-Halbleinenband.<\/p>\n<p>120,00 EUR<\/p>\n","protected":false},"excerpt":{"rendered":"<p>Ber\u00fchmtes, immer wieder erchienenes Anschaungsbuch f\u00fcr kleine Kinder.  Abgebildet sind h\u00e4usliche Gegenst\u00e4nde, Geb\u00e4ude, Tiere u.a. &#8211; Die Seite Inhaltverzeichnis fehlt zur H\u00e4lfte, liegt aber komplett in Fotokopie bei, titel mit kleinem Stempel, fliegender Vorsatz fehlt; einband gering berieben. &#8211; Vgl. Wegehaupt I, 155; Hauswedell 190.<\/p>\n","protected":false},"featured_media":0,"template":"","meta":[],"product_brand":[],"product_cat":[60,914],"product_tag":[],"class_list":{"0":"post-1167","1":"product","2":"type-product","3":"status-publish","5":"product_cat-kinderbuecher","6":"product_cat-zvab","8":"first","9":"instock","10":"purchasable","11":"product-type-simple"},"_links":{"self":[{"href":"https:\/\/antiquariat-steinbach.com\/rarebooks\/wp-json\/wp\/v2\/product\/1167","targetHints":{"allow":["GET"]}}],"collection":[{"href":"https:\/\/antiquariat-steinbach.com\/rarebooks\/wp-json\/wp\/v2\/product"}],"about":[{"href":"https:\/\/antiquariat-steinbach.com\/rarebooks\/wp-json\/wp\/v2\/types\/product"}],"version-history":[{"count":3,"href":"https:\/\/antiquariat-steinbach.com\/rarebooks\/wp-json\/wp\/v2\/product\/1167\/revisions"}],"predecessor-version":[{"id":18737,"href":"https:\/\/antiquariat-steinbach.com\/rarebooks\/wp-json\/wp\/v2\/product\/1167\/revisions\/18737"}],"wp:attachment":[{"href":"https:\/\/antiquariat-steinbach.com\/rarebooks\/wp-json\/wp\/v2\/media?parent=1167"}],"wp:term":[{"taxonomy":"product_brand","embeddable":true,"href":"https:\/\/antiquariat-steinbach.com\/rarebooks\/wp-json\/wp\/v2\/product_brand?post=1167"},{"taxonomy":"product_cat","embeddable":true,"href":"https:\/\/antiquariat-steinbach.com\/rarebooks\/wp-json\/wp\/v2\/product_cat?post=1167"},{"taxonomy":"product_tag","embeddable":true,"href":"https:\/\/antiquariat-steinbach.com\/rarebooks\/wp-json\/wp\/v2\/product_tag?post=1167"}],"curies":[{"name":"wp","href":"https:\/\/api.w.org\/{rel}","templated":true}]}}