{"id":1149,"date":"2026-03-12T00:02:17","date_gmt":"2026-03-11T23:02:17","guid":{"rendered":"http:\/\/antiquariat-steinbach.com\/rarebooks\/produkt\/naehschule\/"},"modified":"2026-03-12T00:02:18","modified_gmt":"2026-03-11T23:02:18","slug":"bidmann-susanne-naehschule","status":"publish","type":"product","link":"https:\/\/antiquariat-steinbach.com\/rarebooks\/produkt\/bidmann-susanne-naehschule\/","title":{"rendered":"Bidmann, Susanne: &#8211;  N\u00e4hschule."},"content":{"rendered":"<p>O.O, u.Dr 1883.<\/p>\n<p>17,5 : 22,5 cm. 18 gestickte Tafeln mit verschieden farbigen F\u00e4den. Leinen-Kassette de Zeit.<\/p>\n<p>160,00 EUR<\/p>\n","protected":false},"excerpt":{"rendered":"<p>Die sorgf\u00e4ltig gestickten Tafeln zeigen Blumen, Tiere, Fr\u00fcchte, verschiedene Stickmuster etc. &#8211; Kassette am oberen Rand etwas eingedr\u00fcckt, sonst gut.<\/p>\n","protected":false},"featured_media":10044,"template":"","meta":[],"product_brand":[],"product_cat":[265,266,914],"product_tag":[],"class_list":{"0":"post-1149","1":"product","2":"type-product","3":"status-publish","4":"has-post-thumbnail","6":"product_cat-handarbeiten","7":"product_cat-schneiderei","8":"product_cat-zvab","10":"first","11":"instock","12":"purchasable","13":"product-type-simple"},"_links":{"self":[{"href":"https:\/\/antiquariat-steinbach.com\/rarebooks\/wp-json\/wp\/v2\/product\/1149","targetHints":{"allow":["GET"]}}],"collection":[{"href":"https:\/\/antiquariat-steinbach.com\/rarebooks\/wp-json\/wp\/v2\/product"}],"about":[{"href":"https:\/\/antiquariat-steinbach.com\/rarebooks\/wp-json\/wp\/v2\/types\/product"}],"version-history":[{"count":3,"href":"https:\/\/antiquariat-steinbach.com\/rarebooks\/wp-json\/wp\/v2\/product\/1149\/revisions"}],"predecessor-version":[{"id":18732,"href":"https:\/\/antiquariat-steinbach.com\/rarebooks\/wp-json\/wp\/v2\/product\/1149\/revisions\/18732"}],"wp:featuredmedia":[{"embeddable":true,"href":"https:\/\/antiquariat-steinbach.com\/rarebooks\/wp-json\/wp\/v2\/media\/10044"}],"wp:attachment":[{"href":"https:\/\/antiquariat-steinbach.com\/rarebooks\/wp-json\/wp\/v2\/media?parent=1149"}],"wp:term":[{"taxonomy":"product_brand","embeddable":true,"href":"https:\/\/antiquariat-steinbach.com\/rarebooks\/wp-json\/wp\/v2\/product_brand?post=1149"},{"taxonomy":"product_cat","embeddable":true,"href":"https:\/\/antiquariat-steinbach.com\/rarebooks\/wp-json\/wp\/v2\/product_cat?post=1149"},{"taxonomy":"product_tag","embeddable":true,"href":"https:\/\/antiquariat-steinbach.com\/rarebooks\/wp-json\/wp\/v2\/product_tag?post=1149"}],"curies":[{"name":"wp","href":"https:\/\/api.w.org\/{rel}","templated":true}]}}