{"id":1129,"date":"2026-03-12T00:02:15","date_gmt":"2026-03-11T23:02:15","guid":{"rendered":"http:\/\/antiquariat-steinbach.com\/rarebooks\/produkt\/goldene-schatzkammer-von-tausend-geheimmitteln-zur-verbesserung-des-wohlstandes-und-der-gewerbe-nach-den-neuesten-entdeckungen-in-der-landwirthschaft-der-technischen-chemie-und-der-gewerbekunde\/"},"modified":"2026-03-12T00:02:17","modified_gmt":"2026-03-11T23:02:17","slug":"beyse-j-goldene-schatzkammer-von-tausend-geheimmitteln-zur-verbesserung-des-wohlstandes-und-der-gewerbe-nach-den-neuesten-entdeckungen-in-der-landwirthschaft-der-technischen-chemie-und-der-gewe","status":"publish","type":"product","link":"https:\/\/antiquariat-steinbach.com\/rarebooks\/produkt\/beyse-j-goldene-schatzkammer-von-tausend-geheimmitteln-zur-verbesserung-des-wohlstandes-und-der-gewerbe-nach-den-neuesten-entdeckungen-in-der-landwirthschaft-der-technischen-chemie-und-der-gewe\/","title":{"rendered":"Beyse, J: &#8211;  Goldene Schatzkammer von tausend Geheimmitteln zur Verbesserung des Wohlstandes und der Gewerbe, nach den neuesten Entdeckungen in der Landwirthschaft, der technischen Chemie und der Gewerbekunde."},"content":{"rendered":"<p>Pest und Wien, Hartleben 1860.<\/p>\n<p>18,5 : 12,5 cm. IV, 226 Seiten Leinenband der Zeit.<\/p>\n<p>80,00 EUR<\/p>\n","protected":false},"excerpt":{"rendered":"<p>Ein unersch\u00f6pfliches Handbuch zur n\u00fctzlichen Anwendung f\u00fcr Haus-, Stadt- und Landwirthe, f\u00fcr Fabrikanten und Industrielle jeder Art. &#8211; Stellenweise fleckig; Einband etwas berieben und bestossen.<\/p>\n","protected":false},"featured_media":0,"template":"","meta":[],"product_brand":[],"product_cat":[111,914],"product_tag":[],"class_list":{"0":"post-1129","1":"product","2":"type-product","3":"status-publish","5":"product_cat-varia","6":"product_cat-zvab","8":"first","9":"instock","10":"purchasable","11":"product-type-simple"},"_links":{"self":[{"href":"https:\/\/antiquariat-steinbach.com\/rarebooks\/wp-json\/wp\/v2\/product\/1129","targetHints":{"allow":["GET"]}}],"collection":[{"href":"https:\/\/antiquariat-steinbach.com\/rarebooks\/wp-json\/wp\/v2\/product"}],"about":[{"href":"https:\/\/antiquariat-steinbach.com\/rarebooks\/wp-json\/wp\/v2\/types\/product"}],"version-history":[{"count":3,"href":"https:\/\/antiquariat-steinbach.com\/rarebooks\/wp-json\/wp\/v2\/product\/1129\/revisions"}],"predecessor-version":[{"id":18724,"href":"https:\/\/antiquariat-steinbach.com\/rarebooks\/wp-json\/wp\/v2\/product\/1129\/revisions\/18724"}],"wp:attachment":[{"href":"https:\/\/antiquariat-steinbach.com\/rarebooks\/wp-json\/wp\/v2\/media?parent=1129"}],"wp:term":[{"taxonomy":"product_brand","embeddable":true,"href":"https:\/\/antiquariat-steinbach.com\/rarebooks\/wp-json\/wp\/v2\/product_brand?post=1129"},{"taxonomy":"product_cat","embeddable":true,"href":"https:\/\/antiquariat-steinbach.com\/rarebooks\/wp-json\/wp\/v2\/product_cat?post=1129"},{"taxonomy":"product_tag","embeddable":true,"href":"https:\/\/antiquariat-steinbach.com\/rarebooks\/wp-json\/wp\/v2\/product_tag?post=1129"}],"curies":[{"name":"wp","href":"https:\/\/api.w.org\/{rel}","templated":true}]}}