{"id":1117,"date":"2026-03-12T00:02:15","date_gmt":"2026-03-11T23:02:15","guid":{"rendered":"http:\/\/antiquariat-steinbach.com\/rarebooks\/produkt\/die-waldschaenke\/"},"modified":"2026-03-12T00:02:15","modified_gmt":"2026-03-11T23:02:15","slug":"bessler-charles-die-waldschaenke","status":"publish","type":"product","link":"https:\/\/antiquariat-steinbach.com\/rarebooks\/produkt\/bessler-charles-die-waldschaenke\/","title":{"rendered":"Bessler, Charles: &#8211;  Die Waldsch\u00e4nke."},"content":{"rendered":"<p>Neu-Ruppin, Selbstverlag (1907).<\/p>\n<p>25 : 18,5 cm. 20 Blatt mit vielen farbigen Illustrationen. Farbig illustrierter Orignal-Karton.<\/p>\n<p>95,00 EUR<\/p>\n","protected":false},"excerpt":{"rendered":"<p>Seltene erste und einzige Ausgabe. &#8211; Auf festem Karton gedruckte, karikierende Jagderlebnisse. In rot und blau gedruckt. &#8211;  In keiner der einschl\u00e4gigen Bibliographien nachweisbar. &#8211; Buchblock gelockert, teils fleckig und wasserrandig; Einband fleckig, R\u00fccken fehlt zur H\u00e4lfte.<\/p>\n","protected":false},"featured_media":22513,"template":"","meta":[],"product_brand":[],"product_cat":[248,123,914],"product_tag":[],"class_list":{"0":"post-1117","1":"product","2":"type-product","3":"status-publish","4":"has-post-thumbnail","6":"product_cat-jagd","7":"product_cat-karikatur","8":"product_cat-zvab","10":"first","11":"instock","12":"purchasable","13":"product-type-simple"},"_links":{"self":[{"href":"https:\/\/antiquariat-steinbach.com\/rarebooks\/wp-json\/wp\/v2\/product\/1117","targetHints":{"allow":["GET"]}}],"collection":[{"href":"https:\/\/antiquariat-steinbach.com\/rarebooks\/wp-json\/wp\/v2\/product"}],"about":[{"href":"https:\/\/antiquariat-steinbach.com\/rarebooks\/wp-json\/wp\/v2\/types\/product"}],"version-history":[{"count":4,"href":"https:\/\/antiquariat-steinbach.com\/rarebooks\/wp-json\/wp\/v2\/product\/1117\/revisions"}],"predecessor-version":[{"id":23285,"href":"https:\/\/antiquariat-steinbach.com\/rarebooks\/wp-json\/wp\/v2\/product\/1117\/revisions\/23285"}],"wp:featuredmedia":[{"embeddable":true,"href":"https:\/\/antiquariat-steinbach.com\/rarebooks\/wp-json\/wp\/v2\/media\/22513"}],"wp:attachment":[{"href":"https:\/\/antiquariat-steinbach.com\/rarebooks\/wp-json\/wp\/v2\/media?parent=1117"}],"wp:term":[{"taxonomy":"product_brand","embeddable":true,"href":"https:\/\/antiquariat-steinbach.com\/rarebooks\/wp-json\/wp\/v2\/product_brand?post=1117"},{"taxonomy":"product_cat","embeddable":true,"href":"https:\/\/antiquariat-steinbach.com\/rarebooks\/wp-json\/wp\/v2\/product_cat?post=1117"},{"taxonomy":"product_tag","embeddable":true,"href":"https:\/\/antiquariat-steinbach.com\/rarebooks\/wp-json\/wp\/v2\/product_tag?post=1117"}],"curies":[{"name":"wp","href":"https:\/\/api.w.org\/{rel}","templated":true}]}}