{"id":1113,"date":"2026-03-12T00:02:14","date_gmt":"2026-03-11T23:02:14","guid":{"rendered":"http:\/\/antiquariat-steinbach.com\/rarebooks\/produkt\/les-amies-filles\/"},"modified":"2026-03-12T00:02:15","modified_gmt":"2026-03-11T23:02:15","slug":"berque-verlaine-paul-les-amies-filles","status":"publish","type":"product","link":"https:\/\/antiquariat-steinbach.com\/rarebooks\/produkt\/berque-verlaine-paul-les-amies-filles\/","title":{"rendered":"Berque &#8211;   Verlaine, Paul: &#8211;  Les amies &#8211; filles."},"content":{"rendered":"<p>(Genf, Gonin 1932).<\/p>\n<p>32,5 : 26 cm. 51 (statt 55) Seiten, 2 Blatt mit 7 (statt 8) farbigen Original-Lithographien der Suite und 32 (statt 35) teils ganzseitigen Original-Lithographien von Jean Berque in Rot. Lose Bogen in Original-Umschlag, Original-Leinendecken, Schuber.<\/p>\n<p>1400,00 EUR<\/p>\n","protected":false},"excerpt":{"rendered":"<p>Exemplar des K\u00fcnstlers, im Druckvermerk &#8218;Exemplaire de M. Jean Berque&#8216; vom K\u00fcnstler und Herausgeber signiert. Mit der Suite der Original-Lithographien au\u00dferhalb der Auflage &#8218;huit planches hors commerce&#8216; die in das Buch nicht aufgenommen wurden. Verlaines Gedichtszyklus ist ein Hymnus auf die lesbische Liebe, zu der die sehr freien z\u00e4rtlichen Lithographien kongenial einstimmen. Ein aesthetisch bezauberndes Werk aus der Hand Jean Berques. Auf schwerem B\u00fctten. &#8211; Leider fehlt eine Tafel der Suite, sowie die Seiten 29-32, trotz dieser M\u00e4ngel noch begehrenswertes K\u00fcnstlerbuch. &#8211; Leinendecken und Schuber etwas angestaubt, sonst sch\u00f6n. &#8211; Carteret IV, 392; Monod II, 1590; vgl. Vollmer I, 191.<\/p>\n","protected":false},"featured_media":0,"template":"","meta":[],"product_brand":[],"product_cat":[29,142,269,43,914],"product_tag":[],"class_list":{"0":"post-1113","1":"product","2":"type-product","3":"status-publish","5":"product_cat-20-jahrhundert","6":"product_cat-erotika","7":"product_cat-exemplar-des-kuenstlers","8":"product_cat-illustrierte-buecher","9":"product_cat-zvab","11":"first","12":"instock","13":"purchasable","14":"product-type-simple"},"_links":{"self":[{"href":"https:\/\/antiquariat-steinbach.com\/rarebooks\/wp-json\/wp\/v2\/product\/1113","targetHints":{"allow":["GET"]}}],"collection":[{"href":"https:\/\/antiquariat-steinbach.com\/rarebooks\/wp-json\/wp\/v2\/product"}],"about":[{"href":"https:\/\/antiquariat-steinbach.com\/rarebooks\/wp-json\/wp\/v2\/types\/product"}],"version-history":[{"count":3,"href":"https:\/\/antiquariat-steinbach.com\/rarebooks\/wp-json\/wp\/v2\/product\/1113\/revisions"}],"predecessor-version":[{"id":18716,"href":"https:\/\/antiquariat-steinbach.com\/rarebooks\/wp-json\/wp\/v2\/product\/1113\/revisions\/18716"}],"wp:attachment":[{"href":"https:\/\/antiquariat-steinbach.com\/rarebooks\/wp-json\/wp\/v2\/media?parent=1113"}],"wp:term":[{"taxonomy":"product_brand","embeddable":true,"href":"https:\/\/antiquariat-steinbach.com\/rarebooks\/wp-json\/wp\/v2\/product_brand?post=1113"},{"taxonomy":"product_cat","embeddable":true,"href":"https:\/\/antiquariat-steinbach.com\/rarebooks\/wp-json\/wp\/v2\/product_cat?post=1113"},{"taxonomy":"product_tag","embeddable":true,"href":"https:\/\/antiquariat-steinbach.com\/rarebooks\/wp-json\/wp\/v2\/product_tag?post=1113"}],"curies":[{"name":"wp","href":"https:\/\/api.w.org\/{rel}","templated":true}]}}