{"id":1007,"date":"2026-03-12T00:02:14","date_gmt":"2026-03-11T23:02:14","guid":{"rendered":"http:\/\/antiquariat-steinbach.com\/rarebooks\/produkt\/pflege-gesunder-und-geschwaechter-augen-nebst-einer-vorschrift-wie-man-sich-bey-ploetzlichen-zufaellen-an-den-augen-selbst-helfen-kann\/"},"modified":"2026-03-12T00:02:14","modified_gmt":"2026-03-11T23:02:14","slug":"beer-georg-joseph-pflege-gesunder-und-geschwaechter-augen-nebst-einer-vorschrift-wie-man-sich-bey-ploetzlichen-zufaellen-an-den-augen-selbst-helfen-kann","status":"publish","type":"product","link":"https:\/\/antiquariat-steinbach.com\/rarebooks\/produkt\/beer-georg-joseph-pflege-gesunder-und-geschwaechter-augen-nebst-einer-vorschrift-wie-man-sich-bey-ploetzlichen-zufaellen-an-den-augen-selbst-helfen-kann\/","title":{"rendered":"Beer, Georg Joseph: &#8211;  Pflege gesunder und geschw\u00e4chter Augen, nebst einer Vorschrift, wie man sich bey pl\u00f6tzlichen Zuf\u00e4llen an den Augen&#8230;selbst helfen kann."},"content":{"rendered":"<p>Vienna and Leipzig, bey dem Verfasser bzw. Weidmann 1800.<\/p>\n<p>17,8 : 11 cm. X, 197 pages 1 folded cooper-plate. Contemporary half vellum.<\/p>\n<p>650,00 EUR<\/p>\n","protected":false},"excerpt":{"rendered":"<p>First edition. &#8211;  Georg Joseph Beer (1763 &#8211; 1821), was the founder of the Viennese school of Ohpthamology and is one of the most important represantatives of modern Ohpthamology. &#8222;Die erste einigerma\u00dfen vollst\u00e4ndige Hygiene des Auges, die ein erfahrener Augenarzt verfa\u00dft und die bis heute noch nicht v\u00f6llig ihren Werth verloren&#8220; (Hirschberg). &#8211; Hirsch-H. I, 423; vgl. Welcome II, 130 (2. Aufl.).<\/p>\n","protected":false},"featured_media":0,"template":"","meta":[],"product_brand":[],"product_cat":[253,179,185,914],"product_tag":[],"class_list":{"0":"post-1007","1":"product","2":"type-product","3":"status-publish","5":"product_cat-bp","6":"product_cat-medizin","7":"product_cat-ophthalmologie","8":"product_cat-zvab","10":"first","11":"instock","12":"purchasable","13":"product-type-simple"},"_links":{"self":[{"href":"https:\/\/antiquariat-steinbach.com\/rarebooks\/wp-json\/wp\/v2\/product\/1007","targetHints":{"allow":["GET"]}}],"collection":[{"href":"https:\/\/antiquariat-steinbach.com\/rarebooks\/wp-json\/wp\/v2\/product"}],"about":[{"href":"https:\/\/antiquariat-steinbach.com\/rarebooks\/wp-json\/wp\/v2\/types\/product"}],"version-history":[{"count":3,"href":"https:\/\/antiquariat-steinbach.com\/rarebooks\/wp-json\/wp\/v2\/product\/1007\/revisions"}],"predecessor-version":[{"id":18684,"href":"https:\/\/antiquariat-steinbach.com\/rarebooks\/wp-json\/wp\/v2\/product\/1007\/revisions\/18684"}],"wp:attachment":[{"href":"https:\/\/antiquariat-steinbach.com\/rarebooks\/wp-json\/wp\/v2\/media?parent=1007"}],"wp:term":[{"taxonomy":"product_brand","embeddable":true,"href":"https:\/\/antiquariat-steinbach.com\/rarebooks\/wp-json\/wp\/v2\/product_brand?post=1007"},{"taxonomy":"product_cat","embeddable":true,"href":"https:\/\/antiquariat-steinbach.com\/rarebooks\/wp-json\/wp\/v2\/product_cat?post=1007"},{"taxonomy":"product_tag","embeddable":true,"href":"https:\/\/antiquariat-steinbach.com\/rarebooks\/wp-json\/wp\/v2\/product_tag?post=1007"}],"curies":[{"name":"wp","href":"https:\/\/api.w.org\/{rel}","templated":true}]}}