{"id":9450,"date":"2021-02-15T16:16:05","date_gmt":"2021-02-15T15:16:05","guid":{"rendered":"http:\/\/antiquariat-steinbach.com\/rarebooks\/?page_id=9450"},"modified":"2021-02-16T10:43:47","modified_gmt":"2021-02-16T09:43:47","slug":"tokio-world-antiquarian-book-plaza-der-schoenste-neue-platz-fuer-bibliophile","status":"publish","type":"page","link":"https:\/\/antiquariat-steinbach.com\/rarebooks\/tokio-world-antiquarian-book-plaza-der-schoenste-neue-platz-fuer-bibliophile\/","title":{"rendered":"Tokio: World Antiquarian Book Plaza &#8211; Der sch\u00f6nste neue Platz f\u00fcr Bibliophile"},"content":{"rendered":"\t\t<div data-elementor-type=\"wp-page\" data-elementor-id=\"9450\" class=\"elementor elementor-9450\">\n\t\t\t\t\t\t<div class=\"elementor-inner\">\n\t\t\t\t<div class=\"elementor-section-wrap\">\n\t\t\t\t\t\t\t\t\t<section class=\"elementor-section elementor-top-section elementor-element elementor-element-2df521cb elementor-section-boxed elementor-section-height-default elementor-section-height-default\" data-id=\"2df521cb\" data-element_type=\"section\">\n\t\t\t\t\t\t<div class=\"elementor-container elementor-column-gap-default\">\n\t\t\t\t\t\t\t<div class=\"elementor-row\">\n\t\t\t\t\t<div class=\"elementor-column elementor-col-100 elementor-top-column elementor-element elementor-element-2f45addf\" data-id=\"2f45addf\" data-element_type=\"column\">\n\t\t\t<div class=\"elementor-column-wrap elementor-element-populated\">\n\t\t\t\t\t\t\t<div class=\"elementor-widget-wrap\">\n\t\t\t\t\t\t<div class=\"elementor-element elementor-element-377f8484 elementor-widget elementor-widget-text-editor\" data-id=\"377f8484\" data-element_type=\"widget\" data-widget_type=\"text-editor.default\">\n\t\t\t\t<div class=\"elementor-widget-container\">\n\t\t\t\t\t\t\t\t<div class=\"elementor-text-editor elementor-clearfix\">\n\t\t\t\t<!-- wp:heading {\"level\":1} -->\n<h2>Ein gemeinsames Projekt von Michael Steinbach und Yushodo Ltd.<\/h2>\n<!-- \/wp:heading -->\t\t\t\t\t<\/div>\n\t\t\t\t\t\t<\/div>\n\t\t\t\t<\/div>\n\t\t\t\t\t\t<\/div>\n\t\t\t\t\t<\/div>\n\t\t<\/div>\n\t\t\t\t\t\t\t\t<\/div>\n\t\t\t\t\t<\/div>\n\t\t<\/section>\n\t\t\t\t<section class=\"elementor-section elementor-top-section elementor-element elementor-element-a803e61 elementor-section-boxed elementor-section-height-default elementor-section-height-default\" data-id=\"a803e61\" data-element_type=\"section\">\n\t\t\t\t\t\t<div class=\"elementor-container elementor-column-gap-default\">\n\t\t\t\t\t\t\t<div class=\"elementor-row\">\n\t\t\t\t\t<div class=\"elementor-column elementor-col-100 elementor-top-column elementor-element elementor-element-da26b6d\" data-id=\"da26b6d\" data-element_type=\"column\">\n\t\t\t<div class=\"elementor-column-wrap elementor-element-populated\">\n\t\t\t\t\t\t\t<div class=\"elementor-widget-wrap\">\n\t\t\t\t\t\t<div class=\"elementor-element elementor-element-e0d6c93 elementor-widget elementor-widget-text-editor\" data-id=\"e0d6c93\" data-element_type=\"widget\" data-widget_type=\"text-editor.default\">\n\t\t\t\t<div class=\"elementor-widget-container\">\n\t\t\t\t\t\t\t\t<div class=\"elementor-text-editor elementor-clearfix\">\n\t\t\t\t<p><img loading=\"lazy\" decoding=\"async\" class=\"alignright wp-image-9495 size-full\" src=\"https:\/\/antiquariat-steinbach.com\/rarebooks\/wp-content\/uploads\/2021\/02\/BP2.jpg\" alt=\"\" width=\"300\" height=\"225\" \/>Gibt es &#8211; abgesehen von den gro\u00dfen internationalen Antiquariatsmessen &#8211; einen Platz, wo man sch\u00f6ne und seltene B\u00fccher, Manuskripte, Atlanten, Autographen und Graphiken aus allen Teilen der Welt und angeboten von Kollegen aus aller Herren L\u00e4nder kaufen kann? Gibt es ein Antiquariat, in dem man nicht nur die Rarit\u00e4ten unter den amerikanischen Modern Firsts (mit Schutzumschl\u00e4gen), sondern auch Inkunabeln aus den Anf\u00e4ngen des europ\u00e4ischen Buchdrucks, asiatische Holzschnittb\u00fccher, Kinderb\u00fccher, Erstausgaben, illustrierte B\u00fccher und Bucheinbandkunst neben farbenpr\u00e4chtigen Colour-Plate-Books und Reisebeschreibungen aus Frankreich, \u00d6sterreich, England, Deutschland, Italien, Spanien, den Niederlanden, Skandinavien und Australien bewundern kann? Seit einigen Wochen gibt es solch einen Ort &#8211; in Tokio.<\/p>\n<div><img loading=\"lazy\" decoding=\"async\" class=\"size-full wp-image-9496 alignleft\" src=\"https:\/\/antiquariat-steinbach.com\/rarebooks\/wp-content\/uploads\/2021\/02\/bp_11.jpg\" alt=\"\" width=\"226\" height=\"301\" \/>Die World Antiquarian Book Plaza befindet sich im Zentrum von Tokio, nur<br \/>f\u00fcnf Minuten vom Hauptbahnhof und von der ber\u00fchmten Einkaufsstra\u00dfe<br \/>Ginza entfernt, im dritten Stock der Buchhandlung Maruzen und dort in<br \/>eigens f\u00fcr die Plaza neu gestalteten R\u00e4umen. Das gemeinsame Projekt von<br \/>Yushodo Ltd. und Michael Steinbach geht zur\u00fcck auf Mitsuo Nitta, der vor<br \/>zwei Jahren die Idee dazu hatte, einige der besten Antiquare weltweit<br \/>mit einem speziellen Angebot ihrer sch\u00f6nsten Objekte in einem Showroom<br \/>in der japanischen Hauptstadt zu vereinigen. Michael Steinbach \u00fcbernahm<br \/>die Organisation und ist nun als Gesch\u00e4ftsf\u00fchrer f\u00fcr die World<br \/>Antiquarian Book Plaza verantwortlich.<\/div>\n<div>Derzeit beteiligen sich 22 Antiquare aus elf L\u00e4ndern an diesem Grenzen<br \/>\u00fcberspannenden Unternehmen, darunter renommierte Kollegen aus den USA,<br \/>Frankreich, Australien, Deutschland, Japan, D\u00e4nemark, Spanien,<br \/>\u00d6sterreich und den Niederlanden. Das Angebot erstreckt sich \u00fcber alle<br \/>nur denkbaren Sammelgebiete und bis in alle Preissegmente. Zu den<br \/>Highlights der World Antiquarian Book Plaza z\u00e4hlen derzeit keine<br \/>Geringeren als ein fr\u00fcher Mercator-Atlas mit \u00fcber 140 altkolorierten<br \/>Karten, ein Gart der Gesundheit mit altkolorierten Holzschnitten,<br \/>unver\u00f6ffentlichte Notenbl\u00e4tter von Schubert oder auch eine fr\u00fche Ausgabe<br \/>der ber\u00fchmten Anatomie des Vesalius. Derzeit, wohlgemerkt. Denn der<br \/>Bestand wird alle drei bis vier Monate gewechselt, oder auch, bei vielen<br \/>Verk\u00e4ufen, nach Bedarf. So gibt es immer wieder Neues zu entdecken.<\/div>\n<div>Die Resonanz auf das weltweit erste \u201eJoint Venture\u201c dieser Art ist<br \/>beachtlich. Zur Er\u00f6ffnung im November 2011 erschienen \u00fcber 300 G\u00e4ste.<br \/>Seitdem kommen t\u00e4glich zahlreiche Besucher, die, so Michael Steinbach,<br \/>es \u00fcberaus zu sch\u00e4tzen wissen, dass es mitten in Tokio nun ein<br \/>Antiquariat gibt, das westliche und asiatische Kultur durch die<br \/>kollegiale Zusammenarbeit der Antiquare aus aller Welt miteinander<br \/>verbindet.<\/div>\n<div>\n<h1><img loading=\"lazy\" decoding=\"async\" class=\"alignright wp-image-9500 size-full\" src=\"https:\/\/antiquariat-steinbach.com\/rarebooks\/wp-content\/uploads\/2021\/02\/wabp.jpg\" alt=\"\" width=\"300\" height=\"239\" \/>World Antiquarian Book Plaza<\/h1>\n<\/div>\n<div>\u00a0<\/div>\n<div>\n<p>Nihonbashi 2-3-10, Chuo-ku<\/p>\n<p>Tokyo 103-8245<\/p>\n<h3>\u00d6ffnungszeiten:<\/h3>\n<p>10 Uhr bis 20 Uhr (ge\u00f6ffnet 364 Tage im Jahr, nur am 1. Januar geschlossen)<\/p>\n<\/div>\t\t\t\t\t<\/div>\n\t\t\t\t\t\t<\/div>\n\t\t\t\t<\/div>\n\t\t\t\t\t\t<\/div>\n\t\t\t\t\t<\/div>\n\t\t<\/div>\n\t\t\t\t\t\t\t\t<\/div>\n\t\t\t\t\t<\/div>\n\t\t<\/section>\n\t\t\t\t<section class=\"elementor-section elementor-top-section elementor-element elementor-element-62404c8 elementor-section-boxed elementor-section-height-default elementor-section-height-default\" data-id=\"62404c8\" data-element_type=\"section\">\n\t\t\t\t\t\t<div class=\"elementor-container elementor-column-gap-default\">\n\t\t\t\t\t\t\t<div class=\"elementor-row\">\n\t\t\t\t\t<div class=\"elementor-column elementor-col-100 elementor-top-column elementor-element elementor-element-edae1ab\" data-id=\"edae1ab\" data-element_type=\"column\">\n\t\t\t<div class=\"elementor-column-wrap elementor-element-populated\">\n\t\t\t\t\t\t\t<div class=\"elementor-widget-wrap\">\n\t\t\t\t\t\t<div class=\"elementor-element elementor-element-4f3a391 elementor-widget elementor-widget-text-editor\" data-id=\"4f3a391\" data-element_type=\"widget\" data-widget_type=\"text-editor.default\">\n\t\t\t\t<div class=\"elementor-widget-container\">\n\t\t\t\t\t\t\t\t<div class=\"elementor-text-editor elementor-clearfix\">\n\t\t\t\t<p>Er\u00f6ffnung der World Antiquarian Book Plaza im November 2011<\/p>\t\t\t\t\t<\/div>\n\t\t\t\t\t\t<\/div>\n\t\t\t\t<\/div>\n\t\t\t\t\t\t<\/div>\n\t\t\t\t\t<\/div>\n\t\t<\/div>\n\t\t\t\t\t\t\t\t<\/div>\n\t\t\t\t\t<\/div>\n\t\t<\/section>\n\t\t\t\t<section class=\"elementor-section elementor-top-section elementor-element elementor-element-a29b91e elementor-section-boxed elementor-section-height-default elementor-section-height-default\" data-id=\"a29b91e\" data-element_type=\"section\">\n\t\t\t\t\t\t<div class=\"elementor-container elementor-column-gap-default\">\n\t\t\t\t\t\t\t<div class=\"elementor-row\">\n\t\t\t\t\t<div class=\"elementor-column elementor-col-50 elementor-top-column elementor-element elementor-element-607d9f4\" data-id=\"607d9f4\" data-element_type=\"column\">\n\t\t\t<div class=\"elementor-column-wrap elementor-element-populated\">\n\t\t\t\t\t\t\t<div class=\"elementor-widget-wrap\">\n\t\t\t\t\t\t<div class=\"elementor-element elementor-element-322dfd5 elementor-widget elementor-widget-image\" data-id=\"322dfd5\" data-element_type=\"widget\" data-widget_type=\"image.default\">\n\t\t\t\t<div class=\"elementor-widget-container\">\n\t\t\t\t\t\t\t\t<div class=\"elementor-image\">\n\t\t\t\t\t\t\t\t\t\t\t\t<img loading=\"lazy\" decoding=\"async\" width=\"250\" height=\"187\" src=\"https:\/\/antiquariat-steinbach.com\/rarebooks\/wp-content\/uploads\/2021\/02\/BP1.jpg\" class=\"attachment-large size-large\" alt=\"\" \/>\t\t\t\t\t\t\t\t\t\t\t\t\t\t<\/div>\n\t\t\t\t\t\t<\/div>\n\t\t\t\t<\/div>\n\t\t\t\t<div class=\"elementor-element elementor-element-bf3a10e elementor-widget elementor-widget-image\" data-id=\"bf3a10e\" data-element_type=\"widget\" data-widget_type=\"image.default\">\n\t\t\t\t<div class=\"elementor-widget-container\">\n\t\t\t\t\t\t\t\t<div class=\"elementor-image\">\n\t\t\t\t\t\t\t\t\t\t\t\t<img loading=\"lazy\" decoding=\"async\" width=\"250\" height=\"187\" src=\"https:\/\/antiquariat-steinbach.com\/rarebooks\/wp-content\/uploads\/2021\/02\/BP.jpg\" class=\"attachment-large size-large\" alt=\"\" \/>\t\t\t\t\t\t\t\t\t\t\t\t\t\t<\/div>\n\t\t\t\t\t\t<\/div>\n\t\t\t\t<\/div>\n\t\t\t\t<div class=\"elementor-element elementor-element-803ddf7 elementor-widget elementor-widget-image\" data-id=\"803ddf7\" data-element_type=\"widget\" data-widget_type=\"image.default\">\n\t\t\t\t<div class=\"elementor-widget-container\">\n\t\t\t\t\t\t\t\t<div class=\"elementor-image\">\n\t\t\t\t\t\t\t\t\t\t\t\t<img loading=\"lazy\" decoding=\"async\" width=\"250\" height=\"333\" src=\"https:\/\/antiquariat-steinbach.com\/rarebooks\/wp-content\/uploads\/2021\/02\/bp_10.jpg\" class=\"attachment-large size-large\" alt=\"\" srcset=\"https:\/\/antiquariat-steinbach.com\/rarebooks\/wp-content\/uploads\/2021\/02\/bp_10.jpg 250w, https:\/\/antiquariat-steinbach.com\/rarebooks\/wp-content\/uploads\/2021\/02\/bp_10-225x300.jpg 225w\" sizes=\"auto, (max-width: 250px) 100vw, 250px\" \/>\t\t\t\t\t\t\t\t\t\t\t\t\t\t<\/div>\n\t\t\t\t\t\t<\/div>\n\t\t\t\t<\/div>\n\t\t\t\t<div class=\"elementor-element elementor-element-17feaf1 elementor-widget elementor-widget-image\" data-id=\"17feaf1\" data-element_type=\"widget\" data-widget_type=\"image.default\">\n\t\t\t\t<div class=\"elementor-widget-container\">\n\t\t\t\t\t\t\t\t<div class=\"elementor-image\">\n\t\t\t\t\t\t\t\t\t\t\t\t<img loading=\"lazy\" decoding=\"async\" width=\"250\" height=\"187\" src=\"https:\/\/antiquariat-steinbach.com\/rarebooks\/wp-content\/uploads\/2021\/02\/bp_6.jpg\" class=\"attachment-large size-large\" alt=\"\" \/>\t\t\t\t\t\t\t\t\t\t\t\t\t\t<\/div>\n\t\t\t\t\t\t<\/div>\n\t\t\t\t<\/div>\n\t\t\t\t\t\t<\/div>\n\t\t\t\t\t<\/div>\n\t\t<\/div>\n\t\t\t\t<div class=\"elementor-column elementor-col-50 elementor-top-column elementor-element elementor-element-c6f2354\" data-id=\"c6f2354\" data-element_type=\"column\">\n\t\t\t<div class=\"elementor-column-wrap elementor-element-populated\">\n\t\t\t\t\t\t\t<div class=\"elementor-widget-wrap\">\n\t\t\t\t\t\t<div class=\"elementor-element elementor-element-13e6b08 elementor-widget elementor-widget-image\" data-id=\"13e6b08\" data-element_type=\"widget\" data-widget_type=\"image.default\">\n\t\t\t\t<div class=\"elementor-widget-container\">\n\t\t\t\t\t\t\t\t<div class=\"elementor-image\">\n\t\t\t\t\t\t\t\t\t\t\t\t<img loading=\"lazy\" decoding=\"async\" width=\"250\" height=\"187\" src=\"https:\/\/antiquariat-steinbach.com\/rarebooks\/wp-content\/uploads\/2021\/02\/BP4.jpg\" class=\"attachment-large size-large\" alt=\"\" \/>\t\t\t\t\t\t\t\t\t\t\t\t\t\t<\/div>\n\t\t\t\t\t\t<\/div>\n\t\t\t\t<\/div>\n\t\t\t\t<div class=\"elementor-element elementor-element-94174f4 elementor-widget elementor-widget-image\" data-id=\"94174f4\" data-element_type=\"widget\" data-widget_type=\"image.default\">\n\t\t\t\t<div class=\"elementor-widget-container\">\n\t\t\t\t\t\t\t\t<div class=\"elementor-image\">\n\t\t\t\t\t\t\t\t\t\t\t\t<img loading=\"lazy\" decoding=\"async\" width=\"250\" height=\"187\" src=\"https:\/\/antiquariat-steinbach.com\/rarebooks\/wp-content\/uploads\/2021\/02\/bp_8.jpg\" class=\"attachment-large size-large\" alt=\"\" \/>\t\t\t\t\t\t\t\t\t\t\t\t\t\t<\/div>\n\t\t\t\t\t\t<\/div>\n\t\t\t\t<\/div>\n\t\t\t\t<div class=\"elementor-element elementor-element-4800856 elementor-widget elementor-widget-image\" data-id=\"4800856\" data-element_type=\"widget\" data-widget_type=\"image.default\">\n\t\t\t\t<div class=\"elementor-widget-container\">\n\t\t\t\t\t\t\t\t<div class=\"elementor-image\">\n\t\t\t\t\t\t\t\t\t\t\t\t<img loading=\"lazy\" decoding=\"async\" width=\"250\" height=\"333\" src=\"https:\/\/antiquariat-steinbach.com\/rarebooks\/wp-content\/uploads\/2021\/02\/bp_nitta.jpg\" class=\"attachment-large size-large\" alt=\"\" srcset=\"https:\/\/antiquariat-steinbach.com\/rarebooks\/wp-content\/uploads\/2021\/02\/bp_nitta.jpg 250w, https:\/\/antiquariat-steinbach.com\/rarebooks\/wp-content\/uploads\/2021\/02\/bp_nitta-225x300.jpg 225w\" sizes=\"auto, (max-width: 250px) 100vw, 250px\" \/>\t\t\t\t\t\t\t\t\t\t\t\t\t\t<\/div>\n\t\t\t\t\t\t<\/div>\n\t\t\t\t<\/div>\n\t\t\t\t<div class=\"elementor-element elementor-element-6db7d58 elementor-widget elementor-widget-image\" data-id=\"6db7d58\" data-element_type=\"widget\" data-widget_type=\"image.default\">\n\t\t\t\t<div class=\"elementor-widget-container\">\n\t\t\t\t\t\t\t\t<div class=\"elementor-image\">\n\t\t\t\t\t\t\t\t\t\t\t\t<img loading=\"lazy\" decoding=\"async\" width=\"250\" height=\"187\" src=\"https:\/\/antiquariat-steinbach.com\/rarebooks\/wp-content\/uploads\/2021\/02\/bp_7.jpg\" class=\"attachment-large size-large\" alt=\"\" \/>\t\t\t\t\t\t\t\t\t\t\t\t\t\t<\/div>\n\t\t\t\t\t\t<\/div>\n\t\t\t\t<\/div>\n\t\t\t\t\t\t<\/div>\n\t\t\t\t\t<\/div>\n\t\t<\/div>\n\t\t\t\t\t\t\t\t<\/div>\n\t\t\t\t\t<\/div>\n\t\t<\/section>\n\t\t\t\t\t\t\t\t\t<\/div>\n\t\t\t<\/div>\n\t\t\t\t\t<\/div>\n\t\t","protected":false},"excerpt":{"rendered":"<p>Ein gemeinsames Projekt von Michael Steinbach und Yushodo Ltd. Gibt es &#8211; abgesehen von den gro\u00dfen internationalen Antiquariatsmessen &#8211; einen&hellip;<\/p>\n","protected":false},"author":1,"featured_media":0,"parent":0,"menu_order":0,"comment_status":"closed","ping_status":"closed","template":"","meta":{"footnotes":""},"class_list":["post-9450","page","type-page","status-publish","hentry"],"_links":{"self":[{"href":"https:\/\/antiquariat-steinbach.com\/rarebooks\/wp-json\/wp\/v2\/pages\/9450","targetHints":{"allow":["GET"]}}],"collection":[{"href":"https:\/\/antiquariat-steinbach.com\/rarebooks\/wp-json\/wp\/v2\/pages"}],"about":[{"href":"https:\/\/antiquariat-steinbach.com\/rarebooks\/wp-json\/wp\/v2\/types\/page"}],"author":[{"embeddable":true,"href":"https:\/\/antiquariat-steinbach.com\/rarebooks\/wp-json\/wp\/v2\/users\/1"}],"replies":[{"embeddable":true,"href":"https:\/\/antiquariat-steinbach.com\/rarebooks\/wp-json\/wp\/v2\/comments?post=9450"}],"version-history":[{"count":10,"href":"https:\/\/antiquariat-steinbach.com\/rarebooks\/wp-json\/wp\/v2\/pages\/9450\/revisions"}],"predecessor-version":[{"id":9523,"href":"https:\/\/antiquariat-steinbach.com\/rarebooks\/wp-json\/wp\/v2\/pages\/9450\/revisions\/9523"}],"wp:attachment":[{"href":"https:\/\/antiquariat-steinbach.com\/rarebooks\/wp-json\/wp\/v2\/media?parent=9450"}],"curies":[{"name":"wp","href":"https:\/\/api.w.org\/{rel}","templated":true}]}}