{"id":9361,"date":"2021-02-15T14:08:22","date_gmt":"2021-02-15T13:08:22","guid":{"rendered":"http:\/\/antiquariat-steinbach.com\/rarebooks\/?page_id=9361"},"modified":"2025-03-30T11:42:00","modified_gmt":"2025-03-30T09:42:00","slug":"kataloge","status":"publish","type":"page","link":"https:\/\/antiquariat-steinbach.com\/rarebooks\/kataloge\/","title":{"rendered":"Kataloge"},"content":{"rendered":"\t\t<div data-elementor-type=\"wp-page\" data-elementor-id=\"9361\" class=\"elementor elementor-9361\">\n\t\t\t\t\t\t<div class=\"elementor-inner\">\n\t\t\t\t<div class=\"elementor-section-wrap\">\n\t\t\t\t\t\t\t\t\t<section class=\"elementor-section elementor-top-section elementor-element elementor-element-763d4bf elementor-section-boxed elementor-section-height-default elementor-section-height-default\" data-id=\"763d4bf\" data-element_type=\"section\">\n\t\t\t\t\t\t<div class=\"elementor-container elementor-column-gap-default\">\n\t\t\t\t\t\t\t<div class=\"elementor-row\">\n\t\t\t\t\t<div class=\"elementor-column elementor-col-100 elementor-top-column elementor-element elementor-element-2a1785c\" data-id=\"2a1785c\" data-element_type=\"column\">\n\t\t\t<div class=\"elementor-column-wrap elementor-element-populated\">\n\t\t\t\t\t\t\t<div class=\"elementor-widget-wrap\">\n\t\t\t\t\t\t<div class=\"elementor-element elementor-element-9a49a6c elementor-widget elementor-widget-text-editor\" data-id=\"9a49a6c\" data-element_type=\"widget\" data-widget_type=\"text-editor.default\">\n\t\t\t\t<div class=\"elementor-widget-container\">\n\t\t\t\t\t\t\t\t<div class=\"elementor-text-editor elementor-clearfix\">\n\t\t\t\t<p>Der erste Antiquariatskatalog des Buch- und Kunstantiquariats Michael Steinbach erschien 1972. Schon damals lag ein Schwerpunkt auf sch\u00f6nen illustrierten B\u00fcchern und bibliophilen Ausgaben vom Beginn des Buchdrucks bis zum 20. Jahrhundert. Seitdem erscheinen regelm\u00e4\u00dfig Kataloge zu folgenden Spezialgebieten:<\/p><ul><li>Illustrierte B\u00fccher des 15. bis 20 Jahrhunderts<\/li><li>Literatur<\/li><li>Bibliophilie<\/li><li>Kinderb\u00fccher<\/li><li>Curiosa<\/li><li>Jagdliteratur<\/li><li><a href=\"https:\/\/antiquariat-steinbach.com\/rarebooks\/wp-content\/uploads\/2021\/02\/Oesterreichische-Literatur.pdf\">\u00d6sterreichische Literatur<\/a><\/li><\/ul><p>Daneben ver\u00f6ffentlichen wir spezielle Listen mit besonders sch\u00f6nen Angeboten zu bestimmten Themenschwerpunkten von der Wiener Sezession bis zur chinesischen Ornamentik oder zu den zahlreichen internationalen Antiquariatsmessen, auf denen wir allj\u00e4hrlich vertreten sind.<\/p><p>&gt;&gt;&gt; <a href=\"https:\/\/antiquariat-steinbach.com\/rarebooks\/antiquariatsmessen\/\" rel=\"noopener\">Spezielle Angebote<\/a><\/p><p>Gerne senden wir Ihnen unsere Kataloge, Messelisten oder auch spezielle Angebotslisten zu.<\/p><p>&gt;&gt;&gt; <a class=\"mail\" href=\"mailto:Michael.Steinbach@antiquariat-steinbach.com\">E-Mail<\/a><\/p><h3><a href=\"https:\/\/antiquariat-steinbach.com\/rarebooks\/wp-content\/uploads\/2021\/02\/first_catalogue.jpg\"><img loading=\"lazy\" decoding=\"async\" class=\"alignright wp-image-9315 size-medium\" src=\"https:\/\/antiquariat-steinbach.com\/rarebooks\/wp-content\/uploads\/2021\/02\/first_catalogue-214x300.jpg\" alt=\"\" width=\"214\" height=\"300\" srcset=\"https:\/\/antiquariat-steinbach.com\/rarebooks\/wp-content\/uploads\/2021\/02\/first_catalogue-214x300.jpg 214w, https:\/\/antiquariat-steinbach.com\/rarebooks\/wp-content\/uploads\/2021\/02\/first_catalogue.jpg 250w\" sizes=\"auto, (max-width: 214px) 100vw, 214px\" \/><\/a>Jubil\u00e4umskatalog &#8211; 40 Jahre Buch- und Kunstantiquariat Michael Steinbach<\/h3><p>Seit 40 Jahren\u00a0ist das Buch- und Kunstantiquariat Michael Steinbach eines der f\u00fchrenden Antiquariate f\u00fcr wertvolle, au\u00dfergew\u00f6hnliche und bibliophile B\u00fccher und Graphiken aus f\u00fcnf Jahrhunderten. Aus Anlass des Jubil\u00e4ums haben wir einen speziellen Katalog zusammengestellt, den Sie hier als PDF herunterladen k\u00f6nnen!<\/p><p>\u25ca\u00a0\u00a0<a href=\"https:\/\/antiquariat-steinbach.com\/rarebooks\/wp-content\/uploads\/2021\/02\/Catalogue_40th_Anniversary.pdf\">Katalog Download<\/a><\/p>\t\t\t\t\t<\/div>\n\t\t\t\t\t\t<\/div>\n\t\t\t\t<\/div>\n\t\t\t\t\t\t<\/div>\n\t\t\t\t\t<\/div>\n\t\t<\/div>\n\t\t\t\t\t\t\t\t<\/div>\n\t\t\t\t\t<\/div>\n\t\t<\/section>\n\t\t\t\t\t\t\t\t\t<\/div>\n\t\t\t<\/div>\n\t\t\t\t\t<\/div>\n\t\t","protected":false},"excerpt":{"rendered":"<p>Der erste Antiquariatskatalog des Buch- und Kunstantiquariats Michael Steinbach erschien 1972. Schon damals lag ein Schwerpunkt auf sch\u00f6nen illustrierten B\u00fcchern&hellip;<\/p>\n","protected":false},"author":1,"featured_media":0,"parent":0,"menu_order":0,"comment_status":"closed","ping_status":"closed","template":"","meta":{"footnotes":""},"class_list":["post-9361","page","type-page","status-publish","hentry"],"_links":{"self":[{"href":"https:\/\/antiquariat-steinbach.com\/rarebooks\/wp-json\/wp\/v2\/pages\/9361","targetHints":{"allow":["GET"]}}],"collection":[{"href":"https:\/\/antiquariat-steinbach.com\/rarebooks\/wp-json\/wp\/v2\/pages"}],"about":[{"href":"https:\/\/antiquariat-steinbach.com\/rarebooks\/wp-json\/wp\/v2\/types\/page"}],"author":[{"embeddable":true,"href":"https:\/\/antiquariat-steinbach.com\/rarebooks\/wp-json\/wp\/v2\/users\/1"}],"replies":[{"embeddable":true,"href":"https:\/\/antiquariat-steinbach.com\/rarebooks\/wp-json\/wp\/v2\/comments?post=9361"}],"version-history":[{"count":10,"href":"https:\/\/antiquariat-steinbach.com\/rarebooks\/wp-json\/wp\/v2\/pages\/9361\/revisions"}],"predecessor-version":[{"id":26940,"href":"https:\/\/antiquariat-steinbach.com\/rarebooks\/wp-json\/wp\/v2\/pages\/9361\/revisions\/26940"}],"wp:attachment":[{"href":"https:\/\/antiquariat-steinbach.com\/rarebooks\/wp-json\/wp\/v2\/media?parent=9361"}],"curies":[{"name":"wp","href":"https:\/\/api.w.org\/{rel}","templated":true}]}}