{"id":53,"date":"2019-04-18T11:16:34","date_gmt":"2019-04-18T11:16:34","guid":{"rendered":"https:\/\/envothemes.com\/envo-ecommerce\/?page_id=53"},"modified":"2021-02-16T14:57:27","modified_gmt":"2021-02-16T13:57:27","slug":"about-us","status":"publish","type":"page","link":"https:\/\/antiquariat-steinbach.com\/rarebooks\/about-us\/","title":{"rendered":"\u00dcber uns"},"content":{"rendered":"\t\t<div data-elementor-type=\"wp-post\" data-elementor-id=\"53\" class=\"elementor elementor-53\">\n\t\t\t\t\t\t<div class=\"elementor-inner\">\n\t\t\t\t<div class=\"elementor-section-wrap\">\n\t\t\t\t\t\t\t\t\t<section class=\"elementor-section elementor-top-section elementor-element elementor-element-146fa0b elementor-section-boxed elementor-section-height-default elementor-section-height-default\" data-id=\"146fa0b\" data-element_type=\"section\">\n\t\t\t\t\t\t<div class=\"elementor-container elementor-column-gap-default\">\n\t\t\t\t\t\t\t<div class=\"elementor-row\">\n\t\t\t\t\t<div class=\"elementor-column elementor-col-100 elementor-top-column elementor-element elementor-element-8bf3705\" data-id=\"8bf3705\" data-element_type=\"column\">\n\t\t\t<div class=\"elementor-column-wrap elementor-element-populated\">\n\t\t\t\t\t\t\t<div class=\"elementor-widget-wrap\">\n\t\t\t\t\t\t<div class=\"elementor-element elementor-element-14730b4 elementor-widget elementor-widget-heading\" data-id=\"14730b4\" data-element_type=\"widget\" data-widget_type=\"heading.default\">\n\t\t\t\t<div class=\"elementor-widget-container\">\n\t\t\t<h2 class=\"elementor-heading-title elementor-size-default\"><h1>Michael Steinbach: Einmal Wien - M\u00fcnchen und zur\u00fcck <\/h1><\/h2>\t\t<\/div>\n\t\t\t\t<\/div>\n\t\t\t\t\t\t<\/div>\n\t\t\t\t\t<\/div>\n\t\t<\/div>\n\t\t\t\t\t\t\t\t<\/div>\n\t\t\t\t\t<\/div>\n\t\t<\/section>\n\t\t\t\t<section class=\"elementor-section elementor-top-section elementor-element elementor-element-31a97a8 elementor-section-boxed elementor-section-height-default elementor-section-height-default\" data-id=\"31a97a8\" data-element_type=\"section\">\n\t\t\t\t\t\t<div class=\"elementor-container elementor-column-gap-default\">\n\t\t\t\t\t\t\t<div class=\"elementor-row\">\n\t\t\t\t\t<div class=\"elementor-column elementor-col-100 elementor-top-column elementor-element elementor-element-640f57c\" data-id=\"640f57c\" data-element_type=\"column\">\n\t\t\t<div class=\"elementor-column-wrap elementor-element-populated\">\n\t\t\t\t\t\t\t<div class=\"elementor-widget-wrap\">\n\t\t\t\t\t\t<div class=\"elementor-element elementor-element-f5817d4 elementor-widget elementor-widget-text-editor\" data-id=\"f5817d4\" data-element_type=\"widget\" data-widget_type=\"text-editor.default\">\n\t\t\t\t<div class=\"elementor-widget-container\">\n\t\t\t\t\t\t\t\t<div class=\"elementor-text-editor elementor-clearfix\">\n\t\t\t\t<div id=\"attachment_9315\" style=\"width: 260px\" class=\"wp-caption alignright\"><img loading=\"lazy\" decoding=\"async\" aria-describedby=\"caption-attachment-9315\" class=\"wp-image-9315 size-full\" src=\"https:\/\/antiquariat-steinbach.com\/rarebooks\/wp-content\/uploads\/2021\/02\/first_catalogue.jpg\" alt=\"\" width=\"250\" height=\"350\" srcset=\"https:\/\/antiquariat-steinbach.com\/rarebooks\/wp-content\/uploads\/2021\/02\/first_catalogue.jpg 250w, https:\/\/antiquariat-steinbach.com\/rarebooks\/wp-content\/uploads\/2021\/02\/first_catalogue-214x300.jpg 214w\" sizes=\"auto, (max-width: 250px) 100vw, 250px\" \/><p id=\"caption-attachment-9315\" class=\"wp-caption-text\">Der erste Katalog 1972<\/p><\/div><p>In den sp\u00e4ten Zwanzigerjahren er\u00f6ffneten meine Gro\u00dfmutter und ihre Zwillingsschwester eine Buchhandlung mit Leihb\u00fccherei im Wiener 19. Bezirk. Diese Leihb\u00fcchereien, wo man f\u00fcr einen Schilling ein Buch ausleihen, lesen und wieder zur\u00fcckbringen konnte, waren modern w\u00e4hrend der Weltwirtschaftskrise. Viele Menschen liebten das Lesen, konnten es sich aber in der Inflation, bei steigender Arbeitslosigkeit und niedrigsten L\u00f6hnen nicht mehr leisten, die B\u00fccher zu kaufen. Also gingen sie in die Abteilung \u201eLeihb\u00fccherei\u201c in der Buchhandlung meiner Gro\u00dfmutter. Als mein Vater dann in das Gesch\u00e4ft einstieg, gr\u00fcndete er als weitere Abteilung ein Antiquariat. So bin ich umgeben von B\u00fcchern, alten und neuen, aufgewachsen, und es ist kein Wunder, dass sich fr\u00fch der Wunsch regte, sp\u00e4ter selbst Buchh\u00e4ndler oder besser noch Antiquar zu werden. Nach dem Ende der Schule begann ich also eine Ausbildung bei meinem Vater.<\/p><p>1966 fand in Wien der 18. Kongress der International League of Antiquarian Booksellers (ILAB) statt, mein Vater und ich nahmen teil. Vor allem f\u00fcr mich waren das aufregende Tage, denn ich lernte einige der ber\u00fchmtesten Antiquare der damaligen Zeit kennen, unter ihnen Glen Dawson aus Los Angeles. Als dieser unser Haus besuchte, sah ich meine Chance gekommen. Ich fragte, ob ich in Dawson\u2019s Bookshop ein Volontariat machen k\u00f6nne, und Glen Dawson stimmte sogleich zu. Wenige Monate sp\u00e4ter sa\u00df ich im Flugzeug der Icelandic Airlines, flog nach New York, stieg dort in einen Greyhound Bus und fuhr quer durch die Vereinigten Staaten nach Los Angeles. Alle Abenteuer, Erfahrungen und Freundschaften aufzuz\u00e4hlen, die auf jene Jahre zur\u00fcckgehen, w\u00fcrde zuviel werden. Es war eine gro\u00dfartige Zeit, die leider nach anderthalb Jahren ein Ende fand. W\u00e4re ich geblieben, h\u00e4tte mich die US Army eingezogen. Amerika befand sich damals im Krieg mit Vietnam, daran wollte ich auf keinen Fall teilnehmen.<\/p><div id=\"attachment_9325\" style=\"width: 310px\" class=\"wp-caption alignleft\"><img loading=\"lazy\" decoding=\"async\" aria-describedby=\"caption-attachment-9325\" class=\"wp-image-9325 size-full\" src=\"https:\/\/antiquariat-steinbach.com\/rarebooks\/wp-content\/uploads\/2021\/02\/Congress_Cologne_1992.jpg\" alt=\"\" width=\"300\" height=\"199\" \/><p id=\"caption-attachment-9325\" class=\"wp-caption-text\">Farewell Dinner beim ILAB Congress 1992 in K\u00f6ln<\/p><\/div><p>Zur\u00fcck in Wien in den sp\u00e4ten Sechzigerjahren, erschien mir die Welt zu klein. Der Eiserne Vorhang war noch intakt, Wien lag f\u00fcr mich am Ende einer Sackgasse. Durch die Hilfe meines Vaters kam ich nach M\u00fcnchen zu Hartung &amp; Hartung (damals noch Karl &amp; Faber, sp\u00e4ter dann Hartung &amp; Karl). Ich lernte viel von Karl Hartung und schloss Bekanntschaft mit Kollegen wie Helmuth Domizlaff, Rolf Kistner, Dr. Maria Conradt und Dr. Lotte Roth-Woelfle. Auch damals schon wurden zweimal j\u00e4hrlich Auktionen abgehalten. In den Vorbereitungsphasen bearbeitete ich B\u00fccher, die ich sonst wohl niemals zu sehen bekommen h\u00e4tte.<\/p><p>Nach viereinhalb Jahren als Antiquar und 27 Lebensjahren machte ich mich in Eglharting in der N\u00e4he von M\u00fcnchen selbstst\u00e4ndig. Ich hatte eine Reihe von B\u00fcchern gesammelt, genug f\u00fcr einen ersten allgemeinen Katalog, der im Herbst 1972 mit einem gewissen Schwerpunkt auf<br \/>illustrierten B\u00fcchern erschien. Die Reaktionen waren durchweg positiv, rund 75 Prozent des Katalogangebotes wurde verkauft. Doch dann kam die allen Antiquaren wohlbekannte Frage: Woher bekomme ich Material f\u00fcr die n\u00e4chsten Kataloge? Es lief ganz gut, bis die \u00d6lkrise in den Siebzigern sich auf die \u00d6konomie niederschlug. Die Buchverk\u00e4ufe gingen dramatisch zur\u00fcck, viele Antiquare f\u00fcrchteten, ihr Gesch\u00e4ft schlie\u00dfen zu m\u00fcssen. Schlie\u00dflich erholte sich die Wirtschaft, und es ging weiter. Da es zu jener Zeit noch viele antiquarische Ladengesch\u00e4fte in M\u00fcnchen gab, wollte ich die Konkurrenz nicht vergr\u00f6\u00dfern. Also entschloss ich mich, von Beginn an ein Versandantiquariat zu f\u00fchren, regelm\u00e4\u00dfig Kataloge zu ver\u00f6ffentlichen, von zu Hause aus zu arbeiten, so die Kosten niedrig zu halten &#8211; und viel zu reisen. Das war schon immer mein gr\u00f6\u00dftes Vergn\u00fcgen.<\/p><div><div id=\"attachment_9332\" style=\"width: 310px\" class=\"wp-caption alignright\"><img loading=\"lazy\" decoding=\"async\" aria-describedby=\"caption-attachment-9332\" class=\"wp-image-9332 size-full\" src=\"https:\/\/antiquariat-steinbach.com\/rarebooks\/wp-content\/uploads\/2021\/02\/Tokyo_2004.jpg\" alt=\"\" width=\"300\" height=\"211\" \/><p id=\"caption-attachment-9332\" class=\"wp-caption-text\">Feierliche Er\u00f6ffnung der ILAB Messe in Tokyo 2004.<\/p><\/div>Wenig sp\u00e4ter wurde ich Mitglied im Verband Deutscher Antiquare und nahm fortan regelm\u00e4\u00dfig an den ILAB Messen teil. Meine Premiere war die Stuttgarter Antiquariatsmesse, wo ich einen Stand in der N\u00e4he von Fritz Eggert bekam, der mir manchen wertvollen Tipp gab. In den sp\u00e4ten Siebzigern war die Stuttgarter Antiquariatsmesse ein El Dorado. Die Leute kamen, sahen und kauften! Acht Jahre lang war ich dann auch Mitglied im Vorstand des Verbandes, der damals den 31. ILAB Kongress und die 14. ILAB Antiquariatsmesse in K\u00f6ln organisierte. Mit \u00fcber 400 Kongressteilnehmern und 220 Ausstellern war dies die gr\u00f6\u00dfte Messe in der ILAB Geschichte. Nat\u00fcrlich ver\u00f6ffentlichte ich weiterhin Kataloge, allerdings weniger als zuvor, da die Messen f\u00fcr mich immer wichtiger wurden. Mittlerweile stellte ich auch in New York, Los Angeles, San Francisco, Tokio, London und Paris aus. 2000 wurde ich f\u00fcr acht Jahre Mitglied im Komitee der International League of Antiquarian Booksellers (ILAB), von 2006 bis 2008 war ich ILAB Pr\u00e4sident.<\/div><div>\u00a0<\/div><div id=\"attachment_9336\" style=\"width: 310px\" class=\"wp-caption alignleft\"><img loading=\"lazy\" decoding=\"async\" aria-describedby=\"caption-attachment-9336\" class=\"wp-image-9336 size-full\" src=\"https:\/\/antiquariat-steinbach.com\/rarebooks\/wp-content\/uploads\/2021\/02\/Melbourne.jpg\" alt=\"\" width=\"300\" height=\"225\" \/><p id=\"caption-attachment-9336\" class=\"wp-caption-text\">ILAB Kongress in Melbourne 2006.<\/p><\/div><p>W\u00e4hrend all dieser Jahre lie\u00df mich der Gedanke nicht los, irgendwann nach Wien zur\u00fcckzukehren. Aber noch f\u00fchrte mein Vater dort sein Gesch\u00e4ft, und zwei Steinbachs als Antiquare in einer Stadt w\u00e4re sicher keine gute Idee gewesen. Also blieb ich vorerst in M\u00fcnchen und reiste. Ende der Achtziger ging dann mein Vater in den Ruhestand. Durch das Internet und die Globalisierung hat sich die Welt ver\u00e4ndert. Die asiatischen M\u00e4rkte sind immer wichtiger geworden. L\u00e4ngst ist es nicht mehr ausschlaggebend, an welchem Ort der Welt eine Firma beheimatet ist. Was sollte mich demnach daran hindern, von Wien aus meine Kontakte zu pflegen, weitere Reisen vor allem nach Asien zu unternehmen und nach neuen Wegen f\u00fcr den weltweiten Antiquariatsbuchhandel zu suchen?<\/p><p>Der Zufall kam mir zu Hilfe. Ein Freund und Kollege aus Tokio fragte mich, ob ich ihm helfen w\u00fcrde, ein neuartiges Forum f\u00fcr den internationalen Antiquariatsbuchhandel in Japans Hauptstadt aufzubauen. In etwa zur selben Zeit fragte mich ein Wiener Freund und Kollege etwas sp\u00f6ttisch, weil er im Grunde nicht mehr an meine R\u00fcckkehr glaubte: \u201eM\u00f6chtest du immer noch nach Wien zur\u00fcck?\u201c \u201eNat\u00fcrlich\u201c, sagte ich, worauf er wiederum entgegnete: \u201eWir treffen uns morgen gegen 18 Uhr. Ich habe eine Wohnung f\u00fcr dich.\u201c Ich kam, sah die Wohnung und unterschrieb den Mietvertrag.<\/p><p>So kehrte ich nach mehr als 40 Jahren von M\u00fcnchen nach Wien zur\u00fcck.<\/p><p style=\"font-size: 0.7em;\"><i>(Ver\u00f6ffentlicht in der September-Ausgabe von \u201e<a href=\"http:\/\/www.buch-antiquariat.de\/\" target=\"_blank\" rel=\"noopener\">Aus dem Antiquariat<\/a>\u201c, die englische \u00dcbersetzung erschien auf der Website der <a href=\"http:\/\/www.ilab.org\/eng\/booksellers_main_page\/meet_the_ilab_booksellers\/Michael_Steinbach.html\" target=\"_blank\" rel=\"noopener\">International League of Antiquarian Booksellers<\/a>)<\/i><\/p><p>\u00a0<\/p>\t\t\t\t\t<\/div>\n\t\t\t\t\t\t<\/div>\n\t\t\t\t<\/div>\n\t\t\t\t\t\t<\/div>\n\t\t\t\t\t<\/div>\n\t\t<\/div>\n\t\t\t\t\t\t\t\t<\/div>\n\t\t\t\t\t<\/div>\n\t\t<\/section>\n\t\t\t\t<section class=\"elementor-section elementor-top-section elementor-element elementor-element-0ed1850 elementor-section-boxed elementor-section-height-default elementor-section-height-default\" data-id=\"0ed1850\" data-element_type=\"section\">\n\t\t\t\t\t\t<div class=\"elementor-container elementor-column-gap-default\">\n\t\t\t\t\t\t\t<div class=\"elementor-row\">\n\t\t\t\t\t<div class=\"elementor-column elementor-col-50 elementor-top-column elementor-element elementor-element-8e57a89\" data-id=\"8e57a89\" data-element_type=\"column\">\n\t\t\t<div class=\"elementor-column-wrap\">\n\t\t\t\t\t\t\t<div class=\"elementor-widget-wrap\">\n\t\t\t\t\t\t\t\t<\/div>\n\t\t\t\t\t<\/div>\n\t\t<\/div>\n\t\t\t\t<div class=\"elementor-column elementor-col-50 elementor-top-column elementor-element elementor-element-f702eee\" data-id=\"f702eee\" data-element_type=\"column\">\n\t\t\t<div class=\"elementor-column-wrap\">\n\t\t\t\t\t\t\t<div class=\"elementor-widget-wrap\">\n\t\t\t\t\t\t\t\t<\/div>\n\t\t\t\t\t<\/div>\n\t\t<\/div>\n\t\t\t\t\t\t\t\t<\/div>\n\t\t\t\t\t<\/div>\n\t\t<\/section>\n\t\t\t\t\t\t\t\t\t<\/div>\n\t\t\t<\/div>\n\t\t\t\t\t<\/div>\n\t\t","protected":false},"excerpt":{"rendered":"<p>Michael Steinbach: Einmal Wien &#8211; M\u00fcnchen und zur\u00fcck In den sp\u00e4ten Zwanzigerjahren er\u00f6ffneten meine Gro\u00dfmutter und ihre Zwillingsschwester eine Buchhandlung&hellip;<\/p>\n","protected":false},"author":1,"featured_media":0,"parent":0,"menu_order":0,"comment_status":"closed","ping_status":"closed","template":"","meta":{"footnotes":""},"class_list":["post-53","page","type-page","status-publish","hentry"],"_links":{"self":[{"href":"https:\/\/antiquariat-steinbach.com\/rarebooks\/wp-json\/wp\/v2\/pages\/53","targetHints":{"allow":["GET"]}}],"collection":[{"href":"https:\/\/antiquariat-steinbach.com\/rarebooks\/wp-json\/wp\/v2\/pages"}],"about":[{"href":"https:\/\/antiquariat-steinbach.com\/rarebooks\/wp-json\/wp\/v2\/types\/page"}],"author":[{"embeddable":true,"href":"https:\/\/antiquariat-steinbach.com\/rarebooks\/wp-json\/wp\/v2\/users\/1"}],"replies":[{"embeddable":true,"href":"https:\/\/antiquariat-steinbach.com\/rarebooks\/wp-json\/wp\/v2\/comments?post=53"}],"version-history":[{"count":10,"href":"https:\/\/antiquariat-steinbach.com\/rarebooks\/wp-json\/wp\/v2\/pages\/53\/revisions"}],"predecessor-version":[{"id":14185,"href":"https:\/\/antiquariat-steinbach.com\/rarebooks\/wp-json\/wp\/v2\/pages\/53\/revisions\/14185"}],"wp:attachment":[{"href":"https:\/\/antiquariat-steinbach.com\/rarebooks\/wp-json\/wp\/v2\/media?parent=53"}],"curies":[{"name":"wp","href":"https:\/\/api.w.org\/{rel}","templated":true}]}}